{"id":588895,"date":"2025-03-04T22:44:11","date_gmt":"2025-03-04T21:44:11","guid":{"rendered":"https:\/\/shop.kustom.ch\/?post_type=product&#038;p=588895"},"modified":"2026-03-31T08:51:33","modified_gmt":"2026-03-31T07:51:33","slug":"uv-t-shirt-high-vis-3","status":"publish","type":"product","link":"https:\/\/shop.kustom.ch\/fr\/produit\/uv-t-shirt-high-vis-3\/","title":{"rendered":"T-shirt UV haute visibilit\u00e9"},"content":{"rendered":"<p>T-shirt UV \u00e0 manches courtes et d\u00e9collet\u00e9 en V. Des r\u00e9flecteurs souples suivent le mouvement. Tissu tricot\u00e9 l\u00e9ger et structur\u00e9 pour l'a\u00e9ration. Propri\u00e9t\u00e9s de r\u00e9gulation de l'humidit\u00e9 pour une sensation agr\u00e9able et s\u00e8che sur le corps. Certifi\u00e9 EN 471 \/ ISO 20471 classe 2. Le v\u00eatement prot\u00e8ge contre les rayons UV et a un FPS de 40+. Il est dot\u00e9 d'un transfert r\u00e9fl\u00e9chissant. Le t-shirt est certifi\u00e9 EN \u00e0 la fois pour la haute visibilit\u00e9 et les UV.<\/p>\n<p>D\u00c9TAILS : encolure en V. FONCTIONNALIT\u00c9 : Mat\u00e9riaux avec fonctionnalit\u00e9 anti-odeur. PRINCIPALES CARACT\u00c9RISTIQUES : Artisanat. EN ISO 20471. REFLEX : bandes r\u00e9fl\u00e9chissantes de transfert de 50 mm de large. TISSU : pour hommes. Jaune haute visibilit\u00e9. Protection contre les UV. Protection haute visibilit\u00e9. INSTRUCTIONS DE LAVAGE : Nombre de lavages : 50. Ne pas repasser. CERTIFICATION : EN 13758-2 UPF 40 +. Les v\u00eatements de classe 2 et 3 en orange sont conformes \u00e0 la norme RIS-3279-TOM Issue 2.<\/p>\n<p>100% polyester, tricot Birdseye, protection UV, 130g\/m<\/p>","protected":false},"excerpt":{"rendered":"<p>UV T-Shirt mit kurzen \u00c4rmeln und V-Ausschnitt. Weiche Reflektoren folgen der Bewegung. Leichter Strickstoff mit Struktur f\u00fcr die Bel\u00fcftung. Feuchtigkeitsregulierende Eigenschaften f\u00fcr ein angenehmes und trockenes Gef\u00fchl am K\u00f6rper. Zertifiziert nach EN 471 \/ ISO 20471 Klasse 2. Das Kleidungsst\u00fcck sch\u00fctzt vor UV-Strahlen und hat einen LSF von 40+. Der Reflex ist ein Reflextransfer. Das [&hellip;]<\/p>\n","protected":false},"featured_media":588934,"template":"","meta":[],"product_brand":[],"product_cat":[4201],"product_tag":[],"class_list":{"0":"post-588895","1":"product","2":"type-product","3":"status-publish","4":"has-post-thumbnail","6":"product_cat-t-shirts","7":"pa_brand-blaklaeder","8":"pa_brand-type-workwear","9":"pa_filter-color-gelb","10":"pa_filter-color-orange","11":"pa_filter-color-rot","13":"first","14":"instock","15":"sale","16":"taxable","17":"shipping-taxable","18":"purchasable","19":"product-type-variable","20":"add-to-wishlist-before_image"},"exclude_global_add_ons":[],"addons":[],"acf":[],"_links":{"self":[{"href":"https:\/\/shop.kustom.ch\/fr\/wp-json\/wp\/v2\/product\/588895"}],"collection":[{"href":"https:\/\/shop.kustom.ch\/fr\/wp-json\/wp\/v2\/product"}],"about":[{"href":"https:\/\/shop.kustom.ch\/fr\/wp-json\/wp\/v2\/types\/product"}],"wp:featuredmedia":[{"embeddable":true,"href":"https:\/\/shop.kustom.ch\/fr\/wp-json\/wp\/v2\/media\/588934"}],"wp:attachment":[{"href":"https:\/\/shop.kustom.ch\/fr\/wp-json\/wp\/v2\/media?parent=588895"}],"wp:term":[{"taxonomy":"product_brand","embeddable":true,"href":"https:\/\/shop.kustom.ch\/fr\/wp-json\/wp\/v2\/product_brand?post=588895"},{"taxonomy":"product_cat","embeddable":true,"href":"https:\/\/shop.kustom.ch\/fr\/wp-json\/wp\/v2\/product_cat?post=588895"},{"taxonomy":"product_tag","embeddable":true,"href":"https:\/\/shop.kustom.ch\/fr\/wp-json\/wp\/v2\/product_tag?post=588895"}],"curies":[{"name":"wp","href":"https:\/\/api.w.org\/{rel}","templated":true}]}}