{"id":588853,"date":"2025-03-04T22:43:37","date_gmt":"2025-03-04T21:43:37","guid":{"rendered":"https:\/\/shop.kustom.ch\/?post_type=product&#038;p=588853"},"modified":"2026-03-31T08:51:29","modified_gmt":"2026-03-31T07:51:29","slug":"uv-shirt-high-vis-langarm","status":"publish","type":"product","link":"https:\/\/shop.kustom.ch\/fr\/produit\/uv-shirt-high-vis-langarm\/","title":{"rendered":"T-shirt UV haute visibilit\u00e9 manches longues"},"content":{"rendered":"<p>T-shirt High-Vis \u00e0 manches longues avec col en V et bandes r\u00e9fl\u00e9chissantes flexibles dans un nouveau mat\u00e9riau confortable. Ce tissu a la partie en coton \u00e0 l'int\u00e9rieur et la partie en polyester \u00e0 l'ext\u00e9rieur. Cela assure un maximum de confort et garantit l'absence d'odeurs. Certifi\u00e9 selon la norme EN ISO 20471, classe 3, v\u00eatements de protection \u00e0 haute visibilit\u00e9 et EN 13758-2 UPF 40+ protection solaire contre les UV Caract\u00e9ristiques.<\/p>\n<p>DETAILS : encolure en V. FONCTIONNALIT\u00c9 : Coton \u00e0 l'int\u00e9rieur pour un meilleur confort. PRINCIPALES CARACT\u00c9RISTIQUES : Travailleurs de la route et du b\u00e2timent. EN ISO 20471. REFLEX : bandes r\u00e9fl\u00e9chissantes de transfert de 50 mm de large. TISSU : pour hommes. Jaune haute visibilit\u00e9. Protection contre les UV. Protection haute visibilit\u00e9. Lavage industriel EN ISO 15797. CONSEILS DE LAVAGE : Lavage m\u00e9nager X 50. Ne pas nettoyer \u00e0 sec. CERTIFICATION : EN 13758-2 UPF 40 +. EN ISO 20471, XS classe 2, S -&gt; classe 3<\/p>\n<p>55% coton, 45% polyester, tricot polo, 185g\/m<\/p>","protected":false},"excerpt":{"rendered":"<p>Langarm High-Vis T-Shirt mit V-Kragen und flexiblen Reflexstreifen in einem neuen komfortablen Material. Dieser Stoff hat den Baumwoll-Anteil innenliegend und den Polyester-Anteil aussenliegend. Das gew\u00e4hrleistet ein Maximum an Tragekomfort und ist garantiert geruchshemmend. Zertifiziert nach EN ISO 20471, Klasse 3, Schutzkleidung mit hoher Sichtbarkeit und EN 13758-2 UPF 40+ Solar UV-Schutz Eigenschaften. DETAILS: V-Ausschnitt. FUNKTIONALIT\u00c4T: [&hellip;]<\/p>\n","protected":false},"featured_media":588901,"template":"","meta":[],"product_brand":[],"product_cat":[4201],"product_tag":[],"class_list":{"0":"post-588853","1":"product","2":"type-product","3":"status-publish","4":"has-post-thumbnail","6":"product_cat-t-shirts","7":"pa_brand-blaklaeder","8":"pa_brand-type-workwear","9":"pa_filter-color-gelb","10":"pa_filter-color-orange","11":"pa_filter-color-rot","13":"first","14":"instock","15":"sale","16":"taxable","17":"shipping-taxable","18":"purchasable","19":"product-type-variable","20":"add-to-wishlist-before_image"},"exclude_global_add_ons":[],"addons":[],"acf":[],"_links":{"self":[{"href":"https:\/\/shop.kustom.ch\/fr\/wp-json\/wp\/v2\/product\/588853"}],"collection":[{"href":"https:\/\/shop.kustom.ch\/fr\/wp-json\/wp\/v2\/product"}],"about":[{"href":"https:\/\/shop.kustom.ch\/fr\/wp-json\/wp\/v2\/types\/product"}],"wp:featuredmedia":[{"embeddable":true,"href":"https:\/\/shop.kustom.ch\/fr\/wp-json\/wp\/v2\/media\/588901"}],"wp:attachment":[{"href":"https:\/\/shop.kustom.ch\/fr\/wp-json\/wp\/v2\/media?parent=588853"}],"wp:term":[{"taxonomy":"product_brand","embeddable":true,"href":"https:\/\/shop.kustom.ch\/fr\/wp-json\/wp\/v2\/product_brand?post=588853"},{"taxonomy":"product_cat","embeddable":true,"href":"https:\/\/shop.kustom.ch\/fr\/wp-json\/wp\/v2\/product_cat?post=588853"},{"taxonomy":"product_tag","embeddable":true,"href":"https:\/\/shop.kustom.ch\/fr\/wp-json\/wp\/v2\/product_tag?post=588853"}],"curies":[{"name":"wp","href":"https:\/\/api.w.org\/{rel}","templated":true}]}}