{"id":588833,"date":"2025-03-04T22:43:33","date_gmt":"2025-03-04T21:43:33","guid":{"rendered":"https:\/\/shop.kustom.ch\/?post_type=product&#038;p=588833"},"modified":"2026-03-31T08:51:28","modified_gmt":"2026-03-31T07:51:28","slug":"uv-t-shirt-high-vis-2","status":"publish","type":"product","link":"https:\/\/shop.kustom.ch\/fr\/produit\/uv-t-shirt-high-vis-2\/","title":{"rendered":"T-shirt UV haute visibilit\u00e9"},"content":{"rendered":"<p>T-shirt High-Vis \u00e0 manches courtes avec col en V et bandes r\u00e9fl\u00e9chissantes flexibles dans un nouveau mat\u00e9riau confortable. Ce tissu a la part de coton \u00e0 l'int\u00e9rieur et la part de polyester \u00e0 l'ext\u00e9rieur. Cela assure un maximum de confort et garantit l'absence d'odeurs ! De plus, le t-shirt est certifi\u00e9 selon la norme UPF 40+ et offre ainsi une tr\u00e8s haute protection contre les UV, EN471 classe 2 (taille XS - M), classe (taille L - 3XL).<\/p>\n<p>DETAILS : encolure en V. FONCTIONNALIT\u00c9 : Coton \u00e0 l'int\u00e9rieur pour un meilleur confort. CARACTERISTIQUES PRINCIPALES : Conducteur. RIS-3279-TOM . REFLEX : r\u00e9flecteurs sur les \u00e9paules et le corps. TISSU : Hommes. Jaune haute visibilit\u00e9. Protection contre les UV. Protection haute visibilit\u00e9. Lavage industriel EN ISO 15797. INSTRUCTIONS DE LAVAGE : Lavage industriel X 25. PRO : convient au s\u00e9chage en tambour. LAVAGE : lavage industriel EN ISO 15797. CERTIFICATION : EN 13758-2 UPF 40 +. Les v\u00eatements de classe 2 et 3 en orange sont conformes \u00e0 la norme RIS-3279-TOM Issue 2.<\/p>\n<p>55% coton, 45% polyester, tricot polo, 185g\/m<\/p>","protected":false},"excerpt":{"rendered":"<p>Kurzarm High-Vis T-Shirt mit V-Kragen und flexiblen Reflexstreifen in einem neuen komfortablen Material. Dieser Stoff hat den Baumwoll-Anteil innenliegend und den Polyester-Anteil aussenliegend. Das gew\u00e4hrleistet ein Maximum an Tragekomfort und ist garantiert geruchshemmend! Dar\u00fcberhinaus ist das T-Shirt nach UPF 40+ Standard zertifiziert und hat damit einen sehr hohen UV-Schutz Standard, EN471 Klasse 2 (Gr. XS [&hellip;]<\/p>\n","protected":false},"featured_media":588862,"template":"","meta":[],"product_brand":[],"product_cat":[4201],"product_tag":[],"class_list":{"0":"post-588833","1":"product","2":"type-product","3":"status-publish","4":"has-post-thumbnail","6":"product_cat-t-shirts","7":"pa_brand-blaklaeder","8":"pa_brand-type-workwear","9":"pa_filter-color-gelb","10":"pa_filter-color-orange","11":"pa_filter-color-rot","13":"first","14":"instock","15":"sale","16":"taxable","17":"shipping-taxable","18":"purchasable","19":"product-type-variable","20":"add-to-wishlist-before_image"},"exclude_global_add_ons":[],"addons":[],"acf":[],"_links":{"self":[{"href":"https:\/\/shop.kustom.ch\/fr\/wp-json\/wp\/v2\/product\/588833"}],"collection":[{"href":"https:\/\/shop.kustom.ch\/fr\/wp-json\/wp\/v2\/product"}],"about":[{"href":"https:\/\/shop.kustom.ch\/fr\/wp-json\/wp\/v2\/types\/product"}],"wp:featuredmedia":[{"embeddable":true,"href":"https:\/\/shop.kustom.ch\/fr\/wp-json\/wp\/v2\/media\/588862"}],"wp:attachment":[{"href":"https:\/\/shop.kustom.ch\/fr\/wp-json\/wp\/v2\/media?parent=588833"}],"wp:term":[{"taxonomy":"product_brand","embeddable":true,"href":"https:\/\/shop.kustom.ch\/fr\/wp-json\/wp\/v2\/product_brand?post=588833"},{"taxonomy":"product_cat","embeddable":true,"href":"https:\/\/shop.kustom.ch\/fr\/wp-json\/wp\/v2\/product_cat?post=588833"},{"taxonomy":"product_tag","embeddable":true,"href":"https:\/\/shop.kustom.ch\/fr\/wp-json\/wp\/v2\/product_tag?post=588833"}],"curies":[{"name":"wp","href":"https:\/\/api.w.org\/{rel}","templated":true}]}}