{"id":588650,"date":"2025-03-04T22:40:44","date_gmt":"2025-03-04T21:40:44","guid":{"rendered":"https:\/\/shop.kustom.ch\/?post_type=product&#038;p=588650"},"modified":"2026-03-31T08:51:11","modified_gmt":"2026-03-31T07:51:11","slug":"damen-sweaterjacke","status":"publish","type":"product","link":"https:\/\/shop.kustom.ch\/fr\/produit\/damen-sweaterjacke\/","title":{"rendered":"Veste de sweat pour femme"},"content":{"rendered":"<p>Sweat doux et confortable avec un col haut. Le sweat a une fermeture \u00e9clair en plastique et des poignets c\u00f4tel\u00e9s. Mod\u00e8le classique pour femmes avec coupe normale.<\/p>\n<p>FERMETURE : Finition des manches avec poignets. D\u00c9TAILS : col montant. FERMETURE FRONTALE : Fermeture \u00e0 glissi\u00e8re en plastique. FONCTIONNALIT\u00c9 : Taille femme. CARACTERISTIQUES PRINCIPALES : Jardinier. Disponible pour les femmes et les hommes. TISSU : Disponible pour femmes et hommes. bleu. profil. POCHES : Poches avant avec fermetures \u00e0 glissi\u00e8re. INSTRUCTIONS DE LAVAGE : Ne pas blanchir.<\/p>\n<p>100% Coton, French Terry, 320 g\/m<\/p>","protected":false},"excerpt":{"rendered":"<p>Weiche und komfortable Sweatjacke mit hohem Kragen. Der Sweater hat einen Plastikreissverschluss und gerippte \u00c4rmelb\u00fcndchen. Klassisches Damen-Modell mit normalen Schnitt. ABSCHLUSS: Armabschluss mit B\u00fcndchen. DETAILS: Stehkragen. FRONTVERSCHLUSS: Reissverschluss aus Kunststoff. FUNKTIONALIT\u00c4T: Damengr\u00f6sse. HAUPTEIGENSCHAFTEN: Gartenarbeiter. Erh\u00e4ltlich f\u00fcr Damen und Herren. STOFF: Erh\u00e4ltlich f\u00fcr Damen und Herren. blau. Profil. TASCHEN: Vordertaschen mit Reissverschl\u00fcssen. WASCHANLEITUNG: Nicht bleichen 100% [&hellip;]<\/p>\n","protected":false},"featured_media":588713,"template":"","meta":[],"product_brand":[],"product_cat":[4184],"product_tag":[],"class_list":{"0":"post-588650","1":"product","2":"type-product","3":"status-publish","4":"has-post-thumbnail","6":"product_cat-hoodies-pullover","7":"pa_brand-blaklaeder","8":"pa_brand-type-workwear","9":"pa_filter-color-blau","10":"pa_filter-color-grau","11":"pa_filter-color-schwarz","13":"first","14":"instock","15":"sale","16":"taxable","17":"shipping-taxable","18":"purchasable","19":"product-type-variable","20":"add-to-wishlist-before_image"},"exclude_global_add_ons":[],"addons":[],"acf":[],"_links":{"self":[{"href":"https:\/\/shop.kustom.ch\/fr\/wp-json\/wp\/v2\/product\/588650"}],"collection":[{"href":"https:\/\/shop.kustom.ch\/fr\/wp-json\/wp\/v2\/product"}],"about":[{"href":"https:\/\/shop.kustom.ch\/fr\/wp-json\/wp\/v2\/types\/product"}],"wp:featuredmedia":[{"embeddable":true,"href":"https:\/\/shop.kustom.ch\/fr\/wp-json\/wp\/v2\/media\/588713"}],"wp:attachment":[{"href":"https:\/\/shop.kustom.ch\/fr\/wp-json\/wp\/v2\/media?parent=588650"}],"wp:term":[{"taxonomy":"product_brand","embeddable":true,"href":"https:\/\/shop.kustom.ch\/fr\/wp-json\/wp\/v2\/product_brand?post=588650"},{"taxonomy":"product_cat","embeddable":true,"href":"https:\/\/shop.kustom.ch\/fr\/wp-json\/wp\/v2\/product_cat?post=588650"},{"taxonomy":"product_tag","embeddable":true,"href":"https:\/\/shop.kustom.ch\/fr\/wp-json\/wp\/v2\/product_tag?post=588650"}],"curies":[{"name":"wp","href":"https:\/\/api.w.org\/{rel}","templated":true}]}}