{"id":588585,"date":"2025-03-04T22:40:06","date_gmt":"2025-03-04T21:40:06","guid":{"rendered":"https:\/\/shop.kustom.ch\/?post_type=product&#038;p=588585"},"modified":"2026-03-31T08:51:10","modified_gmt":"2026-03-31T07:51:10","slug":"sweaterjacke","status":"publish","type":"product","link":"https:\/\/shop.kustom.ch\/fr\/produit\/sweaterjacke\/","title":{"rendered":"Veste de sweat"},"content":{"rendered":"<p>Sweat doux et confortable avec un col haut. Le sweat est dot\u00e9 d'une fermeture \u00e0 glissi\u00e8re en plastique et de poignets c\u00f4tel\u00e9s. Mod\u00e8le classique avec coupe normale.<\/p>\n<p>FERMETURE : Finition des manches avec poignets. D\u00c9TAILS : col montant. FERMETURE FRONTALE : Fermeture \u00e0 glissi\u00e8re en mati\u00e8re synth\u00e9tique. CARACTERISTIQUES PRINCIPALES : P\u00eacheur. Disponible pour femmes et hommes. TISSU : Disponible pour femmes et hommes. rouge. profil. POCHES : Poches avant avec fermetures \u00e0 glissi\u00e8re. INSTRUCTIONS DE LAVAGE : repassage - moyen<\/p>\n<p>100% Coton, French Terry, 320 g\/m<\/p>","protected":false},"excerpt":{"rendered":"<p>Weiche und komfortable Sweatjacke mit hohem Kragen. Der Sweater hat einen Kunststoffreissverschluss und gerippte \u00c4rmelb\u00fcndchen. Klassisches Modell mit normalen Schnitt. ABSCHLUSS: Armabschluss mit B\u00fcndchen. DETAILS: Stehkragen. FRONTVERSCHLUSS: Reissverschluss aus Kunststoff. HAUPTEIGENSCHAFTEN: Fischer. Erh\u00e4ltlich f\u00fcr Damen und Herren. STOFF: Erh\u00e4ltlich f\u00fcr Damen und Herren. rot. Profil. TASCHEN: Vordertaschen mit Reissverschl\u00fcssen. WASCHANLEITUNG: B\u00fcgeln &#8211; mittel 100% Baumwolle, [&hellip;]<\/p>\n","protected":false},"featured_media":588628,"template":"","meta":[],"product_brand":[],"product_cat":[4184],"product_tag":[],"class_list":{"0":"post-588585","1":"product","2":"type-product","3":"status-publish","4":"has-post-thumbnail","6":"product_cat-hoodies-pullover","7":"pa_brand-blaklaeder","8":"pa_brand-type-workwear","9":"pa_filter-color-blau","10":"pa_filter-color-grau","11":"pa_filter-color-rot","12":"pa_filter-color-schwarz","14":"first","15":"instock","16":"sale","17":"taxable","18":"shipping-taxable","19":"purchasable","20":"product-type-variable","21":"add-to-wishlist-before_image"},"exclude_global_add_ons":[],"addons":[],"acf":[],"_links":{"self":[{"href":"https:\/\/shop.kustom.ch\/fr\/wp-json\/wp\/v2\/product\/588585"}],"collection":[{"href":"https:\/\/shop.kustom.ch\/fr\/wp-json\/wp\/v2\/product"}],"about":[{"href":"https:\/\/shop.kustom.ch\/fr\/wp-json\/wp\/v2\/types\/product"}],"wp:featuredmedia":[{"embeddable":true,"href":"https:\/\/shop.kustom.ch\/fr\/wp-json\/wp\/v2\/media\/588628"}],"wp:attachment":[{"href":"https:\/\/shop.kustom.ch\/fr\/wp-json\/wp\/v2\/media?parent=588585"}],"wp:term":[{"taxonomy":"product_brand","embeddable":true,"href":"https:\/\/shop.kustom.ch\/fr\/wp-json\/wp\/v2\/product_brand?post=588585"},{"taxonomy":"product_cat","embeddable":true,"href":"https:\/\/shop.kustom.ch\/fr\/wp-json\/wp\/v2\/product_cat?post=588585"},{"taxonomy":"product_tag","embeddable":true,"href":"https:\/\/shop.kustom.ch\/fr\/wp-json\/wp\/v2\/product_tag?post=588585"}],"curies":[{"name":"wp","href":"https:\/\/api.w.org\/{rel}","templated":true}]}}