{"id":588496,"date":"2025-03-04T22:38:48","date_gmt":"2025-03-04T21:38:48","guid":{"rendered":"https:\/\/shop.kustom.ch\/?post_type=product&#038;p=588496"},"modified":"2026-03-31T08:51:00","modified_gmt":"2026-03-31T07:51:00","slug":"sweatshirt-mit-kapuze-und-reissverschluss","status":"publish","type":"product","link":"https:\/\/shop.kustom.ch\/fr\/produit\/sweatshirt-mit-kapuze-und-reissverschluss\/","title":{"rendered":"Sweat-shirt avec capuche et fermeture \u00e9clair"},"content":{"rendered":"<p>Sweat-shirt en mati\u00e8re douce et durable. Un v\u00eatement \u00e9l\u00e9gant avec capuche et fermeture \u00e0 glissi\u00e8re en jersey avec int\u00e9rieur gratt\u00e9.<\/p>\n<p>FERMETURE : Poignets avec poignets. D\u00c9TAILS : Capuche fixe et r\u00e9glable. FERMETURE FRONTALE : Fermeture \u00e0 glissi\u00e8re. CARACTERISTIQUES PRINCIPALES : Constructeur de b\u00e9ton. Homme. TISSU : Hommes. Bleu. Profil. POCHES : Poches lat\u00e9rales. INSTRUCTIONS DE LAVAGE : Ne pas blanchir.<\/p>\n<p>80% coton, 20% polyester, int\u00e9rieur en \u00e9ponge tricot\u00e9e bross\u00e9e, 360g\/m<\/p>","protected":false},"excerpt":{"rendered":"<p>Sweatshirt aus weichem und haltbaren Material. Ein elegantes Kleidungsst\u00fcck mit Kapuze und Reissverschluss aus Jersey mit aufgerauter Innenseite. ABSCHLUSS: Armabschluss mit B\u00fcndchen. DETAILS: Feste, verstellbare Kapuze. FRONTVERSCHLUSS: Reissverschluss. HAUPTEIGENSCHAFTEN: Betonbauer. Herren. STOFF: Herren. blau. Profil. TASCHEN: Seitentaschen. WASCHANLEITUNG: Nicht bleichen 80% Baumwolle, 20% Polyester, Strickfrottee innen aufgeb\u00fcrstet, 360g\/m\u00b2<\/p>","protected":false},"featured_media":588519,"template":"","meta":[],"product_brand":[],"product_cat":[4184],"product_tag":[],"class_list":{"0":"post-588496","1":"product","2":"type-product","3":"status-publish","4":"has-post-thumbnail","6":"product_cat-hoodies-pullover","7":"pa_brand-blaklaeder","8":"pa_brand-type-workwear","9":"pa_filter-color-blau","10":"pa_filter-color-grau","11":"pa_filter-color-schwarz","13":"first","14":"instock","15":"sale","16":"taxable","17":"shipping-taxable","18":"purchasable","19":"product-type-variable","20":"add-to-wishlist-before_image"},"exclude_global_add_ons":[],"addons":[],"acf":[],"_links":{"self":[{"href":"https:\/\/shop.kustom.ch\/fr\/wp-json\/wp\/v2\/product\/588496"}],"collection":[{"href":"https:\/\/shop.kustom.ch\/fr\/wp-json\/wp\/v2\/product"}],"about":[{"href":"https:\/\/shop.kustom.ch\/fr\/wp-json\/wp\/v2\/types\/product"}],"wp:featuredmedia":[{"embeddable":true,"href":"https:\/\/shop.kustom.ch\/fr\/wp-json\/wp\/v2\/media\/588519"}],"wp:attachment":[{"href":"https:\/\/shop.kustom.ch\/fr\/wp-json\/wp\/v2\/media?parent=588496"}],"wp:term":[{"taxonomy":"product_brand","embeddable":true,"href":"https:\/\/shop.kustom.ch\/fr\/wp-json\/wp\/v2\/product_brand?post=588496"},{"taxonomy":"product_cat","embeddable":true,"href":"https:\/\/shop.kustom.ch\/fr\/wp-json\/wp\/v2\/product_cat?post=588496"},{"taxonomy":"product_tag","embeddable":true,"href":"https:\/\/shop.kustom.ch\/fr\/wp-json\/wp\/v2\/product_tag?post=588496"}],"curies":[{"name":"wp","href":"https:\/\/api.w.org\/{rel}","templated":true}]}}