{"id":588470,"date":"2025-03-04T22:38:20","date_gmt":"2025-03-04T21:38:20","guid":{"rendered":"https:\/\/shop.kustom.ch\/?post_type=product&#038;p=588470"},"modified":"2026-03-31T08:50:56","modified_gmt":"2026-03-31T07:50:56","slug":"sweater-mit-kragen","status":"publish","type":"product","link":"https:\/\/shop.kustom.ch\/fr\/produit\/sweater-mit-kragen\/","title":{"rendered":"Sweat \u00e0 col"},"content":{"rendered":"<p>Ce sweat-shirt \u00e0 manches longues avec une coupe classique et une fermeture \u00e9clair au cou est un must-have de la garde-robe. En tissu jersey confortable avec int\u00e9rieur bross\u00e9.<\/p>\n<p>FERMETURE : Finition des manches avec poignets. D\u00c9TAILS : Col c\u00f4tel\u00e9 avec fermeture \u00e0 glissi\u00e8re. CARACTERISTIQUES PRINCIPALES : Couvreur. Homme. TISSU : Hommes. Bleu. profil. CONDITIONS DE LAVAGE : S\u00e8che-linge - bas<\/p>\n<p>80% coton, 20% polyester, int\u00e9rieur en \u00e9ponge tricot\u00e9e bross\u00e9e, 360g\/m<\/p>","protected":false},"excerpt":{"rendered":"<p>Das lang\u00e4rmelige Sweatshirt mit klassischer Passform und Reissverschluss am Hals ist ein Must-Have f\u00fcr den Kleiderschrank. Aus bequemem Jersey-Stoff mit geb\u00fcrsteter Innenseite. ABSCHLUSS: Armabschluss mit B\u00fcndchen. DETAILS: Gerippter Kragen mit Reissverschluss. HAUPTEIGENSCHAFTEN: Dachdecker. Herren. STOFF: Herren. blau. Profil. WASCHANLEITUNG: W\u00e4schetrockner &#8211; niedrig 80% Baumwolle, 20% Polyester, Strickfrottee innen aufgeb\u00fcrstet, 360g\/m\u00b2<\/p>","protected":false},"featured_media":588516,"template":"","meta":[],"product_brand":[],"product_cat":[4184],"product_tag":[],"class_list":{"0":"post-588470","1":"product","2":"type-product","3":"status-publish","4":"has-post-thumbnail","6":"product_cat-hoodies-pullover","7":"pa_brand-blaklaeder","8":"pa_brand-type-workwear","9":"pa_filter-color-blau","10":"pa_filter-color-grau","11":"pa_filter-color-schwarz","13":"first","14":"instock","15":"sale","16":"taxable","17":"shipping-taxable","18":"purchasable","19":"product-type-variable","20":"add-to-wishlist-before_image"},"exclude_global_add_ons":[],"addons":[],"acf":[],"_links":{"self":[{"href":"https:\/\/shop.kustom.ch\/fr\/wp-json\/wp\/v2\/product\/588470"}],"collection":[{"href":"https:\/\/shop.kustom.ch\/fr\/wp-json\/wp\/v2\/product"}],"about":[{"href":"https:\/\/shop.kustom.ch\/fr\/wp-json\/wp\/v2\/types\/product"}],"wp:featuredmedia":[{"embeddable":true,"href":"https:\/\/shop.kustom.ch\/fr\/wp-json\/wp\/v2\/media\/588516"}],"wp:attachment":[{"href":"https:\/\/shop.kustom.ch\/fr\/wp-json\/wp\/v2\/media?parent=588470"}],"wp:term":[{"taxonomy":"product_brand","embeddable":true,"href":"https:\/\/shop.kustom.ch\/fr\/wp-json\/wp\/v2\/product_brand?post=588470"},{"taxonomy":"product_cat","embeddable":true,"href":"https:\/\/shop.kustom.ch\/fr\/wp-json\/wp\/v2\/product_cat?post=588470"},{"taxonomy":"product_tag","embeddable":true,"href":"https:\/\/shop.kustom.ch\/fr\/wp-json\/wp\/v2\/product_tag?post=588470"}],"curies":[{"name":"wp","href":"https:\/\/api.w.org\/{rel}","templated":true}]}}