{"id":588424,"date":"2025-03-04T22:37:45","date_gmt":"2025-03-04T21:37:45","guid":{"rendered":"https:\/\/shop.kustom.ch\/?post_type=product&#038;p=588424"},"modified":"2026-03-31T08:50:55","modified_gmt":"2026-03-31T07:50:55","slug":"sweatshirt-3","status":"publish","type":"product","link":"https:\/\/shop.kustom.ch\/fr\/produit\/sweatshirt-3\/","title":{"rendered":"Sweat-shirt"},"content":{"rendered":"<p>Ce sweat-shirt \u00e0 manches longues \u00e0 la coupe classique et au col rond est un must-have de la garde-robe. Confectionn\u00e9 dans un tissu jersey confortable avec int\u00e9rieur bross\u00e9.<\/p>\n<p>FERMETURE : Finition des manches avec poignets. D\u00c9TAILS : col c\u00f4tel\u00e9. CARACTERISTIQUES PRINCIPALES : Constructeur de b\u00e9ton. Homme. TISSU : Hommes. Bleu. profil. INSTRUCTIONS DE LAVAGE : Nettoyage \u00e0 sec - normal P<\/p>\n<p>80% coton, 20% polyester, int\u00e9rieur en \u00e9ponge tricot\u00e9e bross\u00e9e, 360g\/m<\/p>","protected":false},"excerpt":{"rendered":"<p>Das lang\u00e4rmelige Sweatshirt mit klassischer Passform und Rundhalsausschnitt ist ein Must-have f\u00fcr den Kleiderschrank. Aus bequemem Jersey-Stoff mit geb\u00fcrsteter Innenseite. ABSCHLUSS: Armabschluss mit B\u00fcndchen. DETAILS: Gerippter Halsbund. HAUPTEIGENSCHAFTEN: Betonbauer. Herren. STOFF: Herren. blau. Profil. WASCHANLEITUNG: Chemische Reinigung &#8211; normal P 80% Baumwolle, 20% Polyester, Strickfrottee innen aufgeb\u00fcrstet, 360g\/m\u00b2<\/p>","protected":false},"featured_media":588481,"template":"","meta":[],"product_brand":[],"product_cat":[4184],"product_tag":[],"class_list":{"0":"post-588424","1":"product","2":"type-product","3":"status-publish","4":"has-post-thumbnail","6":"product_cat-hoodies-pullover","7":"pa_brand-blaklaeder","8":"pa_brand-type-workwear","9":"pa_filter-color-blau","10":"pa_filter-color-grau","11":"pa_filter-color-schwarz","13":"first","14":"instock","15":"sale","16":"taxable","17":"shipping-taxable","18":"purchasable","19":"product-type-variable","20":"add-to-wishlist-before_image"},"exclude_global_add_ons":[],"addons":[],"acf":[],"_links":{"self":[{"href":"https:\/\/shop.kustom.ch\/fr\/wp-json\/wp\/v2\/product\/588424"}],"collection":[{"href":"https:\/\/shop.kustom.ch\/fr\/wp-json\/wp\/v2\/product"}],"about":[{"href":"https:\/\/shop.kustom.ch\/fr\/wp-json\/wp\/v2\/types\/product"}],"wp:featuredmedia":[{"embeddable":true,"href":"https:\/\/shop.kustom.ch\/fr\/wp-json\/wp\/v2\/media\/588481"}],"wp:attachment":[{"href":"https:\/\/shop.kustom.ch\/fr\/wp-json\/wp\/v2\/media?parent=588424"}],"wp:term":[{"taxonomy":"product_brand","embeddable":true,"href":"https:\/\/shop.kustom.ch\/fr\/wp-json\/wp\/v2\/product_brand?post=588424"},{"taxonomy":"product_cat","embeddable":true,"href":"https:\/\/shop.kustom.ch\/fr\/wp-json\/wp\/v2\/product_cat?post=588424"},{"taxonomy":"product_tag","embeddable":true,"href":"https:\/\/shop.kustom.ch\/fr\/wp-json\/wp\/v2\/product_tag?post=588424"}],"curies":[{"name":"wp","href":"https:\/\/api.w.org\/{rel}","templated":true}]}}