{"id":588308,"date":"2025-03-04T22:36:05","date_gmt":"2025-03-04T21:36:05","guid":{"rendered":"https:\/\/shop.kustom.ch\/?post_type=product&#038;p=588308"},"modified":"2026-03-31T08:50:46","modified_gmt":"2026-03-31T07:50:46","slug":"sweatjacke-mit-reissverschluss","status":"publish","type":"product","link":"https:\/\/shop.kustom.ch\/fr\/produit\/sweatjacke-mit-reissverschluss\/","title":{"rendered":"Veste sweat avec fermeture \u00e9clair"},"content":{"rendered":"<p>Veste sweat confortable avec une doublure douce et gratt\u00e9e, un col haut et deux poches lat\u00e9rales. Poche pratique pour t\u00e9l\u00e9phone portable avec fermeture \u00e9clair.<\/p>\n<p>FERMETURE : Poignets avec \u00e9lastique. D\u00c9TAILS : col haut avec fermeture \u00e0 glissi\u00e8re. FERMETURE FRONTALE : Patte \u00e0 vent \u00e0 l'int\u00e9rieur. CARACTERISTIQUES PRINCIPALES : Artisan. Disponible pour femmes et hommes. TISSU : Hommes. Unite. POCHE : poche kangourou avec poche int\u00e9rieure pour t\u00e9l\u00e9phone portable. INSTRUCTIONS DE LAVAGE : 40\u00b0 C<\/p>\n<p>100% Polyester, molleton piqu\u00e9, bross\u00e9 d'un c\u00f4t\u00e9, 260 g\/m<\/p>","protected":false},"excerpt":{"rendered":"<p>Gem\u00fctliche Sweatjacke mit weichem, aufgerauten Innenfutter, hohem Kragen und zwei Seitentaschen. Praktische Handytasche mit Reissverschluss. ABSCHLUSS: \u00c4rmelb\u00fcndchen mit Gummizug. DETAILS: Hoher Kragen mit Reissverschluss. FRONTVERSCHLUSS: Windleiste innen. HAUPTEIGENSCHAFTEN: Handwerker. Erh\u00e4ltlich f\u00fcr Damen und Herren. STOFF: Herren. Unite. TASCHEN: K\u00e4ngurutasche mit Handy-Innentasche. WASCHANLEITUNG: 40\u00b0 C 100% Polyester, Pikee Fleece, einseitig aufgeb\u00fcrstet, 260 g\/m\u00b2<\/p>","protected":false},"featured_media":588364,"template":"","meta":[],"product_brand":[],"product_cat":[4184],"product_tag":[],"class_list":{"0":"post-588308","1":"product","2":"type-product","3":"status-publish","4":"has-post-thumbnail","6":"product_cat-hoodies-pullover","7":"pa_brand-blaklaeder","8":"pa_brand-type-workwear","9":"pa_filter-color-blau","10":"pa_filter-color-gelb","12":"first","13":"instock","14":"sale","15":"taxable","16":"shipping-taxable","17":"purchasable","18":"product-type-variable","19":"add-to-wishlist-before_image"},"exclude_global_add_ons":[],"addons":[],"acf":[],"_links":{"self":[{"href":"https:\/\/shop.kustom.ch\/fr\/wp-json\/wp\/v2\/product\/588308"}],"collection":[{"href":"https:\/\/shop.kustom.ch\/fr\/wp-json\/wp\/v2\/product"}],"about":[{"href":"https:\/\/shop.kustom.ch\/fr\/wp-json\/wp\/v2\/types\/product"}],"wp:featuredmedia":[{"embeddable":true,"href":"https:\/\/shop.kustom.ch\/fr\/wp-json\/wp\/v2\/media\/588364"}],"wp:attachment":[{"href":"https:\/\/shop.kustom.ch\/fr\/wp-json\/wp\/v2\/media?parent=588308"}],"wp:term":[{"taxonomy":"product_brand","embeddable":true,"href":"https:\/\/shop.kustom.ch\/fr\/wp-json\/wp\/v2\/product_brand?post=588308"},{"taxonomy":"product_cat","embeddable":true,"href":"https:\/\/shop.kustom.ch\/fr\/wp-json\/wp\/v2\/product_cat?post=588308"},{"taxonomy":"product_tag","embeddable":true,"href":"https:\/\/shop.kustom.ch\/fr\/wp-json\/wp\/v2\/product_tag?post=588308"}],"curies":[{"name":"wp","href":"https:\/\/api.w.org\/{rel}","templated":true}]}}