{"id":588199,"date":"2025-03-04T22:34:46","date_gmt":"2025-03-04T21:34:46","guid":{"rendered":"https:\/\/shop.kustom.ch\/?post_type=product&#038;p=588199"},"modified":"2026-03-31T08:50:36","modified_gmt":"2026-03-31T07:50:36","slug":"high-vis-sweater","status":"publish","type":"product","link":"https:\/\/shop.kustom.ch\/fr\/produit\/high-vis-sweater\/","title":{"rendered":"Sweat haute visibilit\u00e9"},"content":{"rendered":"<p>Sweat haute visibilit\u00e9 doux et confortable avec bandes r\u00e9fl\u00e9chissantes discontinues pour une libert\u00e9 de mouvement et une respirabilit\u00e9 optimales. La couleur contrast\u00e9e est en 100 % coton et la zone de haute visibilit\u00e9 est en 100 % polyester. Col rond, poignet tricot\u00e9 et poignets pour un meilleur confort. Certifi\u00e9 selon la norme EN ISO 20471, classe 1.<\/p>\n<p>FERMETURE : Finition des manches avec poignets. D\u00c9TAILS : imprim\u00e9 Bl\u00e5kl\u00e4der sur l'\u00e9paule. Col rond. Coutures renforc\u00e9es au cou. CARACTERISTIQUES PRINCIPALES : Conducteur. Hommes . EN ISO 20471. REFLEX : bandes r\u00e9fl\u00e9chissantes de transfert de 50 mm de large. TISSU : Hommes. Bleu. Transport. Coton 100%. INSTRUCTIONS DE LAVAGE : Nombre de lavages : 25. 40\u00b0 C. CERTIFICATION : EN ISO 20471, classe 1<\/p>\n<p>100% Coton, French Terry, 320 g\/m<\/p>","protected":false},"excerpt":{"rendered":"<p>Weicher und komfortabler High Vis Sweater mit unterbrochenen Reflexstreifen f\u00fcr optimale Bewegungsfreiheit und Atmungsaktivit\u00e4t. Die Kontrastfarbe besteht aus 100 % Baumwolle und der Warnschutzbereich besteht aus 100 % Polyester. Rundhalskragen, Strickbund und B\u00fcndchen f\u00fcr besseren Komfort. Zertifiziert nach EN ISO 20471, Klasse 1. ABSCHLUSS: Armabschluss mit B\u00fcndchen. DETAILS: Bl\u00e5kl\u00e4der-Aufdruck an der Schulter. Rundhals. Verst\u00e4rkte Halsn\u00e4hte. [&hellip;]<\/p>\n","protected":false},"featured_media":588223,"template":"","meta":[],"product_brand":[],"product_cat":[4184],"product_tag":[],"class_list":{"0":"post-588199","1":"product","2":"type-product","3":"status-publish","4":"has-post-thumbnail","6":"product_cat-hoodies-pullover","7":"pa_brand-blaklaeder","8":"pa_brand-type-workwear","9":"pa_filter-color-blau","10":"pa_filter-color-gelb","11":"pa_filter-color-grau","12":"pa_filter-color-orange","13":"pa_filter-color-rot","14":"pa_filter-color-schwarz","16":"first","17":"instock","18":"sale","19":"taxable","20":"shipping-taxable","21":"purchasable","22":"product-type-variable","23":"add-to-wishlist-before_image"},"exclude_global_add_ons":[],"addons":[],"acf":[],"_links":{"self":[{"href":"https:\/\/shop.kustom.ch\/fr\/wp-json\/wp\/v2\/product\/588199"}],"collection":[{"href":"https:\/\/shop.kustom.ch\/fr\/wp-json\/wp\/v2\/product"}],"about":[{"href":"https:\/\/shop.kustom.ch\/fr\/wp-json\/wp\/v2\/types\/product"}],"wp:featuredmedia":[{"embeddable":true,"href":"https:\/\/shop.kustom.ch\/fr\/wp-json\/wp\/v2\/media\/588223"}],"wp:attachment":[{"href":"https:\/\/shop.kustom.ch\/fr\/wp-json\/wp\/v2\/media?parent=588199"}],"wp:term":[{"taxonomy":"product_brand","embeddable":true,"href":"https:\/\/shop.kustom.ch\/fr\/wp-json\/wp\/v2\/product_brand?post=588199"},{"taxonomy":"product_cat","embeddable":true,"href":"https:\/\/shop.kustom.ch\/fr\/wp-json\/wp\/v2\/product_cat?post=588199"},{"taxonomy":"product_tag","embeddable":true,"href":"https:\/\/shop.kustom.ch\/fr\/wp-json\/wp\/v2\/product_tag?post=588199"}],"curies":[{"name":"wp","href":"https:\/\/api.w.org\/{rel}","templated":true}]}}