{"id":588162,"date":"2025-03-04T22:34:39","date_gmt":"2025-03-04T21:34:39","guid":{"rendered":"https:\/\/shop.kustom.ch\/?post_type=product&#038;p=588162"},"modified":"2026-03-31T08:50:35","modified_gmt":"2026-03-31T07:50:35","slug":"high-vis-sweatshirt","status":"publish","type":"product","link":"https:\/\/shop.kustom.ch\/fr\/produit\/high-vis-sweatshirt\/","title":{"rendered":"Sweat-shirt haute visibilit\u00e9"},"content":{"rendered":"<p>Sweat-shirt de s\u00e9curit\u00e9 avec une coupe parfaite et des bandes r\u00e9fl\u00e9chissantes pour \u00eatre vu de tous les c\u00f4t\u00e9s. Le sweat-shirt est dot\u00e9 d'une fermeture \u00e0 glissi\u00e8re, de deux poches \u00e0 l'avant et d'une poche sur la poitrine. Con\u00e7u pour un confort de travail maximal et certifi\u00e9 selon la norme EN 20471 classe 2 (XXS-S), classe 3 (M-&gt;), v\u00eatements de signalisation \u00e0 haute visibilit\u00e9.<\/p>\n<p>FERMETURE : Ceinture \u00e0 c\u00f4tes. Finition des manches avec poignets. D\u00c9TAILS : Col haut. FERMETURE FRONTALE : Fermeture \u00e0 glissi\u00e8re en plastique. CARACTERISTIQUES PRINCIPALES : Artisan. Disponible pour hommes et femmes. RIS-3279-TOM . REFLEX : Mat\u00e9riau r\u00e9fl\u00e9chissant sur le torse, les manches et les \u00e9paules. TISSU : Disponible pour les hommes et les femmes. Jaune haute visibilit\u00e9. Protection haute visibilit\u00e9. POCHES : Poche de poitrine avec fermeture \u00e0 glissi\u00e8re. Poches lat\u00e9rales avec fermeture \u00e0 glissi\u00e8re. INSTRUCTIONS DE LAVAGE : Nombre de lavages : 25. Repassage - bas. CERTIFICATION : Les v\u00eatements de classe 2 et 3 en orange sont conformes \u00e0 la norme RIS-3279-TOM Issue 2.<\/p>\n<p>100% Polyester, bross\u00e9 d'un c\u00f4t\u00e9, 240 g\/m<\/p>","protected":false},"excerpt":{"rendered":"<p>Warnschutz-Sweatshirt mit perfekter Passform und Reflexstreifen, damit man von allen Seiten gesehen wird. Das Sweatshirt hat einen Reissverschluss, zwei Taschen vorne und eine Brusttasche. Entwickelt f\u00fcr maximalen Arbeitskomfort und zertifiziert gem\u00e4ss EN 20471 Klasse 2 (XXS-S), Klasse 3 (M-&gt;), Warnschutzkleidung mit hoher Sichtbarkeit. ABSCHLUSS: Gerippter Bund. Armabschluss mit B\u00fcndchen. DETAILS: Hoher Kragen. FRONTVERSCHLUSS: Reissverschluss aus [&hellip;]<\/p>\n","protected":false},"featured_media":588219,"template":"","meta":[],"product_brand":[],"product_cat":[4184],"product_tag":[],"class_list":{"0":"post-588162","1":"product","2":"type-product","3":"status-publish","4":"has-post-thumbnail","6":"product_cat-hoodies-pullover","7":"pa_brand-blaklaeder","8":"pa_brand-type-workwear","9":"pa_filter-color-gelb","10":"pa_filter-color-orange","11":"pa_filter-color-rot","13":"first","14":"instock","15":"sale","16":"taxable","17":"shipping-taxable","18":"purchasable","19":"product-type-variable","20":"add-to-wishlist-before_image"},"exclude_global_add_ons":[],"addons":[],"acf":[],"_links":{"self":[{"href":"https:\/\/shop.kustom.ch\/fr\/wp-json\/wp\/v2\/product\/588162"}],"collection":[{"href":"https:\/\/shop.kustom.ch\/fr\/wp-json\/wp\/v2\/product"}],"about":[{"href":"https:\/\/shop.kustom.ch\/fr\/wp-json\/wp\/v2\/types\/product"}],"wp:featuredmedia":[{"embeddable":true,"href":"https:\/\/shop.kustom.ch\/fr\/wp-json\/wp\/v2\/media\/588219"}],"wp:attachment":[{"href":"https:\/\/shop.kustom.ch\/fr\/wp-json\/wp\/v2\/media?parent=588162"}],"wp:term":[{"taxonomy":"product_brand","embeddable":true,"href":"https:\/\/shop.kustom.ch\/fr\/wp-json\/wp\/v2\/product_brand?post=588162"},{"taxonomy":"product_cat","embeddable":true,"href":"https:\/\/shop.kustom.ch\/fr\/wp-json\/wp\/v2\/product_cat?post=588162"},{"taxonomy":"product_tag","embeddable":true,"href":"https:\/\/shop.kustom.ch\/fr\/wp-json\/wp\/v2\/product_tag?post=588162"}],"curies":[{"name":"wp","href":"https:\/\/api.w.org\/{rel}","templated":true}]}}