{"id":588043,"date":"2025-03-04T22:32:51","date_gmt":"2025-03-04T21:32:51","guid":{"rendered":"https:\/\/shop.kustom.ch\/?post_type=product&#038;p=588043"},"modified":"2026-03-31T08:50:31","modified_gmt":"2026-03-31T07:50:31","slug":"sweater-mit-half-zip-2-farbig","status":"publish","type":"product","link":"https:\/\/shop.kustom.ch\/fr\/produit\/sweater-mit-half-zip-2-farbig\/","title":{"rendered":"Sweater avec demi-zip 2 couleurs"},"content":{"rendered":"<p>Un sweat bicolore confortable et flexible avec un col haut et une fermeture \u00e0 glissi\u00e8re. Il s'accorde parfaitement avec notre collection industrielle.<\/p>\n<p>FERMETURE : Ceinture \u00e0 c\u00f4tes. Finition des manches avec poignets. D\u00c9TAILS : Col haut avec fermeture \u00e0 glissi\u00e8re. \u00c9paules de couleur contrast\u00e9e. CARACTERISTIQUES PRINCIPALES : Artisan. Homme. TISSU : Hommes. Industrie \/ Service. INSTRUCTIONS DE LAVAGE : Nettoyage \u00e0 sec - normal P<\/p>\n<p>100% Coton, French Terry, 320 g\/m<\/p>","protected":false},"excerpt":{"rendered":"<p>Ein komfortabler und flexibler 2-farbiger Sweater mit hohem Kragen und Reissverschluss. Passt perfekt zu unserer Industrie Kollektion. ABSCHLUSS: Gerippter Bund. Armabschluss mit B\u00fcndchen. DETAILS: Hoher Kragen mit Reissverschluss. Schulterpartien in Kontrastfarbe. HAUPTEIGENSCHAFTEN: Handwerker. Herren. STOFF: Herren. Industrie \/ Service. WASCHANLEITUNG: Chemische Reinigung &#8211; normal P 100% Baumwolle, French Terry, 320 g\/m\u00b2<\/p>","protected":false},"featured_media":588070,"template":"","meta":[],"product_brand":[],"product_cat":[4184],"product_tag":[],"class_list":{"0":"post-588043","1":"product","2":"type-product","3":"status-publish","4":"has-post-thumbnail","6":"product_cat-hoodies-pullover","7":"pa_brand-blaklaeder","8":"pa_brand-type-workwear","9":"pa_filter-color-blau","10":"pa_filter-color-gelb","12":"first","13":"instock","14":"sale","15":"taxable","16":"shipping-taxable","17":"purchasable","18":"product-type-variable","19":"add-to-wishlist-before_image"},"exclude_global_add_ons":[],"addons":[],"acf":[],"_links":{"self":[{"href":"https:\/\/shop.kustom.ch\/fr\/wp-json\/wp\/v2\/product\/588043"}],"collection":[{"href":"https:\/\/shop.kustom.ch\/fr\/wp-json\/wp\/v2\/product"}],"about":[{"href":"https:\/\/shop.kustom.ch\/fr\/wp-json\/wp\/v2\/types\/product"}],"wp:featuredmedia":[{"embeddable":true,"href":"https:\/\/shop.kustom.ch\/fr\/wp-json\/wp\/v2\/media\/588070"}],"wp:attachment":[{"href":"https:\/\/shop.kustom.ch\/fr\/wp-json\/wp\/v2\/media?parent=588043"}],"wp:term":[{"taxonomy":"product_brand","embeddable":true,"href":"https:\/\/shop.kustom.ch\/fr\/wp-json\/wp\/v2\/product_brand?post=588043"},{"taxonomy":"product_cat","embeddable":true,"href":"https:\/\/shop.kustom.ch\/fr\/wp-json\/wp\/v2\/product_cat?post=588043"},{"taxonomy":"product_tag","embeddable":true,"href":"https:\/\/shop.kustom.ch\/fr\/wp-json\/wp\/v2\/product_tag?post=588043"}],"curies":[{"name":"wp","href":"https:\/\/api.w.org\/{rel}","templated":true}]}}