{"id":588000,"date":"2025-03-04T22:32:18","date_gmt":"2025-03-04T21:32:18","guid":{"rendered":"https:\/\/shop.kustom.ch\/?post_type=product&#038;p=588000"},"modified":"2026-03-31T08:50:25","modified_gmt":"2026-03-31T07:50:25","slug":"high-vis-kapuzenshirt","status":"publish","type":"product","link":"https:\/\/shop.kustom.ch\/fr\/produit\/high-vis-kapuzenshirt\/","title":{"rendered":"Sweat \u00e0 capuche haute visibilit\u00e9"},"content":{"rendered":"<p>Sweat \u00e0 capuche classique et doux avec une coupe confortable et une fermeture \u00e9clair en polyester 100%. Coutures d'\u00e9paules renforc\u00e9es avec 50 mm de mat\u00e9riel r\u00e9fl\u00e9chissant sur le devant et le dos. Certifi\u00e9 selon EN 471, XS-S, classe 2, M-XXXL classe 3.<\/p>\n<p>FERMETURE : Ceinture \u00e0 c\u00f4tes. Finition des manches avec poignets. D\u00c9TAILS : Capuche fixe et r\u00e9glable. FERMETURE FRONTALE : Fermeture \u00e0 glissi\u00e8re robuste en plastique. CARACT\u00c9RISTIQUES PRINCIPALES : Artisan. EN ISO 20471. REFLEX : Mat\u00e9riau r\u00e9fl\u00e9chissant sur le torse, les manches et les \u00e9paules. TISSU : pour hommes. Jaune haute visibilit\u00e9. Protection haute visibilit\u00e9. POCHES : Deux poches avant. INSTRUCTIONS DE LAVAGE : Nombre de lavages : 25. Repassage - bas. CERTIFICATION : Les v\u00eatements de classe 2 et 3 en orange sont conformes \u00e0 la norme RIS-3279-TOM Issue 2.<\/p>\n<p>100% Polyester, bross\u00e9 d'un c\u00f4t\u00e9, 240 g\/m<\/p>","protected":false},"excerpt":{"rendered":"<p>Klassisches , weiches Kapuzenshirt mit bequemer Passform und Reissverschluss aus 100% Polyester. Verst\u00e4rkte Schultern\u00e4hte mit 50mm reflektierendem Material auf Vorder- und R\u00fcckseite. Zertifiziert nach EN 471, XS-S, Klasse 2, M-XXXL Klasse 3. ABSCHLUSS: Gerippter Bund. Armabschluss mit B\u00fcndchen. DETAILS: Feste, verstellbare Kapuze. FRONTVERSCHLUSS: Robuster Reissverschluss aus Kunststoff. HAUPTEIGENSCHAFTEN: Handwerker. EN ISO 20471. REFLEX: Reflexmaterial an [&hellip;]<\/p>\n","protected":false},"featured_media":588034,"template":"","meta":[],"product_brand":[],"product_cat":[4184],"product_tag":[],"class_list":{"0":"post-588000","1":"product","2":"type-product","3":"status-publish","4":"has-post-thumbnail","6":"product_cat-hoodies-pullover","7":"pa_brand-blaklaeder","8":"pa_brand-type-workwear","9":"pa_filter-color-gelb","10":"pa_filter-color-orange","12":"first","13":"instock","14":"sale","15":"taxable","16":"shipping-taxable","17":"purchasable","18":"product-type-variable","19":"add-to-wishlist-before_image"},"exclude_global_add_ons":[],"addons":[],"acf":[],"_links":{"self":[{"href":"https:\/\/shop.kustom.ch\/fr\/wp-json\/wp\/v2\/product\/588000"}],"collection":[{"href":"https:\/\/shop.kustom.ch\/fr\/wp-json\/wp\/v2\/product"}],"about":[{"href":"https:\/\/shop.kustom.ch\/fr\/wp-json\/wp\/v2\/types\/product"}],"wp:featuredmedia":[{"embeddable":true,"href":"https:\/\/shop.kustom.ch\/fr\/wp-json\/wp\/v2\/media\/588034"}],"wp:attachment":[{"href":"https:\/\/shop.kustom.ch\/fr\/wp-json\/wp\/v2\/media?parent=588000"}],"wp:term":[{"taxonomy":"product_brand","embeddable":true,"href":"https:\/\/shop.kustom.ch\/fr\/wp-json\/wp\/v2\/product_brand?post=588000"},{"taxonomy":"product_cat","embeddable":true,"href":"https:\/\/shop.kustom.ch\/fr\/wp-json\/wp\/v2\/product_cat?post=588000"},{"taxonomy":"product_tag","embeddable":true,"href":"https:\/\/shop.kustom.ch\/fr\/wp-json\/wp\/v2\/product_tag?post=588000"}],"curies":[{"name":"wp","href":"https:\/\/api.w.org\/{rel}","templated":true}]}}