{"id":587865,"date":"2025-03-04T22:30:29","date_gmt":"2025-03-04T21:30:29","guid":{"rendered":"https:\/\/shop.kustom.ch\/?post_type=product&#038;p=587865"},"modified":"2026-03-31T08:50:11","modified_gmt":"2026-03-31T07:50:11","slug":"langarm-t-shirt-2","status":"publish","type":"product","link":"https:\/\/shop.kustom.ch\/fr\/produit\/langarm-t-shirt-2\/","title":{"rendered":"T-shirt \u00e0 manches longues"},"content":{"rendered":"<p>DETAILS : Col rond. Coutures d'\u00e9paules renforc\u00e9es. CARACTERISTIQUES PRINCIPALES : Couvreur. TISSU : Hommes. Vert. Profil. PORTEFEUILLE : Poche sur la manche. INSTRUCTIONS DE LAVAGE : Ne pas essorer.<\/p>\n<p>100% Coton, jersey, 295 g\/m<\/p>","protected":false},"excerpt":{"rendered":"<p>DETAILS: Rundhals. Verst\u00e4rkte Schultern\u00e4hte. HAUPTEIGENSCHAFTEN: Dachdecker. STOFF: Herren. gr\u00fcn. Profil. TASCHEN: \u00c4rmeltasche. WASCHANLEITUNG: Nicht schleudern 100% Baumwolle, Jersey, 295 g\/m\u00b2<\/p>","protected":false},"featured_media":587891,"template":"","meta":[],"product_brand":[],"product_cat":[4184],"product_tag":[],"class_list":{"0":"post-587865","1":"product","2":"type-product","3":"status-publish","4":"has-post-thumbnail","6":"product_cat-hoodies-pullover","7":"pa_brand-blaklaeder","8":"pa_brand-type-workwear","9":"pa_filter-color-grau","10":"pa_filter-color-gruen","12":"first","13":"instock","14":"sale","15":"taxable","16":"shipping-taxable","17":"product-type-variable","18":"add-to-wishlist-before_image"},"exclude_global_add_ons":[],"addons":[],"acf":[],"_links":{"self":[{"href":"https:\/\/shop.kustom.ch\/fr\/wp-json\/wp\/v2\/product\/587865"}],"collection":[{"href":"https:\/\/shop.kustom.ch\/fr\/wp-json\/wp\/v2\/product"}],"about":[{"href":"https:\/\/shop.kustom.ch\/fr\/wp-json\/wp\/v2\/types\/product"}],"wp:featuredmedia":[{"embeddable":true,"href":"https:\/\/shop.kustom.ch\/fr\/wp-json\/wp\/v2\/media\/587891"}],"wp:attachment":[{"href":"https:\/\/shop.kustom.ch\/fr\/wp-json\/wp\/v2\/media?parent=587865"}],"wp:term":[{"taxonomy":"product_brand","embeddable":true,"href":"https:\/\/shop.kustom.ch\/fr\/wp-json\/wp\/v2\/product_brand?post=587865"},{"taxonomy":"product_cat","embeddable":true,"href":"https:\/\/shop.kustom.ch\/fr\/wp-json\/wp\/v2\/product_cat?post=587865"},{"taxonomy":"product_tag","embeddable":true,"href":"https:\/\/shop.kustom.ch\/fr\/wp-json\/wp\/v2\/product_tag?post=587865"}],"curies":[{"name":"wp","href":"https:\/\/api.w.org\/{rel}","templated":true}]}}