{"id":587819,"date":"2025-03-04T22:29:23","date_gmt":"2025-03-04T21:29:23","guid":{"rendered":"https:\/\/shop.kustom.ch\/?post_type=product&#038;p=587819"},"modified":"2026-03-31T08:50:10","modified_gmt":"2026-03-31T07:50:10","slug":"uv-polo-shirt-high-vis-klasse-1","status":"publish","type":"product","link":"https:\/\/shop.kustom.ch\/fr\/produit\/uv-polo-shirt-high-vis-klasse-1\/","title":{"rendered":"Polo UV haute visibilit\u00e9 classe 1"},"content":{"rendered":"<p>Polo doux et confortable en fibre de carbone de bambou avec des bandes r\u00e9fl\u00e9chissantes discontinues pour d'excellentes propri\u00e9t\u00e9s d'\u00e9lasticit\u00e9 et de respirabilit\u00e9. Ce polo offre une protection contre les UV et le tissu a un effet anti-odeur pour \u00e9viter les mauvaises odeurs. Le polo a un col tricot\u00e9 rib et une encolure avec des boutons. Certifi\u00e9 selon EN ISO 20471 classe 1, groupe de certification D et EN 13758-2 UPF 40+.<\/p>\n<p>DETAILS : Impression Bl\u00e5kl\u00e4der sur l'\u00e9paule. Encolure avec boutons. Col \u00e0 c\u00f4tes. Coutures renforc\u00e9es au cou. FONCTIONNALIT\u00c9 : Tissu \u00e0 haute \u00e9vacuation de l'humidit\u00e9. PRINCIPALES CARACT\u00c9RISTIQUES : Travailleurs de la route et du b\u00e2timent. EN 13758-2. REFLEX : Bandes r\u00e9fl\u00e9chissantes sur le corps et les manches. TISSU : Hommes. Bleu. Protection contre les UV. Protection haute visibilit\u00e9. INSTRUCTIONS DE LAVAGE : Nombre de lavages : 50. Ne pas essorer. CERTIFICATION : EN 13758-2 UPF 40 +. Groupe de certification D<\/p>\n<p>100% Polyester, tricot polo, \u00e9vacuation de l'humidit\u00e9, protection UV, 155 g\/m<\/p>","protected":false},"excerpt":{"rendered":"<p>Weiches und komfortables Polo Shirt aus Bambuskohlefaser mit unterbrochenen Reflexstreifen f\u00fcr exzellente Stretch Eigenschaften und Atmungsaktivit\u00e4t. Dieses Polo Shirt bietet UV-Schutz und der Stoff hat eine Anti-Geruch Wirkung, um unangenehme Ger\u00fcche zu vermeiden. Das Polo Shirt hat einen rib-gestrickten Kragen und einen Halsausschnitt mit Kn\u00f6pfen. Zertifiziert nach EN ISO 20471 Klasse 1, Zertifizierungsgruppe D und [&hellip;]<\/p>\n","protected":false},"featured_media":587848,"template":"","meta":[],"product_brand":[],"product_cat":[4193],"product_tag":[],"class_list":{"0":"post-587819","1":"product","2":"type-product","3":"status-publish","4":"has-post-thumbnail","6":"product_cat-polos","7":"pa_brand-blaklaeder","8":"pa_brand-type-workwear","9":"pa_filter-color-blau","10":"pa_filter-color-gelb","11":"pa_filter-color-orange","12":"pa_filter-color-rot","13":"pa_filter-color-schwarz","15":"first","16":"instock","17":"sale","18":"taxable","19":"shipping-taxable","20":"purchasable","21":"product-type-variable","22":"add-to-wishlist-before_image"},"exclude_global_add_ons":[],"addons":[],"acf":[],"_links":{"self":[{"href":"https:\/\/shop.kustom.ch\/fr\/wp-json\/wp\/v2\/product\/587819"}],"collection":[{"href":"https:\/\/shop.kustom.ch\/fr\/wp-json\/wp\/v2\/product"}],"about":[{"href":"https:\/\/shop.kustom.ch\/fr\/wp-json\/wp\/v2\/types\/product"}],"wp:featuredmedia":[{"embeddable":true,"href":"https:\/\/shop.kustom.ch\/fr\/wp-json\/wp\/v2\/media\/587848"}],"wp:attachment":[{"href":"https:\/\/shop.kustom.ch\/fr\/wp-json\/wp\/v2\/media?parent=587819"}],"wp:term":[{"taxonomy":"product_brand","embeddable":true,"href":"https:\/\/shop.kustom.ch\/fr\/wp-json\/wp\/v2\/product_brand?post=587819"},{"taxonomy":"product_cat","embeddable":true,"href":"https:\/\/shop.kustom.ch\/fr\/wp-json\/wp\/v2\/product_cat?post=587819"},{"taxonomy":"product_tag","embeddable":true,"href":"https:\/\/shop.kustom.ch\/fr\/wp-json\/wp\/v2\/product_tag?post=587819"}],"curies":[{"name":"wp","href":"https:\/\/api.w.org\/{rel}","templated":true}]}}