{"id":587773,"date":"2025-03-04T22:28:51","date_gmt":"2025-03-04T21:28:51","guid":{"rendered":"https:\/\/shop.kustom.ch\/?post_type=product&#038;p=587773"},"modified":"2026-03-31T08:50:09","modified_gmt":"2026-03-31T07:50:09","slug":"uv-t-shirt-high-vis","status":"publish","type":"product","link":"https:\/\/shop.kustom.ch\/fr\/produit\/uv-t-shirt-high-vis\/","title":{"rendered":"T-shirt UV haute visibilit\u00e9"},"content":{"rendered":"<p>T-shirt haute visibilit\u00e9 avec traitement anti-odeur qui emp\u00eache les mauvaises odeurs. Le T-shirt absorbe l'humidit\u00e9 et poss\u00e8de une protection contre les UV. Les bandes r\u00e9fl\u00e9chissantes sont interrompues pour plus d'\u00e9lasticit\u00e9 et de respirabilit\u00e9. Col rond avec coutures renforc\u00e9es. Certifi\u00e9 selon EN ISO 20471 classe 1, groupe de certification D et EN 13758-2 UPF 40+.<\/p>\n<p>DETAILS : Impression Bl\u00e5kl\u00e4der sur l'\u00e9paule. Col rond. Coutures renforc\u00e9es au cou. FONCTIONNALIT\u00c9 : Tissu \u00e0 haute \u00e9vacuation de l'humidit\u00e9. CARACT\u00c9RISTIQUES PRINCIPALES : Conducteur. EN ISO 20471. REFLEX : bandes r\u00e9fl\u00e9chissantes de transfert de 50 mm de large. TISSU : Hommes. Jaune. Protection contre les UV. Transport. CONSEILS DE LAVAGE : Nombre de lavages : 50. 40\u00b0 C. CERTIFICATION : EN 13758-2 UPF 40 +. EN ISO 20471, classe 1<\/p>\n<p>100% Polyester, tricot polo, \u00e9vacuation de l'humidit\u00e9, protection UV, 155 g\/m<\/p>","protected":false},"excerpt":{"rendered":"<p>High Vis T-Shirt mit Anti-Geruch Behandlung, die unangenehmen Geruch verhindert. Das T-Shirt absorbiert die Feuchtigkeit und hat einen UV-Schutz. Die Reflexstreifen sind f\u00fcr extra Stretch und Atmungsaktivit\u00e4t unterbrochen. Rundhalskragen mit verst\u00e4rkten N\u00e4hten. Zertifiziert nach EN ISO 20471 Klasse 1, Zertifizierungsgruppe D und EN 13758-2 UPF 40+. DETAILS: Bl\u00e5kl\u00e4der-Aufdruck an der Schulter. Rundhals. Verst\u00e4rkte Halsn\u00e4hte. FUNKTIONALIT\u00c4T: [&hellip;]<\/p>\n","protected":false},"featured_media":587823,"template":"","meta":[],"product_brand":[],"product_cat":[4201],"product_tag":[],"class_list":{"0":"post-587773","1":"product","2":"type-product","3":"status-publish","4":"has-post-thumbnail","6":"product_cat-t-shirts","7":"pa_brand-blaklaeder","8":"pa_brand-type-workwear","9":"pa_filter-color-blau","10":"pa_filter-color-gelb","11":"pa_filter-color-orange","12":"pa_filter-color-schwarz","14":"first","15":"instock","16":"sale","17":"taxable","18":"shipping-taxable","19":"purchasable","20":"product-type-variable","21":"add-to-wishlist-before_image"},"exclude_global_add_ons":[],"addons":[],"acf":[],"_links":{"self":[{"href":"https:\/\/shop.kustom.ch\/fr\/wp-json\/wp\/v2\/product\/587773"}],"collection":[{"href":"https:\/\/shop.kustom.ch\/fr\/wp-json\/wp\/v2\/product"}],"about":[{"href":"https:\/\/shop.kustom.ch\/fr\/wp-json\/wp\/v2\/types\/product"}],"wp:featuredmedia":[{"embeddable":true,"href":"https:\/\/shop.kustom.ch\/fr\/wp-json\/wp\/v2\/media\/587823"}],"wp:attachment":[{"href":"https:\/\/shop.kustom.ch\/fr\/wp-json\/wp\/v2\/media?parent=587773"}],"wp:term":[{"taxonomy":"product_brand","embeddable":true,"href":"https:\/\/shop.kustom.ch\/fr\/wp-json\/wp\/v2\/product_brand?post=587773"},{"taxonomy":"product_cat","embeddable":true,"href":"https:\/\/shop.kustom.ch\/fr\/wp-json\/wp\/v2\/product_cat?post=587773"},{"taxonomy":"product_tag","embeddable":true,"href":"https:\/\/shop.kustom.ch\/fr\/wp-json\/wp\/v2\/product_tag?post=587773"}],"curies":[{"name":"wp","href":"https:\/\/api.w.org\/{rel}","templated":true}]}}