{"id":587646,"date":"2025-03-04T22:27:03","date_gmt":"2025-03-04T21:27:03","guid":{"rendered":"https:\/\/shop.kustom.ch\/?post_type=product&#038;p=587646"},"modified":"2026-03-31T08:49:57","modified_gmt":"2026-03-31T07:49:57","slug":"t-shirt-2","status":"publish","type":"product","link":"https:\/\/shop.kustom.ch\/fr\/produit\/t-shirt-2\/","title":{"rendered":"T-shirt"},"content":{"rendered":"<p>T-shirt haute visibilit\u00e9 en coton 100% pour un confort maximal. Il poss\u00e8de des inserts High Vis pour une meilleure visibilit\u00e9. La couleur contrast\u00e9e est en 100 % coton et la zone de haute visibilit\u00e9 est en 100 % polyester.<\/p>\n<p>DETAILS : col rond. Empi\u00e8cements en haute visibilit\u00e9, pour une meilleure visibilit\u00e9. FONCTIONNALIT\u00c9 : Coupe normale. CARACTERISTIQUES PRINCIPALES : Conducteur. REFLEX : bandes r\u00e9fl\u00e9chissantes de transfert de 50 mm de large. TISSU : Hommes. Bleu. Visible. Tissu fluorescent en polyester haute visibilit\u00e9 100%. INSTRUCTIONS DE LAVAGE : Ne pas essorer. CERTIFICATION : Non certifi\u00e9 High Vis.<\/p>\n<p>100% Coton, jersey, 180 g\/m<\/p>","protected":false},"excerpt":{"rendered":"<p>High Vis T-Shirt aus 100% Baumwolle f\u00fcr maximalen Komfort. Es hat High Vis Eins\u00e4tze f\u00fcr eine h\u00f6here Sichtbarkeit. Die Kontrastfarbe besteht aus 100 % Baumwolle und der Warnschutzbereich besteht aus 100 % Polyester. DETAILS: Rundhals. Eins\u00e4tze in High Vis, f\u00fcr h\u00f6here Sichtbarkeit. FUNKTIONALIT\u00c4T: Normale Passform. HAUPTEIGENSCHAFTEN: Fahrer. REFLEX: 50 mm breite Transferreflexstreifen. STOFF: Herren. blau. [&hellip;]<\/p>\n","protected":false},"featured_media":587685,"template":"","meta":[],"product_brand":[],"product_cat":[4201],"product_tag":[],"class_list":{"0":"post-587646","1":"product","2":"type-product","3":"status-publish","4":"has-post-thumbnail","6":"product_cat-t-shirts","7":"pa_brand-blaklaeder","8":"pa_brand-type-workwear","9":"pa_filter-color-blau","10":"pa_filter-color-gelb","11":"pa_filter-color-schwarz","13":"first","14":"instock","15":"sale","16":"taxable","17":"shipping-taxable","18":"purchasable","19":"product-type-variable","20":"add-to-wishlist-before_image"},"exclude_global_add_ons":[],"addons":[],"acf":[],"_links":{"self":[{"href":"https:\/\/shop.kustom.ch\/fr\/wp-json\/wp\/v2\/product\/587646"}],"collection":[{"href":"https:\/\/shop.kustom.ch\/fr\/wp-json\/wp\/v2\/product"}],"about":[{"href":"https:\/\/shop.kustom.ch\/fr\/wp-json\/wp\/v2\/types\/product"}],"wp:featuredmedia":[{"embeddable":true,"href":"https:\/\/shop.kustom.ch\/fr\/wp-json\/wp\/v2\/media\/587685"}],"wp:attachment":[{"href":"https:\/\/shop.kustom.ch\/fr\/wp-json\/wp\/v2\/media?parent=587646"}],"wp:term":[{"taxonomy":"product_brand","embeddable":true,"href":"https:\/\/shop.kustom.ch\/fr\/wp-json\/wp\/v2\/product_brand?post=587646"},{"taxonomy":"product_cat","embeddable":true,"href":"https:\/\/shop.kustom.ch\/fr\/wp-json\/wp\/v2\/product_cat?post=587646"},{"taxonomy":"product_tag","embeddable":true,"href":"https:\/\/shop.kustom.ch\/fr\/wp-json\/wp\/v2\/product_tag?post=587646"}],"curies":[{"name":"wp","href":"https:\/\/api.w.org\/{rel}","templated":true}]}}