{"id":587623,"date":"2025-03-04T22:26:32","date_gmt":"2025-03-04T21:26:32","guid":{"rendered":"https:\/\/shop.kustom.ch\/?post_type=product&#038;p=587623"},"modified":"2026-03-31T08:49:53","modified_gmt":"2026-03-31T07:49:53","slug":"funktionelles-t-shirt-mit-uv-schutz","status":"publish","type":"product","link":"https:\/\/shop.kustom.ch\/fr\/produit\/funktionelles-t-shirt-mit-uv-schutz\/","title":{"rendered":"T-shirt fonctionnel avec protection UV"},"content":{"rendered":"<p>T-shirt avec protection UV, en tissu tricot\u00e9 l\u00e9ger et structur\u00e9, pour la ventilation et la r\u00e9gulation de l'humidit\u00e9. Coutures renforc\u00e9es au cou et aux \u00e9paules.<\/p>\n<p>DETAILS : Col rond. Coutures renforc\u00e9es au cou. CARACTERISTIQUES PRINCIPALES : Poseur de sol. TISSU : Hommes. Rouge. Protection contre les UV. Profil\u00e9. INSTRUCTIONS DE LAVAGE : Ne pas nettoyer \u00e0 sec. CERTIFICATION : Non certifi\u00e9 High Vis.<\/p>\n<p>100% polyester, tricot Birdseye, protection UV, 130g\/m<\/p>","protected":false},"excerpt":{"rendered":"<p>T-Shirt mit UV-Schutz, aus leichtem Strickgewebe mit Struktur, f\u00fcr Bel\u00fcftung und Feuchtigkeitsregulierung. Verst\u00e4rkte Hals- und Schultern\u00e4hte. DETAILS: Rundhals. Verst\u00e4rkte Halsn\u00e4hte. HAUPTEIGENSCHAFTEN: Bodenleger. STOFF: Herren. rot. UV-Schutz. Profil. WASCHANLEITUNG: Nicht chemisch reinigen. ZERTIFIZIERUNG: Nicht High Vis zertifiziert 100% Polyester, Birdseye Strick, UV-Schutz, 130g\/m\u00b2<\/p>","protected":false},"featured_media":587682,"template":"","meta":[],"product_brand":[],"product_cat":[4201],"product_tag":[],"class_list":{"0":"post-587623","1":"product","2":"type-product","3":"status-publish","4":"has-post-thumbnail","6":"product_cat-t-shirts","7":"pa_brand-blaklaeder","8":"pa_brand-type-workwear","9":"pa_filter-color-rot","11":"first","12":"instock","13":"sale","14":"taxable","15":"shipping-taxable","16":"purchasable","17":"product-type-variable","18":"add-to-wishlist-before_image"},"exclude_global_add_ons":[],"addons":[],"acf":[],"_links":{"self":[{"href":"https:\/\/shop.kustom.ch\/fr\/wp-json\/wp\/v2\/product\/587623"}],"collection":[{"href":"https:\/\/shop.kustom.ch\/fr\/wp-json\/wp\/v2\/product"}],"about":[{"href":"https:\/\/shop.kustom.ch\/fr\/wp-json\/wp\/v2\/types\/product"}],"wp:featuredmedia":[{"embeddable":true,"href":"https:\/\/shop.kustom.ch\/fr\/wp-json\/wp\/v2\/media\/587682"}],"wp:attachment":[{"href":"https:\/\/shop.kustom.ch\/fr\/wp-json\/wp\/v2\/media?parent=587623"}],"wp:term":[{"taxonomy":"product_brand","embeddable":true,"href":"https:\/\/shop.kustom.ch\/fr\/wp-json\/wp\/v2\/product_brand?post=587623"},{"taxonomy":"product_cat","embeddable":true,"href":"https:\/\/shop.kustom.ch\/fr\/wp-json\/wp\/v2\/product_cat?post=587623"},{"taxonomy":"product_tag","embeddable":true,"href":"https:\/\/shop.kustom.ch\/fr\/wp-json\/wp\/v2\/product_tag?post=587623"}],"curies":[{"name":"wp","href":"https:\/\/api.w.org\/{rel}","templated":true}]}}