{"id":587582,"date":"2025-03-04T22:26:25","date_gmt":"2025-03-04T21:26:25","guid":{"rendered":"https:\/\/shop.kustom.ch\/?post_type=product&#038;p=587582"},"modified":"2026-03-31T08:49:52","modified_gmt":"2026-03-31T07:49:52","slug":"polo-shirt-mit-uv-schutz","status":"publish","type":"product","link":"https:\/\/shop.kustom.ch\/fr\/produit\/polo-shirt-mit-uv-schutz\/","title":{"rendered":"Polo avec protection UV"},"content":{"rendered":"<p>Nos polos ne sont pas seulement des chemises de travail fra\u00eeches et confortables, mais ils \u00e9vacuent aussi parfaitement l'humidit\u00e9 du corps. Le mat\u00e9riau est certifi\u00e9 UPF 40+ Solar UV properties. Le v\u00eatement dispose donc d'un facteur de protection solaire de 40+.<\/p>\n<p>DETAILS : Encolure avec boutons. Boutons en plastique. Col \u00e0 c\u00f4tes. Coutures renforc\u00e9es au cou. Fentes sur les c\u00f4t\u00e9s. CARACTERISTIQUES PRINCIPALES : Couvreur. TISSU : hommes. Vert. Protection contre les UV. Profil\u00e9. INSTRUCTIONS DE LAVAGE : Ne pas nettoyer \u00e0 sec.<\/p>\n<p>100% Polyester, tricot polo, \u00e9vacuation de l'humidit\u00e9, protection UV, 155 g\/m<\/p>","protected":false},"excerpt":{"rendered":"<p>Unsere Polohemden sind nicht nur k\u00fchle, bequeme Arbeitshemden, sondern k\u00f6nnen auch ausgezeichnet Feuchtigkeit vom K\u00f6rper ableiten. Das Material ist zertifiziert gem\u00e4ss UPF 40+ Solar UV-Schutzeigenschaften. Das Kleidungsst\u00fcck verf\u00fcgt somit \u00fcber einen Sonnenschutzfaktor von 40+. DETAILS: Halsausschnitt mit Kn\u00f6pfen. Kunststoff-Kn\u00f6pfe. Gerippter Kragen. Verst\u00e4rkte Halsn\u00e4hte. Schlitze an den Seiten. HAUPTEIGENSCHAFTEN: Dachdecker. STOFF: Herren. gr\u00fcn. UV-Schutz. Profil. WASCHANLEITUNG: [&hellip;]<\/p>\n","protected":false},"featured_media":587634,"template":"","meta":[],"product_brand":[],"product_cat":[4193],"product_tag":[],"class_list":{"0":"post-587582","1":"product","2":"type-product","3":"status-publish","4":"has-post-thumbnail","6":"product_cat-polos","7":"pa_brand-blaklaeder","8":"pa_brand-type-workwear","9":"pa_filter-color-blau","10":"pa_filter-color-grau","11":"pa_filter-color-gruen","12":"pa_filter-color-schwarz","14":"first","15":"instock","16":"sale","17":"taxable","18":"shipping-taxable","19":"purchasable","20":"product-type-variable","21":"add-to-wishlist-before_image"},"exclude_global_add_ons":[],"addons":[],"acf":[],"_links":{"self":[{"href":"https:\/\/shop.kustom.ch\/fr\/wp-json\/wp\/v2\/product\/587582"}],"collection":[{"href":"https:\/\/shop.kustom.ch\/fr\/wp-json\/wp\/v2\/product"}],"about":[{"href":"https:\/\/shop.kustom.ch\/fr\/wp-json\/wp\/v2\/types\/product"}],"wp:featuredmedia":[{"embeddable":true,"href":"https:\/\/shop.kustom.ch\/fr\/wp-json\/wp\/v2\/media\/587634"}],"wp:attachment":[{"href":"https:\/\/shop.kustom.ch\/fr\/wp-json\/wp\/v2\/media?parent=587582"}],"wp:term":[{"taxonomy":"product_brand","embeddable":true,"href":"https:\/\/shop.kustom.ch\/fr\/wp-json\/wp\/v2\/product_brand?post=587582"},{"taxonomy":"product_cat","embeddable":true,"href":"https:\/\/shop.kustom.ch\/fr\/wp-json\/wp\/v2\/product_cat?post=587582"},{"taxonomy":"product_tag","embeddable":true,"href":"https:\/\/shop.kustom.ch\/fr\/wp-json\/wp\/v2\/product_tag?post=587582"}],"curies":[{"name":"wp","href":"https:\/\/api.w.org\/{rel}","templated":true}]}}