{"id":587469,"date":"2025-03-04T22:24:44","date_gmt":"2025-03-04T21:24:44","guid":{"rendered":"https:\/\/shop.kustom.ch\/?post_type=product&#038;p=587469"},"modified":"2026-03-31T08:49:48","modified_gmt":"2026-03-31T07:49:48","slug":"t-shirt-5er-pack","status":"publish","type":"product","link":"https:\/\/shop.kustom.ch\/fr\/produit\/t-shirt-5er-pack\/","title":{"rendered":"Pack de 5 t-shirts"},"content":{"rendered":"<p>Ajoutez un grand v\u00eatement \u00e0 votre garde-robe. Un T-shirt confortable et pratique en 100 % de coton. Le T-shirt a un col c\u00f4tel\u00e9 et des coutures renforc\u00e9es au cou et aux \u00e9paules. Couleur grise disponible uniquement en coton\/viscose.<\/p>\n<p>D\u00c9TAILS : Col c\u00f4tel\u00e9. Coutures d'\u00e9paules renforc\u00e9es. FONCTIONNALIT\u00c9 : Coupe normale. CARACT\u00c9RISTIQUES PRINCIPALES : P\u00eacheur. TISSU : Disponible pour hommes et femmes. Blanc. Profil\u00e9 . INSTRUCTIONS DE LAVAGE : Ne pas nettoyer \u00e0 sec. CONDITIONNEMENT : Pack de 5 pi\u00e8ces<\/p>\n<p>100% Coton, jersey, 150 g\/m<\/p>","protected":false},"excerpt":{"rendered":"<p>F\u00fcgen Sie Ihrer Garderobe ein grossartiges Kleidungsst\u00fcck hinzu. Ein bequemes, praktisches T-Shirt aus 100 % Baumwolle. Das T-Shirt hat einen Rippstrickhals und verst\u00e4rkte N\u00e4hte an Hals und Schultern. Graue Farbe nur in Baumwolle\/Viskose erh\u00e4ltlich. DETAILS: Gerippter Halsbund. Verst\u00e4rkte Schultern\u00e4hte. FUNKTIONALIT\u00c4T: Normale Passform. HAUPTEIGENSCHAFTEN: Fischer. STOFF: Erh\u00e4ltlich f\u00fcr Damen und Herren. weiss. Profil. WASCHANLEITUNG: Nicht chemisch [&hellip;]<\/p>\n","protected":false},"featured_media":587528,"template":"","meta":[],"product_brand":[],"product_cat":[4201],"product_tag":[],"class_list":{"0":"post-587469","1":"product","2":"type-product","3":"status-publish","4":"has-post-thumbnail","6":"product_cat-t-shirts","7":"pa_brand-blaklaeder","8":"pa_brand-type-workwear","9":"pa_filter-color-blau","10":"pa_filter-color-gelb","11":"pa_filter-color-grau","12":"pa_filter-color-gruen","13":"pa_filter-color-rot","14":"pa_filter-color-schwarz","15":"pa_filter-color-weiss","17":"first","18":"instock","19":"sale","20":"taxable","21":"shipping-taxable","22":"purchasable","23":"product-type-variable","24":"add-to-wishlist-before_image"},"exclude_global_add_ons":[],"addons":[],"acf":[],"_links":{"self":[{"href":"https:\/\/shop.kustom.ch\/fr\/wp-json\/wp\/v2\/product\/587469"}],"collection":[{"href":"https:\/\/shop.kustom.ch\/fr\/wp-json\/wp\/v2\/product"}],"about":[{"href":"https:\/\/shop.kustom.ch\/fr\/wp-json\/wp\/v2\/types\/product"}],"wp:featuredmedia":[{"embeddable":true,"href":"https:\/\/shop.kustom.ch\/fr\/wp-json\/wp\/v2\/media\/587528"}],"wp:attachment":[{"href":"https:\/\/shop.kustom.ch\/fr\/wp-json\/wp\/v2\/media?parent=587469"}],"wp:term":[{"taxonomy":"product_brand","embeddable":true,"href":"https:\/\/shop.kustom.ch\/fr\/wp-json\/wp\/v2\/product_brand?post=587469"},{"taxonomy":"product_cat","embeddable":true,"href":"https:\/\/shop.kustom.ch\/fr\/wp-json\/wp\/v2\/product_cat?post=587469"},{"taxonomy":"product_tag","embeddable":true,"href":"https:\/\/shop.kustom.ch\/fr\/wp-json\/wp\/v2\/product_tag?post=587469"}],"curies":[{"name":"wp","href":"https:\/\/api.w.org\/{rel}","templated":true}]}}