{"id":587246,"date":"2025-03-04T22:21:50","date_gmt":"2025-03-04T21:21:50","guid":{"rendered":"https:\/\/shop.kustom.ch\/?post_type=product&#038;p=587246"},"modified":"2026-03-31T08:49:30","modified_gmt":"2026-03-31T07:49:30","slug":"rollkragenpullover","status":"publish","type":"product","link":"https:\/\/shop.kustom.ch\/fr\/produit\/rollkragenpullover\/","title":{"rendered":"Pull \u00e0 col roul\u00e9"},"content":{"rendered":"<p>FERMETURE : Poignets en maille c\u00f4tel\u00e9e. D\u00c9TAILS : Col roul\u00e9. CARACTERISTIQUES PRINCIPALES : Constructeur de b\u00e9ton. Homme. TISSU : Hommes. Noir. profil. INSTRUCTIONS DE LAVAGE : repassage - moyen<\/p>\n<p>100% Coton, jersey, 180 g\/m<\/p>","protected":false},"excerpt":{"rendered":"<p>ABSCHLUSS: Rippstrickb\u00fcndchen. DETAILS: Rollkragen. HAUPTEIGENSCHAFTEN: Betonbauer. Herren. STOFF: Herren. schwarz. Profil. WASCHANLEITUNG: B\u00fcgeln &#8211; mittel 100% Baumwolle, Jersey, 180 g\/m\u00b2<\/p>","protected":false},"featured_media":587269,"template":"","meta":[],"product_brand":[],"product_cat":[4184],"product_tag":[],"class_list":{"0":"post-587246","1":"product","2":"type-product","3":"status-publish","4":"has-post-thumbnail","6":"product_cat-hoodies-pullover","7":"pa_brand-blaklaeder","8":"pa_brand-type-workwear","9":"pa_filter-color-schwarz","11":"first","12":"instock","13":"sale","14":"taxable","15":"shipping-taxable","16":"purchasable","17":"product-type-variable","18":"add-to-wishlist-before_image"},"exclude_global_add_ons":[],"addons":[],"acf":[],"_links":{"self":[{"href":"https:\/\/shop.kustom.ch\/fr\/wp-json\/wp\/v2\/product\/587246"}],"collection":[{"href":"https:\/\/shop.kustom.ch\/fr\/wp-json\/wp\/v2\/product"}],"about":[{"href":"https:\/\/shop.kustom.ch\/fr\/wp-json\/wp\/v2\/types\/product"}],"wp:featuredmedia":[{"embeddable":true,"href":"https:\/\/shop.kustom.ch\/fr\/wp-json\/wp\/v2\/media\/587269"}],"wp:attachment":[{"href":"https:\/\/shop.kustom.ch\/fr\/wp-json\/wp\/v2\/media?parent=587246"}],"wp:term":[{"taxonomy":"product_brand","embeddable":true,"href":"https:\/\/shop.kustom.ch\/fr\/wp-json\/wp\/v2\/product_brand?post=587246"},{"taxonomy":"product_cat","embeddable":true,"href":"https:\/\/shop.kustom.ch\/fr\/wp-json\/wp\/v2\/product_cat?post=587246"},{"taxonomy":"product_tag","embeddable":true,"href":"https:\/\/shop.kustom.ch\/fr\/wp-json\/wp\/v2\/product_tag?post=587246"}],"curies":[{"name":"wp","href":"https:\/\/api.w.org\/{rel}","templated":true}]}}