{"id":586879,"date":"2025-03-04T22:17:03","date_gmt":"2025-03-04T21:17:03","guid":{"rendered":"https:\/\/shop.kustom.ch\/?post_type=product&#038;p=586879"},"modified":"2026-03-31T08:49:08","modified_gmt":"2026-03-31T07:49:08","slug":"damen-langarm-t-shirt","status":"publish","type":"product","link":"https:\/\/shop.kustom.ch\/fr\/produit\/damen-langarm-t-shirt\/","title":{"rendered":"T-shirt manches longues pour femmes"},"content":{"rendered":"<p>100% T-shirt en coton \u00e0 manches longues. Une base parfaite avec un col c\u00f4tel\u00e9 et des coutures renforc\u00e9es au niveau du col et des \u00e9paules.<\/p>\n<p>DETAILS : Col rond. Coutures d'\u00e9paules renforc\u00e9es. FONCTIONNALIT\u00c9 : Taille femme. CARACTERISTIQUES PRINCIPALES : Poseur de sol. TISSU : Femme. Blanc. Profil\u00e9 . INSTRUCTIONS DE LAVAGE : Nettoyage \u00e0 sec - normal P<\/p>\n<p>100% Coton, tricot c\u00f4tel\u00e9, 260 g\/m<\/p>","protected":false},"excerpt":{"rendered":"<p>100% Baumwoll langarm T-Shirt. Perfekte Basislage mit geripptem Kragen und verst\u00e4rkten Kragen- und Schultern\u00e4hten. DETAILS: Rundhals. Verst\u00e4rkte Schultern\u00e4hte. FUNKTIONALIT\u00c4T: Damengr\u00f6sse. HAUPTEIGENSCHAFTEN: Bodenleger. STOFF: Damen. weiss. Profil. WASCHANLEITUNG: Chemische Reinigung &#8211; normal P 100% Baumwolle, Rippenstrick, 260 g\/m\u00b2<\/p>","protected":false},"featured_media":586926,"template":"","meta":[],"product_brand":[],"product_cat":[4201],"product_tag":[],"class_list":{"0":"post-586879","1":"product","2":"type-product","3":"status-publish","4":"has-post-thumbnail","6":"product_cat-t-shirts","7":"pa_brand-blaklaeder","8":"pa_brand-type-workwear","9":"pa_filter-color-blau","10":"pa_filter-color-grau","11":"pa_filter-color-schwarz","12":"pa_filter-color-weiss","14":"first","15":"instock","16":"sale","17":"taxable","18":"shipping-taxable","19":"purchasable","20":"product-type-variable","21":"add-to-wishlist-before_image"},"exclude_global_add_ons":[],"addons":[],"acf":[],"_links":{"self":[{"href":"https:\/\/shop.kustom.ch\/fr\/wp-json\/wp\/v2\/product\/586879"}],"collection":[{"href":"https:\/\/shop.kustom.ch\/fr\/wp-json\/wp\/v2\/product"}],"about":[{"href":"https:\/\/shop.kustom.ch\/fr\/wp-json\/wp\/v2\/types\/product"}],"wp:featuredmedia":[{"embeddable":true,"href":"https:\/\/shop.kustom.ch\/fr\/wp-json\/wp\/v2\/media\/586926"}],"wp:attachment":[{"href":"https:\/\/shop.kustom.ch\/fr\/wp-json\/wp\/v2\/media?parent=586879"}],"wp:term":[{"taxonomy":"product_brand","embeddable":true,"href":"https:\/\/shop.kustom.ch\/fr\/wp-json\/wp\/v2\/product_brand?post=586879"},{"taxonomy":"product_cat","embeddable":true,"href":"https:\/\/shop.kustom.ch\/fr\/wp-json\/wp\/v2\/product_cat?post=586879"},{"taxonomy":"product_tag","embeddable":true,"href":"https:\/\/shop.kustom.ch\/fr\/wp-json\/wp\/v2\/product_tag?post=586879"}],"curies":[{"name":"wp","href":"https:\/\/api.w.org\/{rel}","templated":true}]}}