{"id":586767,"date":"2025-03-04T22:14:51","date_gmt":"2025-03-04T21:14:51","guid":{"rendered":"https:\/\/shop.kustom.ch\/?post_type=product&#038;p=586767"},"modified":"2026-03-31T08:49:03","modified_gmt":"2026-03-31T07:49:03","slug":"t-shirt","status":"publish","type":"product","link":"https:\/\/shop.kustom.ch\/fr\/produit\/t-shirt\/","title":{"rendered":"T-shirt"},"content":{"rendered":"<p>T-shirt agr\u00e9able \u00e0 porter, tricot\u00e9 en rond, avec col c\u00f4tel\u00e9 et coutures renforc\u00e9es au niveau du cou et des \u00e9paules.<\/p>\n<p>DETAILS : Col rond. Coutures d'\u00e9paules renforc\u00e9es. FONCTIONNALIT\u00c9 : Coupe normale. CARACTERISTIQUES PRINCIPALES : Poseur de sol. TISSU : Hommes. Noir. profil. INSTRUCTIONS DE LAVAGE : Ne pas nettoyer \u00e0 sec.<\/p>\n<p>60% coton, 40% polyester, jersey, 180 g\/m<\/p>","protected":false},"excerpt":{"rendered":"<p>Angenehmes rundgestricktes T-Shirt mit Ripphals und verst\u00e4rkter Nacken- und Schulternaht. DETAILS: Rundhals. Verst\u00e4rkte Schultern\u00e4hte. FUNKTIONALIT\u00c4T: Normale Passform. HAUPTEIGENSCHAFTEN: Bodenleger. STOFF: Herren. schwarz. Profil. WASCHANLEITUNG: Nicht chemisch reinigen 60% Baumwolle, 40% Polyester, Jersey, 180 g\/m\u00b2<\/p>","protected":false},"featured_media":586826,"template":"","meta":[],"product_brand":[],"product_cat":[4201],"product_tag":[],"class_list":{"0":"post-586767","1":"product","2":"type-product","3":"status-publish","4":"has-post-thumbnail","6":"product_cat-t-shirts","7":"pa_brand-blaklaeder","8":"pa_brand-type-workwear","9":"pa_filter-color-blau","10":"pa_filter-color-grau","11":"pa_filter-color-rot","12":"pa_filter-color-schwarz","13":"pa_filter-color-weiss","15":"first","16":"instock","17":"sale","18":"taxable","19":"shipping-taxable","20":"purchasable","21":"product-type-variable","22":"add-to-wishlist-before_image"},"exclude_global_add_ons":[],"addons":[],"acf":[],"_links":{"self":[{"href":"https:\/\/shop.kustom.ch\/fr\/wp-json\/wp\/v2\/product\/586767"}],"collection":[{"href":"https:\/\/shop.kustom.ch\/fr\/wp-json\/wp\/v2\/product"}],"about":[{"href":"https:\/\/shop.kustom.ch\/fr\/wp-json\/wp\/v2\/types\/product"}],"wp:featuredmedia":[{"embeddable":true,"href":"https:\/\/shop.kustom.ch\/fr\/wp-json\/wp\/v2\/media\/586826"}],"wp:attachment":[{"href":"https:\/\/shop.kustom.ch\/fr\/wp-json\/wp\/v2\/media?parent=586767"}],"wp:term":[{"taxonomy":"product_brand","embeddable":true,"href":"https:\/\/shop.kustom.ch\/fr\/wp-json\/wp\/v2\/product_brand?post=586767"},{"taxonomy":"product_cat","embeddable":true,"href":"https:\/\/shop.kustom.ch\/fr\/wp-json\/wp\/v2\/product_cat?post=586767"},{"taxonomy":"product_tag","embeddable":true,"href":"https:\/\/shop.kustom.ch\/fr\/wp-json\/wp\/v2\/product_tag?post=586767"}],"curies":[{"name":"wp","href":"https:\/\/api.w.org\/{rel}","templated":true}]}}