{"id":586699,"date":"2025-03-04T22:13:34","date_gmt":"2025-03-04T21:13:34","guid":{"rendered":"https:\/\/shop.kustom.ch\/?post_type=product&#038;p=586699"},"modified":"2026-03-31T08:48:53","modified_gmt":"2026-03-31T07:48:53","slug":"kurzarmhemd","status":"publish","type":"product","link":"https:\/\/shop.kustom.ch\/fr\/produit\/kurzarmhemd\/","title":{"rendered":"Chemise \u00e0 manches courtes"},"content":{"rendered":"<p>Chemise en twill avec une coupe ample et des manches courtes. La chemise a une poche sur la poitrine avec un rabat et une poche pour stylo.<\/p>\n<p>D\u00c9TAILS : Boutons en plastique. FONCTIONNALIT\u00c9 : Coupe d\u00e9contract\u00e9e. CARACTERISTIQUES PRINCIPALES : Jardinier. TISSU : Hommes. Bleu. profil. PORTEFEUILLE : Poche poitrine avec rabat et poche stylo. INSTRUCTIONS DE LAVAGE : Nettoyage \u00e0 sec - normal P<\/p>\n<p>65% polyester, 35% coton, serg\u00e9, 175 g\/m<\/p>","protected":false},"excerpt":{"rendered":"<p>Twill shirt with a loose fit and short sleeves. The shirt has a chest pocket with a lid and a pen pocket. DETAILS: Kunststoff-Kn\u00f6pfe. FUNKTIONALIT\u00c4T: Lockere Passform. HAUPTEIGENSCHAFTEN: Gartenarbeiter. STOFF: Herren. blau. Profil. TASCHEN: Brusttasche mit Patte und Stifttasche. WASCHANLEITUNG: Chemische Reinigung &#8211; normal P 65% Polyester, 35% Baumwolle, K\u00f6per, 175 g\/m\u00b2<\/p>","protected":false},"featured_media":586745,"template":"","meta":[],"product_brand":[],"product_cat":[9874],"product_tag":[],"class_list":{"0":"post-586699","1":"product","2":"type-product","3":"status-publish","4":"has-post-thumbnail","6":"product_cat-hemden","7":"pa_brand-blaklaeder","8":"pa_brand-type-workwear","9":"pa_filter-color-blau","10":"pa_filter-color-grau","11":"pa_filter-color-schwarz","13":"first","14":"instock","15":"sale","16":"taxable","17":"shipping-taxable","18":"purchasable","19":"product-type-variable","20":"add-to-wishlist-before_image"},"exclude_global_add_ons":[],"addons":[],"acf":[],"_links":{"self":[{"href":"https:\/\/shop.kustom.ch\/fr\/wp-json\/wp\/v2\/product\/586699"}],"collection":[{"href":"https:\/\/shop.kustom.ch\/fr\/wp-json\/wp\/v2\/product"}],"about":[{"href":"https:\/\/shop.kustom.ch\/fr\/wp-json\/wp\/v2\/types\/product"}],"wp:featuredmedia":[{"embeddable":true,"href":"https:\/\/shop.kustom.ch\/fr\/wp-json\/wp\/v2\/media\/586745"}],"wp:attachment":[{"href":"https:\/\/shop.kustom.ch\/fr\/wp-json\/wp\/v2\/media?parent=586699"}],"wp:term":[{"taxonomy":"product_brand","embeddable":true,"href":"https:\/\/shop.kustom.ch\/fr\/wp-json\/wp\/v2\/product_brand?post=586699"},{"taxonomy":"product_cat","embeddable":true,"href":"https:\/\/shop.kustom.ch\/fr\/wp-json\/wp\/v2\/product_cat?post=586699"},{"taxonomy":"product_tag","embeddable":true,"href":"https:\/\/shop.kustom.ch\/fr\/wp-json\/wp\/v2\/product_tag?post=586699"}],"curies":[{"name":"wp","href":"https:\/\/api.w.org\/{rel}","templated":true}]}}