{"id":586644,"date":"2025-03-04T22:12:26","date_gmt":"2025-03-04T21:12:26","guid":{"rendered":"https:\/\/shop.kustom.ch\/?post_type=product&#038;p=586644"},"modified":"2026-03-31T08:48:47","modified_gmt":"2026-03-31T07:48:47","slug":"high-vis-arbeitshemd","status":"publish","type":"product","link":"https:\/\/shop.kustom.ch\/fr\/produit\/high-vis-arbeitshemd\/","title":{"rendered":"Chemise de travail haute visibilit\u00e9"},"content":{"rendered":"<p>Chemise de travail d'une couleur tr\u00e8s visible avec des couleurs contrast\u00e9es sur les manches, l'ourlet et le col pour minimiser les salissures. Cette chemise d\u00e9contract\u00e9e est dot\u00e9e de bandes r\u00e9fl\u00e9chissantes souples pour une meilleure visibilit\u00e9 et de deux poches de poitrine, l'une avec fermeture \u00e0 glissi\u00e8re et l'autre avec rabat. Elle dispose \u00e9galement d'une poche \u00e0 crayons avec ouverture cach\u00e9e et d'un passant pour anneau en D.<\/p>\n<p>FERMETURE : Poignets r\u00e9glables avec bouton-pression. D\u00c9TAILS : \u00c9tiquette \u00e0 l'ext\u00e9rieur. Couture sellier \u00e0 l'arri\u00e8re. Boutons m\u00e9talliques recouverts de caoutchouc. Col en tissu. \u00c9paules de couleur contrast\u00e9e. FERMETURE FRONTALE : Ferm\u00e9e sur le devant par un bouton-pression. FONCTIONNALIT\u00c9 : Coupe d\u00e9contract\u00e9e. CARACT\u00c9RISTIQUES PRINCIPALES : Artisan. EN ISO 20471. REFLEX : Bandes r\u00e9fl\u00e9chissantes sur le corps et les manches. TISSU : pour hommes. Jaune haute visibilit\u00e9. Protection haute visibilit\u00e9. PORTEFEUILLE : Poche poitrine avec rabat et poche pour stylo. INSTRUCTIONS DE LAVAGE : Lavage \u00e0 la maison X 50. Ne pas blanchir. CERTIFICATION : EN ISO 20471, XS-L classe 2, XL-&gt; classe 3<\/p>\n<p>50% coton, 50% polyester, serg\u00e9 crois\u00e9, 180 g\/m<\/p>","protected":false},"excerpt":{"rendered":"<p>Arbeitshemd in einer gut sichtbaren Farbe mit kontrastreichen Farben an den \u00c4rmeln, am Saum und am Kragen, um Schmutz zu minimieren. Dieses l\u00e4ssige Hemd verf\u00fcgt \u00fcber weiche Reflexstreifen f\u00fcr mehr Sichtbarkeit und zwei Brusttaschen, eine mit Reissverschluss und eine mit Patte. Ausserdem verf\u00fcgt es \u00fcber eine Stifttasche mit verdeckter \u00d6ffnung und eine D-Ring-Lasche. ABSCHLUSS: Verstellbare [&hellip;]<\/p>\n","protected":false},"featured_media":586711,"template":"","meta":[],"product_brand":[],"product_cat":[9874],"product_tag":[],"class_list":{"0":"post-586644","1":"product","2":"type-product","3":"status-publish","4":"has-post-thumbnail","6":"product_cat-hemden","7":"pa_brand-blaklaeder","8":"pa_brand-type-workwear","9":"pa_filter-color-blau","10":"pa_filter-color-gelb","11":"pa_filter-color-orange","12":"pa_filter-color-schwarz","14":"first","15":"instock","16":"sale","17":"taxable","18":"shipping-taxable","19":"purchasable","20":"product-type-variable","21":"add-to-wishlist-before_image"},"exclude_global_add_ons":[],"addons":[],"acf":[],"_links":{"self":[{"href":"https:\/\/shop.kustom.ch\/fr\/wp-json\/wp\/v2\/product\/586644"}],"collection":[{"href":"https:\/\/shop.kustom.ch\/fr\/wp-json\/wp\/v2\/product"}],"about":[{"href":"https:\/\/shop.kustom.ch\/fr\/wp-json\/wp\/v2\/types\/product"}],"wp:featuredmedia":[{"embeddable":true,"href":"https:\/\/shop.kustom.ch\/fr\/wp-json\/wp\/v2\/media\/586711"}],"wp:attachment":[{"href":"https:\/\/shop.kustom.ch\/fr\/wp-json\/wp\/v2\/media?parent=586644"}],"wp:term":[{"taxonomy":"product_brand","embeddable":true,"href":"https:\/\/shop.kustom.ch\/fr\/wp-json\/wp\/v2\/product_brand?post=586644"},{"taxonomy":"product_cat","embeddable":true,"href":"https:\/\/shop.kustom.ch\/fr\/wp-json\/wp\/v2\/product_cat?post=586644"},{"taxonomy":"product_tag","embeddable":true,"href":"https:\/\/shop.kustom.ch\/fr\/wp-json\/wp\/v2\/product_tag?post=586644"}],"curies":[{"name":"wp","href":"https:\/\/api.w.org\/{rel}","templated":true}]}}