{"id":586601,"date":"2025-03-04T22:11:51","date_gmt":"2025-03-04T21:11:51","guid":{"rendered":"https:\/\/shop.kustom.ch\/?post_type=product&#038;p=586601"},"modified":"2026-03-31T08:48:45","modified_gmt":"2026-03-31T07:48:45","slug":"multinorm-hemd","status":"publish","type":"product","link":"https:\/\/shop.kustom.ch\/fr\/produit\/multinorm-hemd\/","title":{"rendered":"Chemise Multinorm"},"content":{"rendered":"<p>Chemise de travail de haute qualit\u00e9, ignifuge et non m\u00e9tallique, avec d'excellentes propri\u00e9t\u00e9s de protection. La chemise est fabriqu\u00e9e dans un tissu qui garantit une coupe tr\u00e8s confortable et une grande libert\u00e9 de mouvement. Les bandes r\u00e9fl\u00e9chissantes discontinues vous assurent d'\u00eatre visible en cas de besoin. Certifi\u00e9e selon les normes EN 1149-5, EN ISO 20471, EN ISO 11612, IEC 61482-2, EN 13034. ATPV : 8,1cal\/cm\u00b2.<\/p>\n<p>FERMETURE : Ourlet de manche r\u00e9glable avec boutons-pression en plastique cach\u00e9s. D\u00c9TAILS : \u00c9tiquettes de certification ext\u00e9rieures. Boutons-pression en plastique. Col. FERMETURE AVANT : Fermeture avant avec boutons-pression. FONCTIONNALIT\u00c9 : Sans m\u00e9tal. CARACT\u00c9RISTIQUES PRINCIPALES : Artisan. EN ISO 11612. REFLEX : Bandes r\u00e9fl\u00e9chissantes de transfert ignifuges interrompues. TISSU : Hommes. Bleu. Sans m\u00e9tal. Protection contre les flammes. POCHES : Poches poitrine avec rabats et bouton-pression. INSTRUCTIONS DE LAVAGE : 60\u00b0 C. CERTIFICATION : EN 1149-5. EN 13034 PB (6). ATPV - 8,1 cal\/cm\u00b2. EN ISO 11612 A1, A2, B1, C1. Groupe de certification D<\/p>\n<p>50% modacrylique, 32% coton, 10% aramide, 5% polyamide, 3% antistatique, ripstop, ignifug\u00e9, antistatique, 200g\/cm\u00b2.<\/p>","protected":false},"excerpt":{"rendered":"<p>Hochwertiges, flammhemmendes und nichtmetallisches Arbeitshemd mit hervorragenden Schutzeigenschaften. Das Hemd ist aus einem Stoff gefertigt, der eine sehr bequeme Passform und Bewegungsfreiheit garantiert. Die unterbrochenen Reflexstreifen stellen sicher, dass Sie bei Bedarf sichtbar sind. Zertifiziert nach EN 1149-5, EN ISO 20471, EN ISO 11612, IEC 61482-2, EN 13034. ATPV: 8,1cal\/cm\u00b2. ABSCHLUSS: Einstellbarer \u00c4rmelsaum mit verdeckten [&hellip;]<\/p>\n","protected":false},"featured_media":586657,"template":"","meta":[],"product_brand":[],"product_cat":[9874],"product_tag":[],"class_list":{"0":"post-586601","1":"product","2":"type-product","3":"status-publish","4":"has-post-thumbnail","6":"product_cat-hemden","7":"pa_brand-blaklaeder","8":"pa_brand-type-workwear","9":"pa_filter-color-blau","10":"pa_filter-color-gelb","12":"first","13":"instock","14":"sale","15":"taxable","16":"shipping-taxable","17":"purchasable","18":"product-type-variable","19":"add-to-wishlist-before_image"},"exclude_global_add_ons":[],"addons":[],"acf":[],"_links":{"self":[{"href":"https:\/\/shop.kustom.ch\/fr\/wp-json\/wp\/v2\/product\/586601"}],"collection":[{"href":"https:\/\/shop.kustom.ch\/fr\/wp-json\/wp\/v2\/product"}],"about":[{"href":"https:\/\/shop.kustom.ch\/fr\/wp-json\/wp\/v2\/types\/product"}],"wp:featuredmedia":[{"embeddable":true,"href":"https:\/\/shop.kustom.ch\/fr\/wp-json\/wp\/v2\/media\/586657"}],"wp:attachment":[{"href":"https:\/\/shop.kustom.ch\/fr\/wp-json\/wp\/v2\/media?parent=586601"}],"wp:term":[{"taxonomy":"product_brand","embeddable":true,"href":"https:\/\/shop.kustom.ch\/fr\/wp-json\/wp\/v2\/product_brand?post=586601"},{"taxonomy":"product_cat","embeddable":true,"href":"https:\/\/shop.kustom.ch\/fr\/wp-json\/wp\/v2\/product_cat?post=586601"},{"taxonomy":"product_tag","embeddable":true,"href":"https:\/\/shop.kustom.ch\/fr\/wp-json\/wp\/v2\/product_tag?post=586601"}],"curies":[{"name":"wp","href":"https:\/\/api.w.org\/{rel}","templated":true}]}}