{"id":586600,"date":"2025-03-04T22:11:51","date_gmt":"2025-03-04T21:11:51","guid":{"rendered":"https:\/\/shop.kustom.ch\/?post_type=product&#038;p=586600"},"modified":"2026-03-31T08:48:38","modified_gmt":"2026-03-31T07:48:38","slug":"flammschutz-hemd-2","status":"publish","type":"product","link":"https:\/\/shop.kustom.ch\/fr\/produit\/flammschutz-hemd-2\/","title":{"rendered":"Chemise ignifug\u00e9e"},"content":{"rendered":"<p>Chemise ignifug\u00e9e avec patte de boutonnage cach\u00e9e et deux poches poitrine \u00e0 rabat. La chemise est l\u00e9g\u00e8re et confortable \u00e0 porter, surtout dans les environnements de travail expos\u00e9s. Certifi\u00e9e selon les normes EN 1149-5, EN ISO 11612, IEC 61482-2. EBT 6,4 cal\/cm\u00b2.<\/p>\n<p>FERMETURE : Poignets r\u00e9glables avec boutons m\u00e9talliques cach\u00e9s. D\u00c9TAILS : \u00c9tiquettes de certification ext\u00e9rieures. Col de la veste. FERMETURE AVANT : Fermeture avant avec boutons-pression m\u00e9talliques cach\u00e9s. CARACT\u00c9RISTIQUES PRINCIPALES : \u00c9lectricien. IEC 61482-2. TISSU : Hommes. Bleu. Protection contre les flammes. POCHES : Poches poitrine avec rabats et bouton-pression. INSTRUCTIONS DE LAVAGE : 60\u00b0 C. CERTIFICATION : EN 1149-5. EN ISO 11612 A1,A2,B1,C1,F1. EBT - 6,4 cal\/cm\u00b2.<\/p>\n<p>54% modacrylique, 44% coton, 2% antistatique, serg\u00e9, ignifug\u00e9, antistatique, 180 g\/m<\/p>","protected":false},"excerpt":{"rendered":"<p>Flammhemmendes Hemd mit versteckter Knopfleiste und zwei Brusttaschen mit Patte. Das Hemd ist leicht und komfortabel zu tragen, besonders in exponierten Arbeitsumgebungen. Zertifiziert nach EN 1149-5, EN ISO 11612, IEC 61482-2. EBT 6,4 cal\/cm\u00b2. ABSCHLUSS: Verstellbarer Armabschluss mit versteckten Metallkn\u00f6pfen. DETAILS: Aussenliegende Zertifizierungsetiketten. Kragen. FRONTVERSCHLUSS: Frontverschluss mit verdeckten Metall-Druckkn\u00f6pfen. HAUPTEIGENSCHAFTEN: Elektriker. IEC 61482-2. STOFF: Herren. [&hellip;]<\/p>\n","protected":false},"featured_media":586656,"template":"","meta":[],"product_brand":[],"product_cat":[9874],"product_tag":[],"class_list":{"0":"post-586600","1":"product","2":"type-product","3":"status-publish","4":"has-post-thumbnail","6":"product_cat-hemden","7":"pa_brand-blaklaeder","8":"pa_brand-type-workwear","9":"pa_filter-color-blau","11":"first","12":"instock","13":"sale","14":"taxable","15":"shipping-taxable","16":"purchasable","17":"product-type-variable","18":"add-to-wishlist-before_image"},"exclude_global_add_ons":[],"addons":[],"acf":[],"_links":{"self":[{"href":"https:\/\/shop.kustom.ch\/fr\/wp-json\/wp\/v2\/product\/586600"}],"collection":[{"href":"https:\/\/shop.kustom.ch\/fr\/wp-json\/wp\/v2\/product"}],"about":[{"href":"https:\/\/shop.kustom.ch\/fr\/wp-json\/wp\/v2\/types\/product"}],"wp:featuredmedia":[{"embeddable":true,"href":"https:\/\/shop.kustom.ch\/fr\/wp-json\/wp\/v2\/media\/586656"}],"wp:attachment":[{"href":"https:\/\/shop.kustom.ch\/fr\/wp-json\/wp\/v2\/media?parent=586600"}],"wp:term":[{"taxonomy":"product_brand","embeddable":true,"href":"https:\/\/shop.kustom.ch\/fr\/wp-json\/wp\/v2\/product_brand?post=586600"},{"taxonomy":"product_cat","embeddable":true,"href":"https:\/\/shop.kustom.ch\/fr\/wp-json\/wp\/v2\/product_cat?post=586600"},{"taxonomy":"product_tag","embeddable":true,"href":"https:\/\/shop.kustom.ch\/fr\/wp-json\/wp\/v2\/product_tag?post=586600"}],"curies":[{"name":"wp","href":"https:\/\/api.w.org\/{rel}","templated":true}]}}