{"id":586579,"date":"2025-03-04T22:11:21","date_gmt":"2025-03-04T21:11:21","guid":{"rendered":"https:\/\/shop.kustom.ch\/?post_type=product&#038;p=586579"},"modified":"2026-03-31T08:48:38","modified_gmt":"2026-03-31T07:48:38","slug":"flammschutz-hemd","status":"publish","type":"product","link":"https:\/\/shop.kustom.ch\/fr\/produit\/flammschutz-hemd\/","title":{"rendered":"Chemise ignifug\u00e9e"},"content":{"rendered":"<p>Chemise ignifuge fonctionnelle pour hommes pour les environnements \u00e0 risque. Cette chemise ignifuge est sp\u00e9cialement adapt\u00e9e aux environnements de travail o\u00f9 la protection contre les flammes est requise. Design intelligent et fonctionnel avec des boutons cach\u00e9s \u00e0 ouverture rapide sur le devant. Le tissu est confortable avec une coupe ample et une bonne libert\u00e9 de mouvement. Cette chemise a deux poches de poitrine avec un porte-stylo pratique. Certifi\u00e9e selon les normes EN 1149-5, EN ISO 11612, IEC 61482-2.<\/p>\n<p>FERMETURE : Poignets r\u00e9glables avec boutons m\u00e9talliques cach\u00e9s. D\u00c9TAILS : \u00c9tiquettes de certification ext\u00e9rieures. Col de la veste. FERMETURE AVANT : Fermeture avant avec boutons-pression m\u00e9talliques cach\u00e9s. CLASSEMENT DES TAILLES : le produit a une gamme de tailles plus \u00e9tendue. CARACT\u00c9RISTIQUES PRINCIPALES : \u00c9lectricien. EN ISO 11612. POCHES : Poche poitrine avec rabat et boutons-pression cach\u00e9s, une poche avec ouverture pour stylo. CONDITIONS DE LAVAGE : S\u00e8che-linge - bas. LAVAGE : lavage industriel EN ISO 15797. CERTIFICATION : EN 1149-5. EN ISO 11612 A1, A2, B1, C1, E1. IEC 61482-2, classe 1<\/p>\n<p>99% Coton, 1% antistatique, ignifug\u00e9, antistatique, 230g\/m<\/p>","protected":false},"excerpt":{"rendered":"<p>Funktionelles Flammschutz Herren Hemd f\u00fcr gef\u00e4hrdete Umgebungen. Dieses Flammschutz Hemd ist speziell geeignet f\u00fcr Arbeitsumgebungen, wo Flammschutz gefordert wird. Intelligentes und funktionelles Design mit verdeckten, schnell zu \u00f6ffnenden Kn\u00f6pfen vorne. Das Material ist bequem mit einer weiteren Passform und guter Bewegungsfreiheit. Dieses Hemd hat zwei Brusttaschen mit einem praktischen Stifthalter. Zertifiziert nach EN 1149-5, EN [&hellip;]<\/p>\n","protected":false},"featured_media":586627,"template":"","meta":[],"product_brand":[],"product_cat":[9874],"product_tag":[],"class_list":{"0":"post-586579","1":"product","2":"type-product","3":"status-publish","4":"has-post-thumbnail","6":"product_cat-hemden","7":"pa_brand-blaklaeder","8":"pa_brand-type-workwear","9":"pa_filter-color-blau","10":"pa_filter-color-schwarz","12":"first","13":"instock","14":"sale","15":"taxable","16":"shipping-taxable","17":"purchasable","18":"product-type-variable","19":"add-to-wishlist-before_image"},"exclude_global_add_ons":[],"addons":[],"acf":[],"_links":{"self":[{"href":"https:\/\/shop.kustom.ch\/fr\/wp-json\/wp\/v2\/product\/586579"}],"collection":[{"href":"https:\/\/shop.kustom.ch\/fr\/wp-json\/wp\/v2\/product"}],"about":[{"href":"https:\/\/shop.kustom.ch\/fr\/wp-json\/wp\/v2\/types\/product"}],"wp:featuredmedia":[{"embeddable":true,"href":"https:\/\/shop.kustom.ch\/fr\/wp-json\/wp\/v2\/media\/586627"}],"wp:attachment":[{"href":"https:\/\/shop.kustom.ch\/fr\/wp-json\/wp\/v2\/media?parent=586579"}],"wp:term":[{"taxonomy":"product_brand","embeddable":true,"href":"https:\/\/shop.kustom.ch\/fr\/wp-json\/wp\/v2\/product_brand?post=586579"},{"taxonomy":"product_cat","embeddable":true,"href":"https:\/\/shop.kustom.ch\/fr\/wp-json\/wp\/v2\/product_cat?post=586579"},{"taxonomy":"product_tag","embeddable":true,"href":"https:\/\/shop.kustom.ch\/fr\/wp-json\/wp\/v2\/product_tag?post=586579"}],"curies":[{"name":"wp","href":"https:\/\/api.w.org\/{rel}","templated":true}]}}