{"id":586452,"date":"2025-03-04T22:08:34","date_gmt":"2025-03-04T21:08:34","guid":{"rendered":"https:\/\/shop.kustom.ch\/?post_type=product&#038;p=586452"},"modified":"2026-03-31T08:48:19","modified_gmt":"2026-03-31T07:48:19","slug":"110-l-reisetasche","status":"publish","type":"product","link":"https:\/\/shop.kustom.ch\/fr\/produit\/110-l-reisetasche\/","title":{"rendered":"110 L Sac de voyage"},"content":{"rendered":"<p>Grand sac spacieux de 110 litres avec des roues et un fond solide. Le sac est fabriqu\u00e9 en tissu polyester enduit de TPU, ce qui le rend durable et imperm\u00e9able. Poign\u00e9e t\u00e9lescopique int\u00e9gr\u00e9e pour une manipulation facile.<\/p>\n<p>D\u00c9TAILS : espace pour la personnalisation sur la bandouli\u00e8re, 3\u00d720 cm. Poche pour carte d'identit\u00e9. Impression Bl\u00e5kl\u00e4der. Bandouli\u00e8re en cuir. CARACTERISTIQUES PRINCIPALES : Unisexe. DIMENSIONS : 68x37x37 cm. SYMBOLES : Water repellent 2. INSTRUCTIONS DE LAVAGE : Ne pas essorer.<\/p>","protected":false},"excerpt":{"rendered":"<p>Grosse, ger\u00e4umige 110-Liter-Tasche mit R\u00e4dern und einem festen Boden. Die Tasche ist aus TPU-beschichtetem Polyestergewebe gefertigt, das sie haltbar und wasserabweisend macht. Integrierter Teleskopgriff f\u00fcr eine einfache Handhabung. DETAILS: Platz f\u00fcr Veredelung am Schulterriemen, 3&#215;20 cm. Ausweistasche. Bl\u00e5kl\u00e4der-Aufdruck. Schulterriemen. HAUPTEIGENSCHAFTEN: Unisex. MASSANGABE: 68x37x37 cm. SYMBOLS: Water repellent 2. WASCHANLEITUNG: Nicht schleudern<\/p>","protected":false},"featured_media":586519,"template":"","meta":[],"product_brand":[],"product_cat":[9643,4209],"product_tag":[],"class_list":{"0":"post-586452","1":"product","2":"type-product","3":"status-publish","4":"has-post-thumbnail","6":"product_cat-equipment","7":"product_cat-zubehoer","8":"pa_brand-blaklaeder","9":"pa_brand-type-workwear","10":"pa_filter-color-schwarz","12":"first","13":"instock","14":"sale","15":"taxable","16":"shipping-taxable","17":"purchasable","18":"product-type-variable","19":"add-to-wishlist-before_image"},"exclude_global_add_ons":[],"addons":[],"acf":[],"_links":{"self":[{"href":"https:\/\/shop.kustom.ch\/fr\/wp-json\/wp\/v2\/product\/586452"}],"collection":[{"href":"https:\/\/shop.kustom.ch\/fr\/wp-json\/wp\/v2\/product"}],"about":[{"href":"https:\/\/shop.kustom.ch\/fr\/wp-json\/wp\/v2\/types\/product"}],"wp:featuredmedia":[{"embeddable":true,"href":"https:\/\/shop.kustom.ch\/fr\/wp-json\/wp\/v2\/media\/586519"}],"wp:attachment":[{"href":"https:\/\/shop.kustom.ch\/fr\/wp-json\/wp\/v2\/media?parent=586452"}],"wp:term":[{"taxonomy":"product_brand","embeddable":true,"href":"https:\/\/shop.kustom.ch\/fr\/wp-json\/wp\/v2\/product_brand?post=586452"},{"taxonomy":"product_cat","embeddable":true,"href":"https:\/\/shop.kustom.ch\/fr\/wp-json\/wp\/v2\/product_cat?post=586452"},{"taxonomy":"product_tag","embeddable":true,"href":"https:\/\/shop.kustom.ch\/fr\/wp-json\/wp\/v2\/product_tag?post=586452"}],"curies":[{"name":"wp","href":"https:\/\/api.w.org\/{rel}","templated":true}]}}