{"id":586451,"date":"2025-03-04T22:08:34","date_gmt":"2025-03-04T21:08:34","guid":{"rendered":"https:\/\/shop.kustom.ch\/?post_type=product&#038;p=586451"},"modified":"2026-03-31T08:48:17","modified_gmt":"2026-03-31T07:48:17","slug":"multinorm-weste-inhaerent","status":"publish","type":"product","link":"https:\/\/shop.kustom.ch\/fr\/produit\/multinorm-weste-inhaerent\/","title":{"rendered":"Gilet Multinorm inh\u00e9rent"},"content":{"rendered":"<p>Gilet porte-outils ignifug\u00e9 qui vous prot\u00e8ge dans des conditions difficiles. Ce gilet r\u00e9sistant \u00e0 l'huile, \u00e0 la salet\u00e9 et \u00e0 l'eau dispose de poches pratiques pour les outils et les accessoires. Poches \u00e0 clous renforc\u00e9es en trois parties \u00e0 l'avant et au fessier. Test\u00e9 et approuv\u00e9 pour 50 cycles de lavage. Certifi\u00e9 selon les normes EN 1149-5, EN ISO 20471, EN ISO 11612, IEC 61482-2. ATPV : 11 cal\/cm\u00b2. Conforme aux exigences EN ISO 15797 pour le lavage industriel.<\/p>\n<p>D\u00c9TAILS : anneau en D. \u00c9tiquettes de certification ext\u00e9rieures. Boucles de fermeture. FERMETURE FRONTALE : Fermeture \u00e0 glissi\u00e8re invisible et renforc\u00e9e en plastique. FONCTIONNALIT\u00c9 : Sans m\u00e9tal. PRINCIPALES CARACT\u00c9RISTIQUES : Personnel de service. IEC 61482-2. REFLEX : Bandes r\u00e9fl\u00e9chissantes ignifuges avec doubles coutures. TISSU : Hommes. Jaune haute visibilit\u00e9. Poches \u00e0 clous. Protection contre les flammes. POSITIONS : Poches poitrine \u00e0 suspension libre avec sangles de s\u00e9curit\u00e9, une avec rabat et boutons-pression m\u00e9talliques, une ouverte avec poches pour stylos et bande porte-outils. Poches \u00e0 clous renforc\u00e9es en trois parties. Poches avant avec rabats. INSTRUCTIONS DE LAVAGE : 60\u00b0 C. CERTIFICATION : ATPV Rating : 32 cal\/cm\u00b2, CAT 3. 50 lavages maximum. ATPV - 11 cal\/cm\u00b2. Max. 50 cycles de lavage. EN ISO 20471, classe 2<\/p>\n<p>44% Modacrylique, 30% Coton, 20% FR Polyamide, 5% Aramide, 1% antistatique, Ripstop, ignifug\u00e9, antistatique, 260 g\/m<\/p>","protected":false},"excerpt":{"rendered":"<p>Flammschutz Werkzeug-Weste, die Sie unter fordernden Bedingungen sch\u00fctzt. Die \u00f6l-, schmutz- und wasserabweisende Weste weist praktische Taschen f\u00fcr Werkzeug und Accessoires auf. Verst\u00e4rkte, dreiteilige Nageltaschen vorne und am Ges\u00e4ss. Getestet und zugelassen f\u00fcr 50 Waschg\u00e4nge. Zertifiziert nach EN 1149-5, EN ISO 20471, EN ISO 11612, IEC 61482-2. ATPV: 11 cal\/cm\u00b2. Erf\u00fcllt die EN ISO 15797 [&hellip;]<\/p>\n","protected":false},"featured_media":586489,"template":"","meta":[],"product_brand":[],"product_cat":[4208],"product_tag":[],"class_list":{"0":"post-586451","1":"product","2":"type-product","3":"status-publish","4":"has-post-thumbnail","6":"product_cat-westen","7":"pa_brand-blaklaeder","8":"pa_brand-type-workwear","9":"pa_filter-color-gelb","11":"first","12":"instock","13":"sale","14":"taxable","15":"shipping-taxable","16":"purchasable","17":"product-type-variable","18":"add-to-wishlist-before_image"},"exclude_global_add_ons":[],"addons":[],"acf":[],"_links":{"self":[{"href":"https:\/\/shop.kustom.ch\/fr\/wp-json\/wp\/v2\/product\/586451"}],"collection":[{"href":"https:\/\/shop.kustom.ch\/fr\/wp-json\/wp\/v2\/product"}],"about":[{"href":"https:\/\/shop.kustom.ch\/fr\/wp-json\/wp\/v2\/types\/product"}],"wp:featuredmedia":[{"embeddable":true,"href":"https:\/\/shop.kustom.ch\/fr\/wp-json\/wp\/v2\/media\/586489"}],"wp:attachment":[{"href":"https:\/\/shop.kustom.ch\/fr\/wp-json\/wp\/v2\/media?parent=586451"}],"wp:term":[{"taxonomy":"product_brand","embeddable":true,"href":"https:\/\/shop.kustom.ch\/fr\/wp-json\/wp\/v2\/product_brand?post=586451"},{"taxonomy":"product_cat","embeddable":true,"href":"https:\/\/shop.kustom.ch\/fr\/wp-json\/wp\/v2\/product_cat?post=586451"},{"taxonomy":"product_tag","embeddable":true,"href":"https:\/\/shop.kustom.ch\/fr\/wp-json\/wp\/v2\/product_tag?post=586451"}],"curies":[{"name":"wp","href":"https:\/\/api.w.org\/{rel}","templated":true}]}}