{"id":586432,"date":"2025-03-04T22:08:31","date_gmt":"2025-03-04T21:08:31","guid":{"rendered":"https:\/\/shop.kustom.ch\/?post_type=product&#038;p=586432"},"modified":"2026-03-31T08:48:08","modified_gmt":"2026-03-31T07:48:08","slug":"multinorm-sweatshirt","status":"publish","type":"product","link":"https:\/\/shop.kustom.ch\/fr\/produit\/multinorm-sweatshirt\/","title":{"rendered":"Sweat-shirt multi-normes"},"content":{"rendered":"<p>Un sweat-shirt multi-normes avec r\u00e9flecteur de transfert qui offre une combinaison de premier ordre entre confort et protection. Certifi\u00e9 selon les normes EN 1149-5, EN ISO 20471, EN ISO 11612, IEC 61482-2. ELIM - 12cal\/cm\u00b2, EBT - 13 cal\/cm\u00b2.<\/p>\n<p>FERMETURE : Ceinture \u00e0 c\u00f4tes. Finition des manches avec poignets. D\u00c9TAILS : \u00c9tiquettes de certification ext\u00e9rieures. Col de la manchette. CARACTERISTIQUES PRINCIPALES : Employ\u00e9 de service. Messieurs. EN ISO 20471. REFLEX : Bandes r\u00e9fl\u00e9chissantes de transfert ignifuges interrompues. TISSU : Hommes. Jaune haute visibilit\u00e9. Protection contre les flammes. INSTRUCTIONS DE LAVAGE : Ne pas essorer. CERTIFICATION : EN 1149-5. EN 61482-2, APC 1. ISO 11612 A1, B1, C2. EN ISO 20471 XS-S classe 2, M classe 3<\/p>\n<p>60% modacrylique, 39% coton, 1% fibre antistatique, polaire, ignifug\u00e9, antistatique, 280g\/m<\/p>","protected":false},"excerpt":{"rendered":"<p>Ein Multinorm Sweatshirt mit Transferreflex, das eine erstklassige Kombination aus Komfort und Schutz bietet. Zertifiziert nach EN 1149-5, EN ISO 20471, EN ISO 11612, IEC 61482-2. ELIM &#8211; 12cal\/cm\u00b2, EBT &#8211; 13 cal\/cm\u00b2. ABSCHLUSS: Gerippter Bund. Armabschluss mit B\u00fcndchen. DETAILS: Aussenliegende Zertifizierungsetiketten. B\u00fcndchenhals. HAUPTEIGENSCHAFTEN: Service Mitarbeiter. Herren. EN ISO 20471. REFLEX: Unterbrochene flammhemmende Transfer-Reflexstreifen. STOFF: [&hellip;]<\/p>\n","protected":false},"featured_media":586488,"template":"","meta":[],"product_brand":[],"product_cat":[4184],"product_tag":[],"class_list":{"0":"post-586432","1":"product","2":"type-product","3":"status-publish","4":"has-post-thumbnail","6":"product_cat-hoodies-pullover","7":"pa_brand-blaklaeder","8":"pa_brand-type-workwear","9":"pa_filter-color-gelb","11":"first","12":"instock","13":"sale","14":"taxable","15":"shipping-taxable","16":"purchasable","17":"product-type-variable","18":"add-to-wishlist-before_image"},"exclude_global_add_ons":[],"addons":[],"acf":[],"_links":{"self":[{"href":"https:\/\/shop.kustom.ch\/fr\/wp-json\/wp\/v2\/product\/586432"}],"collection":[{"href":"https:\/\/shop.kustom.ch\/fr\/wp-json\/wp\/v2\/product"}],"about":[{"href":"https:\/\/shop.kustom.ch\/fr\/wp-json\/wp\/v2\/types\/product"}],"wp:featuredmedia":[{"embeddable":true,"href":"https:\/\/shop.kustom.ch\/fr\/wp-json\/wp\/v2\/media\/586488"}],"wp:attachment":[{"href":"https:\/\/shop.kustom.ch\/fr\/wp-json\/wp\/v2\/media?parent=586432"}],"wp:term":[{"taxonomy":"product_brand","embeddable":true,"href":"https:\/\/shop.kustom.ch\/fr\/wp-json\/wp\/v2\/product_brand?post=586432"},{"taxonomy":"product_cat","embeddable":true,"href":"https:\/\/shop.kustom.ch\/fr\/wp-json\/wp\/v2\/product_cat?post=586432"},{"taxonomy":"product_tag","embeddable":true,"href":"https:\/\/shop.kustom.ch\/fr\/wp-json\/wp\/v2\/product_tag?post=586432"}],"curies":[{"name":"wp","href":"https:\/\/api.w.org\/{rel}","templated":true}]}}