{"id":586408,"date":"2025-03-04T22:08:00","date_gmt":"2025-03-04T21:08:00","guid":{"rendered":"https:\/\/shop.kustom.ch\/?post_type=product&#038;p=586408"},"modified":"2026-03-31T08:48:07","modified_gmt":"2026-03-31T07:48:07","slug":"flammschutz-sweatshirt","status":"publish","type":"product","link":"https:\/\/shop.kustom.ch\/fr\/produit\/flammschutz-sweatshirt\/","title":{"rendered":"Sweat-shirt ignifug\u00e9"},"content":{"rendered":"<p>Sweat-shirt ignifug\u00e9 avec coutures renforc\u00e9es au cou et aux \u00e9paules et poignets en tricot c\u00f4tel\u00e9. Certifi\u00e9 selon les normes EN 1149-5, EN ISO 11612, IEC 61482-2. ELIM - 12cal\/cm\u00b2, EBT - 13 cal\/cm\u00b2.<\/p>\n<p>FERMETURE : Ceinture \u00e0 c\u00f4tes. Finition des manches avec poignets. D\u00c9TAILS : \u00c9tiquettes de certification ext\u00e9rieures. Col de la manchette. CARACTERISTIQUES PRINCIPALES : Artisan. Messieurs. EN 1149-5. TISSU : Hommes. Bleu. Protection contre les flammes. INSTRUCTIONS DE LAVAGE : Ne pas nettoyer \u00e0 sec. CERTIFICATION : EN 1149-5. EN 61482-2, APC 1. ISO 11612 A1, B1, C2<\/p>\n<p>60% modacrylique, 39% coton, 1% fibre antistatique, polaire, ignifug\u00e9, antistatique, 280g\/m<\/p>","protected":false},"excerpt":{"rendered":"<p>Flammhemmendes Sweatshirt mit verst\u00e4rkten Hals- und Schultern\u00e4hten und Rippstrickb\u00fcndchen. Zertifiziert nach EN 1149-5, EN ISO 11612, IEC 61482-2. ELIM &#8211; 12cal\/cm\u00b2, EBT &#8211; 13 cal\/cm\u00b2. ABSCHLUSS: Gerippter Bund. Armabschluss mit B\u00fcndchen. DETAILS: Aussenliegende Zertifizierungsetiketten. B\u00fcndchenhals. HAUPTEIGENSCHAFTEN: Handwerker. Herren. EN 1149-5. STOFF: Herren. blau. Flammschutz. WASCHANLEITUNG: Nicht chemisch reinigen. ZERTIFIZIERUNG: EN 1149-5. EN 61482-2, APC 1. [&hellip;]<\/p>\n","protected":false},"featured_media":586458,"template":"","meta":[],"product_brand":[],"product_cat":[4184],"product_tag":[],"class_list":{"0":"post-586408","1":"product","2":"type-product","3":"status-publish","4":"has-post-thumbnail","6":"product_cat-hoodies-pullover","7":"pa_brand-blaklaeder","8":"pa_brand-type-workwear","9":"pa_filter-color-blau","10":"pa_filter-color-schwarz","12":"first","13":"instock","14":"sale","15":"taxable","16":"shipping-taxable","17":"purchasable","18":"product-type-variable","19":"add-to-wishlist-before_image"},"exclude_global_add_ons":[],"addons":[],"acf":[],"_links":{"self":[{"href":"https:\/\/shop.kustom.ch\/fr\/wp-json\/wp\/v2\/product\/586408"}],"collection":[{"href":"https:\/\/shop.kustom.ch\/fr\/wp-json\/wp\/v2\/product"}],"about":[{"href":"https:\/\/shop.kustom.ch\/fr\/wp-json\/wp\/v2\/types\/product"}],"wp:featuredmedia":[{"embeddable":true,"href":"https:\/\/shop.kustom.ch\/fr\/wp-json\/wp\/v2\/media\/586458"}],"wp:attachment":[{"href":"https:\/\/shop.kustom.ch\/fr\/wp-json\/wp\/v2\/media?parent=586408"}],"wp:term":[{"taxonomy":"product_brand","embeddable":true,"href":"https:\/\/shop.kustom.ch\/fr\/wp-json\/wp\/v2\/product_brand?post=586408"},{"taxonomy":"product_cat","embeddable":true,"href":"https:\/\/shop.kustom.ch\/fr\/wp-json\/wp\/v2\/product_cat?post=586408"},{"taxonomy":"product_tag","embeddable":true,"href":"https:\/\/shop.kustom.ch\/fr\/wp-json\/wp\/v2\/product_tag?post=586408"}],"curies":[{"name":"wp","href":"https:\/\/api.w.org\/{rel}","templated":true}]}}