{"id":586364,"date":"2025-03-04T22:07:24","date_gmt":"2025-03-04T21:07:24","guid":{"rendered":"https:\/\/shop.kustom.ch\/?post_type=product&#038;p=586364"},"modified":"2026-03-31T08:47:57","modified_gmt":"2026-03-31T07:47:57","slug":"multinorm-sicherheitsweste","status":"publish","type":"product","link":"https:\/\/shop.kustom.ch\/fr\/produit\/multinorm-sicherheitsweste\/","title":{"rendered":"Gilet de s\u00e9curit\u00e9 Multinorm"},"content":{"rendered":"<p>Gilet l\u00e9ger haute visibilit\u00e9 avec propri\u00e9t\u00e9s antistatiques. Les bandes r\u00e9fl\u00e9chissantes autour du gilet, y compris sur les manches, assurent la visibilit\u00e9 de l'utilisateur dans toutes les directions. Avec une fermeture \u00e0 glissi\u00e8re sur le devant et des ouvertures lat\u00e9rales pratiques qui permettent d'acc\u00e9der facilement aux v\u00eatements et aux poches situ\u00e9es en dessous. Certifi\u00e9 selon les normes EN 1149-5, EN ISO 20471, EN ISO 14116.<\/p>\n<p>FERMETURE : Dos rallong\u00e9. D\u00c9TAILS : Anneau en D. \u00c9tiquette \u00e0 l'ext\u00e9rieur. FERMETURE FRONTALE : Fermeture \u00e0 glissi\u00e8re en plastique. TRAVAUX PRINCIPAUX : Travailleurs de la route et du b\u00e2timent. EN 1149-5. REFLEX : Bandes r\u00e9fl\u00e9chissantes ignifuges de 50 mm de large. TISSU : pour hommes. Jaune haute visibilit\u00e9. Protection contre les flammes. POCHES : Ouvertures sur le c\u00f4t\u00e9 pour acc\u00e9der aux poches situ\u00e9es en dessous. INSTRUCTIONS DE LAVAGE : Ne pas blanchir. CERTIFICATION : EN 1149-5. EN ISO 14116 indice 1. EN ISO 20471, classe 3.<\/p>\n<p>98% polyester, 2% fibre antistatique, tricot cha\u00eene, ignifug\u00e9, antistatique, 120 g\/m<\/p>","protected":false},"excerpt":{"rendered":"<p>Leichte, High Vis Weste mit antistatischen Eigenschaften. Reflexstreifen um die Weste herum, auch an den \u00c4rmeln, sorgen daf\u00fcr, dass der Tr\u00e4ger aus allen Richtungen sichtbar ist. Mit einem Reissverschluss an der Voderseite und praktischen Seiten\u00f6ffnungen, die einen bequemen Zugang zu Kleidung und darunter liegenden Taschen erm\u00f6glichen. Zertifiziert nach EN 1149-5, EN ISO 20471, EN ISO [&hellip;]<\/p>\n","protected":false},"featured_media":586426,"template":"","meta":[],"product_brand":[],"product_cat":[4208],"product_tag":[],"class_list":{"0":"post-586364","1":"product","2":"type-product","3":"status-publish","4":"has-post-thumbnail","6":"product_cat-westen","7":"pa_brand-blaklaeder","8":"pa_brand-type-workwear","9":"pa_filter-color-gelb","10":"pa_filter-color-orange","12":"first","13":"instock","14":"sale","15":"taxable","16":"shipping-taxable","17":"purchasable","18":"product-type-variable","19":"add-to-wishlist-before_image"},"exclude_global_add_ons":[],"addons":[],"acf":[],"_links":{"self":[{"href":"https:\/\/shop.kustom.ch\/fr\/wp-json\/wp\/v2\/product\/586364"}],"collection":[{"href":"https:\/\/shop.kustom.ch\/fr\/wp-json\/wp\/v2\/product"}],"about":[{"href":"https:\/\/shop.kustom.ch\/fr\/wp-json\/wp\/v2\/types\/product"}],"wp:featuredmedia":[{"embeddable":true,"href":"https:\/\/shop.kustom.ch\/fr\/wp-json\/wp\/v2\/media\/586426"}],"wp:attachment":[{"href":"https:\/\/shop.kustom.ch\/fr\/wp-json\/wp\/v2\/media?parent=586364"}],"wp:term":[{"taxonomy":"product_brand","embeddable":true,"href":"https:\/\/shop.kustom.ch\/fr\/wp-json\/wp\/v2\/product_brand?post=586364"},{"taxonomy":"product_cat","embeddable":true,"href":"https:\/\/shop.kustom.ch\/fr\/wp-json\/wp\/v2\/product_cat?post=586364"},{"taxonomy":"product_tag","embeddable":true,"href":"https:\/\/shop.kustom.ch\/fr\/wp-json\/wp\/v2\/product_tag?post=586364"}],"curies":[{"name":"wp","href":"https:\/\/api.w.org\/{rel}","templated":true}]}}