{"id":586343,"date":"2025-03-04T22:06:45","date_gmt":"2025-03-04T21:06:45","guid":{"rendered":"https:\/\/shop.kustom.ch\/?post_type=product&#038;p=586343"},"modified":"2026-03-31T08:47:56","modified_gmt":"2026-03-31T07:47:56","slug":"high-vis-werkzeug-weste","status":"publish","type":"product","link":"https:\/\/shop.kustom.ch\/fr\/produit\/high-vis-werkzeug-weste\/","title":{"rendered":"Gilet porte-outils haute visibilit\u00e9"},"content":{"rendered":"<p>Gilet d'artisan moderne avec de nombreuses poches pratiques pour les outils et les accessoires. Poches \u00e0 clous amovibles et ceinture de taille pour soulager les \u00e9paules et le cou. Le gilet a m\u00eame des fermetures \u00e9clair doubles \u00e0 l'avant pour r\u00e9gler la largeur, ce qui offre un meilleur ajustement et un bon confort. Les inserts en mesh et le mat\u00e9riau extensible rendent le gilet l\u00e9ger et offrent une bonne ventilation. Certifi\u00e9 selon EN ISO 20471, S classe 1, M-4XL classe 2.<\/p>\n<p>D\u00c9TAILS : Anneau en D. Boutons en m\u00e9tal. Porte-couteau avec bouton. Deux boucles avec fermeture velcro sur les c\u00f4t\u00e9s pour les porte-marteaux. FERMETURE FRONTALE : Fermeture \u00e0 glissi\u00e8re robuste en plastique. FONCTIONNALIT\u00c9 : Mesh \u00e9pais sur les \u00e9paules avant et le dos. TRAVAILLEURS PRINCIPAUX : Travailleurs de la route et du b\u00e2timent. EN ISO 20471. REFLEX : R\u00e9flecteurs sur les \u00e9paules et le corps. TISSU : pour hommes. Jaune haute visibilit\u00e9. Poches \u00e0 clous. Protection haute visibilit\u00e9. POCHES : Poches poitrine, une avec rabat, une avec boutons pour couteau. Poche pour documents \u00e0 l'avant. Poche \u00e0 clous \u00e0 l'arri\u00e8re - amovible. Deux poches Napol\u00e9on pouvant accueillir des formats A4. INSTRUCTIONS DE LAVAGE : Nombre de lavages : 50. Ne pas nettoyer \u00e0 sec. RENFORCEMENT : Poches \u00e0 clous renforc\u00e9es en CORDURA\u00ae. CERTIFICATION : Groupe de certification E-&gt;S. ACCESSOIRES : Boucle \u00e0 fermeture rapide<\/p>\n<p>85% polyester, 15% coton, satin, 300g\/m<\/p>","protected":false},"excerpt":{"rendered":"<p>Moderne Handwerker Weste mit vielen praktischen Taschen f\u00fcr Werkzeug und Zubeh\u00f6r. Abnehmbare Nageltaschen und Taillengurt zur Entlastung von Schultern und Nacken. Die Weste hat sogar Doppelreissverschl\u00fcsse vorne um die Weite einzustellen, was eine bessere Passform und guten Komfort bietet. Mesh Eins\u00e4tze mit Stretch Material machen die Weste leicht und bieten gute Bel\u00fcftung. Zertifiziert nach EN [&hellip;]<\/p>\n","protected":false},"featured_media":586393,"template":"","meta":[],"product_brand":[],"product_cat":[4208],"product_tag":[],"class_list":{"0":"post-586343","1":"product","2":"type-product","3":"status-publish","4":"has-post-thumbnail","6":"product_cat-westen","7":"pa_brand-blaklaeder","8":"pa_brand-type-workwear","9":"pa_filter-color-gelb","10":"pa_filter-color-orange","11":"pa_filter-color-rot","13":"first","14":"instock","15":"sale","16":"taxable","17":"shipping-taxable","18":"purchasable","19":"product-type-variable","20":"add-to-wishlist-before_image"},"exclude_global_add_ons":[],"addons":[],"acf":[],"_links":{"self":[{"href":"https:\/\/shop.kustom.ch\/fr\/wp-json\/wp\/v2\/product\/586343"}],"collection":[{"href":"https:\/\/shop.kustom.ch\/fr\/wp-json\/wp\/v2\/product"}],"about":[{"href":"https:\/\/shop.kustom.ch\/fr\/wp-json\/wp\/v2\/types\/product"}],"wp:featuredmedia":[{"embeddable":true,"href":"https:\/\/shop.kustom.ch\/fr\/wp-json\/wp\/v2\/media\/586393"}],"wp:attachment":[{"href":"https:\/\/shop.kustom.ch\/fr\/wp-json\/wp\/v2\/media?parent=586343"}],"wp:term":[{"taxonomy":"product_brand","embeddable":true,"href":"https:\/\/shop.kustom.ch\/fr\/wp-json\/wp\/v2\/product_brand?post=586343"},{"taxonomy":"product_cat","embeddable":true,"href":"https:\/\/shop.kustom.ch\/fr\/wp-json\/wp\/v2\/product_cat?post=586343"},{"taxonomy":"product_tag","embeddable":true,"href":"https:\/\/shop.kustom.ch\/fr\/wp-json\/wp\/v2\/product_tag?post=586343"}],"curies":[{"name":"wp","href":"https:\/\/api.w.org\/{rel}","templated":true}]}}