{"id":586301,"date":"2025-03-04T22:05:32","date_gmt":"2025-03-04T21:05:32","guid":{"rendered":"https:\/\/shop.kustom.ch\/?post_type=product&#038;p=586301"},"modified":"2026-03-31T08:47:51","modified_gmt":"2026-03-31T07:47:51","slug":"high-vis-weste-2","status":"publish","type":"product","link":"https:\/\/shop.kustom.ch\/fr\/produit\/high-vis-weste-2\/","title":{"rendered":"Gilet haute visibilit\u00e9"},"content":{"rendered":"<p>Un gilet en tissu fluorescent, \u00e0 la fois r\u00e9sistant et flexible. Jusqu'\u00e0 25 lavages \u00e0 85\u00b0 avec maintien de la fluorescence sont garantis. Certifi\u00e9 selon la norme EN471 classe 2.<\/p>\n<p>D\u00c9TAILS : Poche pour carte d'identit\u00e9 escamotable. Boucle pour marteau sur le c\u00f4t\u00e9. Larges passants pour la ceinture. Ouverture \u00e0 l'arri\u00e8re pour la fixation du harnais de s\u00e9curit\u00e9. FERMETURE FRONTALE : Fermeture \u00e0 glissi\u00e8re m\u00e9tallique renforc\u00e9e et dissimul\u00e9e. CARACT\u00c9RISTIQUES PRINCIPALES : Artisan. RIS-3279-TOM . REFLEX : Bandes r\u00e9fl\u00e9chissantes de 50 mm de large. TISSU : pour hommes. Jaune haute visibilit\u00e9. Poches \u00e0 clous . Protection haute visibilit\u00e9 . POSSIBILIT\u00c9S : Poches de poitrine libres et suspendues avec sangles de s\u00e9curit\u00e9, dont une avec poche pour t\u00e9l\u00e9phone portable et une avec boutons brevet\u00e9s et porte-couteau. Poches \u00e0 clous - devant et derri\u00e8re. INSTRUCTIONS DE LAVAGE : Lavage \u00e0 la maison X 50. Ne pas nettoyer \u00e0 sec. LAVAGE : lavage industriel EN ISO 15797. CERTIFICATION : classe 2 et 3 Les v\u00eatements orange sont conformes \u00e0 la norme RIS-3279-TOM Issue 2.<\/p>\n<p>85% polyester, 15% coton, satin, 300g\/m<\/p>","protected":false},"excerpt":{"rendered":"<p>Eine Weste aus fluoreszierendem, strapazierf\u00e4higen und gleichzeitig flexiblem Gewebe. Bis zu 25 W\u00e4schen bei 85\u00b0 mit erhaltener Fluoreszenz werden garantiert. Zertifiziert nach EN471 Klasse 2. DETAILS: Ausweistasche versenkbar. Hammerschlaufe an der Seite. Breite G\u00fcrtelschlaufen. \u00d6ffnung auf der R\u00fcckseite f\u00fcr die Befestigung des Sicherheitsgeschirrs. FRONTVERSCHLUSS: Verdeckter, verst\u00e4rkter Reissverschluss aus Metall. HAUPTEIGENSCHAFTEN: Handwerker. RIS-3279-TOM . REFLEX: 50 [&hellip;]<\/p>\n","protected":false},"featured_media":586351,"template":"","meta":[],"product_brand":[],"product_cat":[4208],"product_tag":[],"class_list":{"0":"post-586301","1":"product","2":"type-product","3":"status-publish","4":"has-post-thumbnail","6":"product_cat-westen","7":"pa_brand-blaklaeder","8":"pa_brand-type-workwear","9":"pa_filter-color-gelb","10":"pa_filter-color-orange","11":"pa_filter-color-rot","13":"first","14":"instock","15":"sale","16":"taxable","17":"shipping-taxable","18":"purchasable","19":"product-type-variable","20":"add-to-wishlist-before_image"},"exclude_global_add_ons":[],"addons":[],"acf":[],"_links":{"self":[{"href":"https:\/\/shop.kustom.ch\/fr\/wp-json\/wp\/v2\/product\/586301"}],"collection":[{"href":"https:\/\/shop.kustom.ch\/fr\/wp-json\/wp\/v2\/product"}],"about":[{"href":"https:\/\/shop.kustom.ch\/fr\/wp-json\/wp\/v2\/types\/product"}],"wp:featuredmedia":[{"embeddable":true,"href":"https:\/\/shop.kustom.ch\/fr\/wp-json\/wp\/v2\/media\/586351"}],"wp:attachment":[{"href":"https:\/\/shop.kustom.ch\/fr\/wp-json\/wp\/v2\/media?parent=586301"}],"wp:term":[{"taxonomy":"product_brand","embeddable":true,"href":"https:\/\/shop.kustom.ch\/fr\/wp-json\/wp\/v2\/product_brand?post=586301"},{"taxonomy":"product_cat","embeddable":true,"href":"https:\/\/shop.kustom.ch\/fr\/wp-json\/wp\/v2\/product_cat?post=586301"},{"taxonomy":"product_tag","embeddable":true,"href":"https:\/\/shop.kustom.ch\/fr\/wp-json\/wp\/v2\/product_tag?post=586301"}],"curies":[{"name":"wp","href":"https:\/\/api.w.org\/{rel}","templated":true}]}}