{"id":586076,"date":"2025-03-04T22:01:27","date_gmt":"2025-03-04T21:01:27","guid":{"rendered":"https:\/\/shop.kustom.ch\/?post_type=product&#038;p=586076"},"modified":"2026-03-31T08:46:43","modified_gmt":"2026-03-31T07:46:43","slug":"multinorm-latzhose-inhaerent-2","status":"publish","type":"product","link":"https:\/\/shop.kustom.ch\/fr\/produit\/multinorm-latzhose-inhaerent-2\/","title":{"rendered":"Salopette Multinorm Inh\u00e9rente"},"content":{"rendered":"<p>La salopette est compos\u00e9e d'un tissu ignifug\u00e9 inh\u00e9rent, ce qui signifie que les propri\u00e9t\u00e9s ignifuges sont naturellement contenues dans les fibres. Ce pantalon souple offre une grande libert\u00e9 de mouvement et les genoux sont renforc\u00e9s par un tissu CORDURA\u00ae\/Kevlar\u00ae\/Protal\u00ae. Il est r\u00e9sistant \u00e0 l'huile, \u00e0 la salet\u00e9 et \u00e0 l'eau et est \u00e9quip\u00e9 de nombreuses solutions de poches astucieuses qui r\u00e9pondent aux certifications et aux normes. Des bretelles \u00e9lastiques assurent un meilleur confort. Les poches soumises \u00e0 une usure excessive sont doublement renforc\u00e9es afin de prolonger leur dur\u00e9e de vie. Le tissu ripstop offre une excellente r\u00e9sistance \u00e0 la d\u00e9chirure. Toutes les tailles C peuvent \u00eatre rallong\u00e9es en tailles C-150. Test\u00e9 et approuv\u00e9 pour 50 lavages. Le produit est certifi\u00e9 selon les normes EN 14404, EN 1149-5, EN ISO 11611, EN 13034, EN ISO 20471, EN ISO 11612, IEC 61482-2, ATPV : 11 cal\/cm\u00b2. Atteint la certification de classe 3 lorsqu'elle est combin\u00e9e avec la veste 4089 sous la norme EN ISO 20471. Conforme aux exigences EN ISO 15797 pour le lavage industriel.<\/p>\n<p>FERMETURE : Possibilit\u00e9 de rallonger l'ourlet de la jambe. D\u00c9TAILS : Poche d'identification amovible pour les v\u00eatements ignifuges. \u00c9tiquettes de certification ext\u00e9rieures. Bretelles r\u00e9glables avec \u00e9lastique. Boutons dissimul\u00e9s. Fermeture \u00e0 glissi\u00e8re en plastique \u00e0 l'entrejambe. Passants, dont un avec anneau en D. Taille r\u00e9glable. FONCTIONNALIT\u00c9 : R\u00e9sistant \u00e0 l'huile, \u00e0 la salet\u00e9 et \u00e0 l'eau. CARACT\u00c9RISTIQUES PRINCIPALES : Artisan. Messieurs. EN 13034. REFLEX : Bandes r\u00e9fl\u00e9chissantes ignifuges avec doubles coutures. TISSU : Hommes. Jaune haute visibilit\u00e9. Poches pour genouill\u00e8res. Protection contre les flammes. POCHES : Poche sur la jambe avec soufflet, poche pour t\u00e9l\u00e9phone portable et poche pour stylo. Poche de poitrine avec rabat et poche pour stylo. Poches arri\u00e8re renforc\u00e9es par un soufflet et un rabat. Poches ext\u00e9rieures pour genouill\u00e8res. Poches avant en biais. Poche m\u00e8tre renforc\u00e9e avec porte-couteau et poche stylo. INSTRUCTIONS DE LAVAGE : 60\u00b0 C. RENFORCEMENT : CORDURA\u00ae\/Kevlar\u00ae\/Protal\u00ae - renforc\u00e9 aux genoux. CERTIFICATION : ATPV Rating : 32 cal\/cm\u00b2, CAT 3. 50 lavages maximum. EN 13034 PB (6). EN 14404:2004+A1:2010 avec genouill\u00e8res 4027 et 4057. EN 61482-2, APC 1. 50 lavages max. Max. 50 cycles de lavage. Groupe de certification Z<\/p>\n<p>44% Modacrylique, 30% Coton, 20% FR Polyamide, 5% Aramide, 1% antistatique, Ripstop, ignifug\u00e9, antistatique, 260 g\/m<\/p>","protected":false},"excerpt":{"rendered":"<p>Die Latzhose besteht aus einem inh\u00e4renten flammhemmenden Stoff, was bedeutet, dass die Flammschutz-Eigenschaften nat\u00fcrlich in den Fasern enthalten sind. Diese weiche Hose bietet Bewegungsfreiheit und die Knie sind mit einem CORDURA\u00ae\/Kevlar\u00ae\/Protal\u00ae Stoff verst\u00e4rkt. Sie ist \u00f6l-, schmutz- und wasserabweisend und mit vielen cleveren Taschenl\u00f6sungen, die die Zertifizierungen und Normen erf\u00fcllen, ausgestattet. Elastische Hosentr\u00e4ger sorgen f\u00fcr [&hellip;]<\/p>\n","protected":false},"featured_media":586104,"template":"","meta":[],"product_brand":[],"product_cat":[10448],"product_tag":[],"class_list":{"0":"post-586076","1":"product","2":"type-product","3":"status-publish","4":"has-post-thumbnail","6":"product_cat-latzhose","7":"pa_brand-blaklaeder","8":"pa_brand-type-workwear","9":"pa_filter-color-blau","10":"pa_filter-color-gelb","11":"pa_filter-color-orange","13":"first","14":"instock","15":"sale","16":"taxable","17":"shipping-taxable","18":"purchasable","19":"product-type-variable","20":"add-to-wishlist-before_image"},"exclude_global_add_ons":[],"addons":[],"acf":[],"_links":{"self":[{"href":"https:\/\/shop.kustom.ch\/fr\/wp-json\/wp\/v2\/product\/586076"}],"collection":[{"href":"https:\/\/shop.kustom.ch\/fr\/wp-json\/wp\/v2\/product"}],"about":[{"href":"https:\/\/shop.kustom.ch\/fr\/wp-json\/wp\/v2\/types\/product"}],"wp:featuredmedia":[{"embeddable":true,"href":"https:\/\/shop.kustom.ch\/fr\/wp-json\/wp\/v2\/media\/586104"}],"wp:attachment":[{"href":"https:\/\/shop.kustom.ch\/fr\/wp-json\/wp\/v2\/media?parent=586076"}],"wp:term":[{"taxonomy":"product_brand","embeddable":true,"href":"https:\/\/shop.kustom.ch\/fr\/wp-json\/wp\/v2\/product_brand?post=586076"},{"taxonomy":"product_cat","embeddable":true,"href":"https:\/\/shop.kustom.ch\/fr\/wp-json\/wp\/v2\/product_cat?post=586076"},{"taxonomy":"product_tag","embeddable":true,"href":"https:\/\/shop.kustom.ch\/fr\/wp-json\/wp\/v2\/product_tag?post=586076"}],"curies":[{"name":"wp","href":"https:\/\/api.w.org\/{rel}","templated":true}]}}