{"id":585992,"date":"2025-03-04T10:41:52","date_gmt":"2025-03-04T09:41:52","guid":{"rendered":"https:\/\/shop.kustom.ch\/?post_type=product&#038;p=585992"},"modified":"2026-03-31T08:46:06","modified_gmt":"2026-03-31T07:46:06","slug":"flammschutz-latzhose-2","status":"publish","type":"product","link":"https:\/\/shop.kustom.ch\/fr\/produit\/flammschutz-latzhose-2\/","title":{"rendered":"Salopette ignifug\u00e9e"},"content":{"rendered":"<p>Salopette r\u00e9sistante \u00e0 l'huile, \u00e0 la salet\u00e9 et \u00e0 l'eau avec de nombreuses poches pour vos outils. D\u00e9tails r\u00e9fl\u00e9chissants sur les jambes, \u00e0 l'avant et \u00e0 l'arri\u00e8re pour une meilleure visibilit\u00e9. Convient au lavage industriel. Le tissu a une r\u00e9sistance \u00e0 l'arc \u00e9lectrique de IEC\/EN 61482-1-1 ATPV 16,0 cal\/cm\u00b2. Certifi\u00e9 selon les normes EN 14404, EN 1149-5, EN ISO 11611, EN 13034, EN ISO 11612, IEC 61482-2. ATPV : 16,0 cal\/cm\u00b2.<\/p>\n<p>D\u00c9TAILS : poche d'identification amovible pour les v\u00eatements ignifuges. \u00c9tiquettes de certification ext\u00e9rieures. Bretelles r\u00e9glables avec \u00e9lastique. Fermeture \u00e9clair m\u00e9tallique \u00e0 l'entrejambe. Passants, dont un avec anneau en D. Taille r\u00e9glable. FONCTIONNALIT\u00c9 : R\u00e9sistant \u00e0 l'huile, \u00e0 la salet\u00e9 et \u00e0 l'eau. CARACT\u00c9RISTIQUES PRINCIPALES : \u00c9lectricien. Messieurs. EN 13034. REFLEX : D\u00e9tails r\u00e9fl\u00e9chissants. TISSU : Hommes. Noir. Poches pour genouill\u00e8res. Protection contre les flammes. POCHES : Poche sur la jambe avec soufflet et rabat. Poche de poitrine avec rabat. Poches arri\u00e8re avec rabat, cach\u00e9es par des boutons m\u00e9talliques. Poches rembourr\u00e9es aux genoux \u00e0 l'int\u00e9rieur. Deux poches avant. Poche m\u00e8tre avec porte-couteau et poche stylo. INSTRUCTIONS DE LAVAGE : Ne pas nettoyer \u00e0 sec. CERTIFICATION : EN 1149-5. EN 13034 PB (6). EN 14404:2004+A1:2010 avec genouill\u00e8res 4027, 4057, 4058 et 4032. EN ISO 11611, classe 1 A1+A2. EN ISO 11612 A1, A2, B1, C1, E3, F1. ATPV - 16 cal\/cm\u00b2<\/p>\n<p>85% coton, 14% polyester, 1% antistatique, serg\u00e9, ignifug\u00e9, antistatique, 350 g\/m<\/p>","protected":false},"excerpt":{"rendered":"<p>\u00d6l-, schmutz- und wasserabweisende Latzhose mit vielen Taschen f\u00fcr Ihr Werkzeug. Reflexdetails an den Beinen, vorne und hinten f\u00fcr erh\u00f6hte Sichtbarkeit. Industriew\u00e4sche geeignet. Der Stoff hat eine Lichtbogenfestigkeit von IEC\/EN 61482-1-1 ATPV 16,0 cal\/cm\u00b2. Zertifiziert nach EN 14404, EN 1149-5, EN ISO 11611, EN 13034, EN ISO 11612, IEC 61482-2. ATPV: 16,0 cal\/cm\u00b2. DETAILS: Abnehmbare [&hellip;]<\/p>\n","protected":false},"featured_media":586035,"template":"","meta":[],"product_brand":[],"product_cat":[10448],"product_tag":[],"class_list":{"0":"post-585992","1":"product","2":"type-product","3":"status-publish","4":"has-post-thumbnail","6":"product_cat-latzhose","7":"pa_brand-blaklaeder","8":"pa_brand-type-workwear","9":"pa_filter-color-grau","10":"pa_filter-color-schwarz","12":"first","13":"instock","14":"sale","15":"taxable","16":"shipping-taxable","17":"purchasable","18":"product-type-variable","19":"add-to-wishlist-before_image"},"exclude_global_add_ons":[],"addons":[],"acf":[],"_links":{"self":[{"href":"https:\/\/shop.kustom.ch\/fr\/wp-json\/wp\/v2\/product\/585992"}],"collection":[{"href":"https:\/\/shop.kustom.ch\/fr\/wp-json\/wp\/v2\/product"}],"about":[{"href":"https:\/\/shop.kustom.ch\/fr\/wp-json\/wp\/v2\/types\/product"}],"wp:featuredmedia":[{"embeddable":true,"href":"https:\/\/shop.kustom.ch\/fr\/wp-json\/wp\/v2\/media\/586035"}],"wp:attachment":[{"href":"https:\/\/shop.kustom.ch\/fr\/wp-json\/wp\/v2\/media?parent=585992"}],"wp:term":[{"taxonomy":"product_brand","embeddable":true,"href":"https:\/\/shop.kustom.ch\/fr\/wp-json\/wp\/v2\/product_brand?post=585992"},{"taxonomy":"product_cat","embeddable":true,"href":"https:\/\/shop.kustom.ch\/fr\/wp-json\/wp\/v2\/product_cat?post=585992"},{"taxonomy":"product_tag","embeddable":true,"href":"https:\/\/shop.kustom.ch\/fr\/wp-json\/wp\/v2\/product_tag?post=585992"}],"curies":[{"name":"wp","href":"https:\/\/api.w.org\/{rel}","templated":true}]}}