{"id":585951,"date":"2025-03-04T10:41:13","date_gmt":"2025-03-04T09:41:13","guid":{"rendered":"https:\/\/shop.kustom.ch\/?post_type=product&#038;p=585951"},"modified":"2026-03-31T08:45:52","modified_gmt":"2026-03-31T07:45:52","slug":"flammschutz-latzhose","status":"publish","type":"product","link":"https:\/\/shop.kustom.ch\/fr\/produit\/flammschutz-latzhose\/","title":{"rendered":"Salopette ignifug\u00e9e"},"content":{"rendered":"<p>Salopette ignifuge r\u00e9sistante \u00e0 l'huile, \u00e0 la salet\u00e9 et \u00e0 l'eau avec taille r\u00e9glable et bretelles \u00e9lastiques pour un meilleur confort. Ce pantalon robuste poss\u00e8de des poches pratiques avec rabat et une poche m\u00e8tre pour les n\u00e9cessit\u00e9s quotidiennes au travail. Certifi\u00e9 conforme aux normes EN 14404, EN 1149-5, EN ISO 11611, EN 13034, EN ISO 11612, IEC 61482-2. ATPV : 16,0 cal\/cm\u00b2. Conforme aux exigences EN ISO 15797 pour le lavage industriel.<\/p>\n<p>FERMETURE : Possibilit\u00e9 de rallonger l'ourlet de la jambe. D\u00c9TAILS : Anneau en D. \u00c9tiquettes de certification ext\u00e9rieures. Bretelles r\u00e9glables avec \u00e9lastique. Fermeture \u00e9clair m\u00e9tallique \u00e0 l'entrejambe. Passants pour la ceinture. Taille r\u00e9glable. FONCTIONNALIT\u00c9 : R\u00e9sistant \u00e0 l'huile, \u00e0 la salet\u00e9 et \u00e0 l'eau. CARACTERISTIQUES PRINCIPALES : Soudeur. Messieurs. EN ISO 11611. TISSU : Hommes. bleu. Poches pour genouill\u00e8res. Protection contre les flammes. POCHES : Poche sur la jambe avec soufflet et rabat. Poche poitrine avec rabat. Poches arri\u00e8re avec rabat et bouton-pression. Poches ext\u00e9rieures pour genouill\u00e8res. Poches lat\u00e9rales. Poche m\u00e8tre avec porte-couteau. INSTRUCTIONS DE LAVAGE : Ne pas blanchir. LAVAGE : Lavage industriel EN ISO 15797. CERTIFICATION : EN 1149-5. 20 cycles de lavage maximum. EN 14404:2004+A1:2010 ensemble avec les genouill\u00e8res 4027, 4057, 4058 et 4032. EN ISO 11611, classe 1 A1+A2. EN ISO 11612 A1, A2, B1, C1, E3, F1. IEC 61482-2, APC 1<\/p>\n<p>85% coton, 14% polyester, 1% antistatique, serg\u00e9, ignifug\u00e9, antistatique, 350 g\/m<\/p>","protected":false},"excerpt":{"rendered":"<p>\u00d6l-, schmutz- und wasserabweisende Flammschutz Latzhose mit verstellbarer Taille und elastischen Hosentr\u00e4gern f\u00fcr besseren Komfort. Diese robuste Hose hat praktische Taschen mit Patte und eine Zollstocktasche f\u00fcr allt\u00e4gliche Notwendigkeiten bei der Arbeit. Zertifiziert nach EN 14404, EN 1149-5, EN ISO 11611, EN 13034, EN ISO 11612, IEC 61482-2. ATPV: 16,0 cal\/cm\u00b2. Erf\u00fcllt die EN ISO [&hellip;]<\/p>\n","protected":false},"featured_media":585996,"template":"","meta":[],"product_brand":[],"product_cat":[10448],"product_tag":[],"class_list":{"0":"post-585951","1":"product","2":"type-product","3":"status-publish","4":"has-post-thumbnail","6":"product_cat-latzhose","7":"pa_brand-blaklaeder","8":"pa_brand-type-workwear","9":"pa_filter-color-blau","11":"first","12":"instock","13":"sale","14":"taxable","15":"shipping-taxable","16":"purchasable","17":"product-type-variable","18":"add-to-wishlist-before_image"},"exclude_global_add_ons":[],"addons":[],"acf":[],"_links":{"self":[{"href":"https:\/\/shop.kustom.ch\/fr\/wp-json\/wp\/v2\/product\/585951"}],"collection":[{"href":"https:\/\/shop.kustom.ch\/fr\/wp-json\/wp\/v2\/product"}],"about":[{"href":"https:\/\/shop.kustom.ch\/fr\/wp-json\/wp\/v2\/types\/product"}],"wp:featuredmedia":[{"embeddable":true,"href":"https:\/\/shop.kustom.ch\/fr\/wp-json\/wp\/v2\/media\/585996"}],"wp:attachment":[{"href":"https:\/\/shop.kustom.ch\/fr\/wp-json\/wp\/v2\/media?parent=585951"}],"wp:term":[{"taxonomy":"product_brand","embeddable":true,"href":"https:\/\/shop.kustom.ch\/fr\/wp-json\/wp\/v2\/product_brand?post=585951"},{"taxonomy":"product_cat","embeddable":true,"href":"https:\/\/shop.kustom.ch\/fr\/wp-json\/wp\/v2\/product_cat?post=585951"},{"taxonomy":"product_tag","embeddable":true,"href":"https:\/\/shop.kustom.ch\/fr\/wp-json\/wp\/v2\/product_tag?post=585951"}],"curies":[{"name":"wp","href":"https:\/\/api.w.org\/{rel}","templated":true}]}}