{"id":585777,"date":"2025-03-04T10:39:05","date_gmt":"2025-03-04T09:39:05","guid":{"rendered":"https:\/\/shop.kustom.ch\/?post_type=product&#038;p=585777"},"modified":"2026-03-31T08:45:35","modified_gmt":"2026-03-31T07:45:35","slug":"latzhose-mit-stretch","status":"publish","type":"product","link":"https:\/\/shop.kustom.ch\/fr\/produit\/latzhose-mit-stretch\/","title":{"rendered":"Salopette avec stretch"},"content":{"rendered":"<p>Salopette en ripstop robuste et fonctionnelle. Pour un ajustement et un confort optimaux, le pantalon est dot\u00e9 d'inserts en stretch sur les mollets et \u00e0 l'int\u00e9rieur des cuisses, ainsi que de poches genouill\u00e8res en CORDURA\u00ae stretch \u00e0 remplir par le haut. Des d\u00e9tails soigneusement s\u00e9lectionn\u00e9s, tels que des d\u00e9tails r\u00e9fl\u00e9chissants individuels, une poche pour t\u00e9l\u00e9phone portable en mesh, une poche pour m\u00e8tre pliant et un porte-couteau pratique, font de ce pantalon un produit adapt\u00e9 aux artisans. Ne convient pas aux travaux manuels lourds.<\/p>\n<p>FERMETURE : Bas de jambes r\u00e9glables avec boutons. D\u00c9TAILS : Boucle marteau sur le c\u00f4t\u00e9. Bretelles r\u00e9glables avec \u00e9lastique. Fermeture \u00e9clair en plastique \u00e0 l'entrejambe. Boucle non m\u00e9tallique. Taille r\u00e9glable. FONCTIONNALIT\u00c9 : Inserts stretch \u00e0 l'entrejambe, au mollet et poche genouill\u00e8re. Jambes de pantalon de forme particuli\u00e8rement ergonomique. CARACTERISTIQUES PRINCIPALES : manutentionnaires. Messieurs. EN 14004. REFLEX : D\u00e9tails r\u00e9fl\u00e9chissants. TISSU : Hommes. Vert. Poches pour genouill\u00e8res. Industrie \/ Service. POCHES : Poche sur la jambe avec soufflet, poche pour stylo et poche pour t\u00e9l\u00e9phone portable \u00e0 l'int\u00e9rieur en mesh. Poche poitrine avec rabat de couleur contrast\u00e9e et poche stylo. Poches arri\u00e8re. Poche int\u00e9rieure avec fermeture \u00e9clair. Poches pour genouill\u00e8res - en haut avec rabat et fermeture velcro. Tissu stretch \u00e0 l'ext\u00e9rieur et \u00e0 l'int\u00e9rieur pour un meilleur ajustement ergonomique. Poches lat\u00e9rales. Poche m\u00e8tre avec porte couteau et poche stylo. INSTRUCTIONS DE LAVAGE : Ne pas blanchir. RENFORCEMENT : Poches genouill\u00e8res renforc\u00e9es en Cordura\u00ae Stretch. CERTIFICATION : EN 14404:2004+A1:2010 avec genouill\u00e8res 4027 et 4057.<\/p>\n<p>Coton 60%, polyester 40%, ripstop 250g\/m<\/p>","protected":false},"excerpt":{"rendered":"<p>Robuste und funktionelle Ripstop Latzhose. F\u00fcr optimalen Sitz und Komfort hat die Hose Stretch-Eins\u00e4tze an den Waden und den Innenseiten der Oberschenkel, so wie von oben zu f\u00fcllende Knietaschen aus CORDURA\u00ae-Stretch. Sorgf\u00e4ltig ausgew\u00e4hlte Details wie einzelne Reflexdetails, Handytasche aus Mesh, Zollstocktasche und praktischer Messerhalter machen die Hose passend f\u00fcr Handwerker. Nicht f\u00fcr schwere Handwerks Arbeiten [&hellip;]<\/p>\n","protected":false},"featured_media":585813,"template":"","meta":[],"product_brand":[],"product_cat":[10448],"product_tag":[],"class_list":{"0":"post-585777","1":"product","2":"type-product","3":"status-publish","4":"has-post-thumbnail","6":"product_cat-latzhose","7":"pa_brand-blaklaeder","8":"pa_brand-type-workwear","9":"pa_filter-color-blau","10":"pa_filter-color-gelb","11":"pa_filter-color-grau","12":"pa_filter-color-gruen","13":"pa_filter-color-rot","14":"pa_filter-color-schwarz","16":"first","17":"instock","18":"sale","19":"taxable","20":"shipping-taxable","21":"purchasable","22":"product-type-variable","23":"add-to-wishlist-before_image"},"exclude_global_add_ons":[],"addons":[],"acf":[],"_links":{"self":[{"href":"https:\/\/shop.kustom.ch\/fr\/wp-json\/wp\/v2\/product\/585777"}],"collection":[{"href":"https:\/\/shop.kustom.ch\/fr\/wp-json\/wp\/v2\/product"}],"about":[{"href":"https:\/\/shop.kustom.ch\/fr\/wp-json\/wp\/v2\/types\/product"}],"wp:featuredmedia":[{"embeddable":true,"href":"https:\/\/shop.kustom.ch\/fr\/wp-json\/wp\/v2\/media\/585813"}],"wp:attachment":[{"href":"https:\/\/shop.kustom.ch\/fr\/wp-json\/wp\/v2\/media?parent=585777"}],"wp:term":[{"taxonomy":"product_brand","embeddable":true,"href":"https:\/\/shop.kustom.ch\/fr\/wp-json\/wp\/v2\/product_brand?post=585777"},{"taxonomy":"product_cat","embeddable":true,"href":"https:\/\/shop.kustom.ch\/fr\/wp-json\/wp\/v2\/product_cat?post=585777"},{"taxonomy":"product_tag","embeddable":true,"href":"https:\/\/shop.kustom.ch\/fr\/wp-json\/wp\/v2\/product_tag?post=585777"}],"curies":[{"name":"wp","href":"https:\/\/api.w.org\/{rel}","templated":true}]}}