{"id":585625,"date":"2025-03-04T10:37:03","date_gmt":"2025-03-04T09:37:03","guid":{"rendered":"https:\/\/shop.kustom.ch\/?post_type=product&#038;p=585625"},"modified":"2026-03-31T08:45:18","modified_gmt":"2026-03-31T07:45:18","slug":"latzhose-industrie-2","status":"publish","type":"product","link":"https:\/\/shop.kustom.ch\/fr\/produit\/latzhose-industrie-2\/","title":{"rendered":"Salopette industrielle"},"content":{"rendered":"<p>Salopette industrielle en serg\u00e9 de coton 100%. Cette salopette a une taille et des bretelles r\u00e9glables. Les solutions de poches, telles que les poches arri\u00e8re \u00e0 rabat, la poche sur la jambe avec poche pour t\u00e9l\u00e9phone portable, la poche m\u00e8tre, la poche pour carte d'identit\u00e9, les compartiments \u00e0 stylos et les poches ext\u00e9rieures pour genouill\u00e8res, assurent un champ d'application extr\u00eamement large.<\/p>\n<p>D\u00c9TAILS : Poche pour carte d'identit\u00e9 amovible. Bretelles r\u00e9glables avec \u00e9lastique. Boucle non m\u00e9tallique. Taille r\u00e9glable. CARACTERISTIQUES PRINCIPALES : Poseur de sol. Homme. TISSU : Hommes. Bleu. Poches pour genouill\u00e8res. Industrie \/ Service. PORTEFEUILLE : Poche sur la jambe avec poche pour t\u00e9l\u00e9phone portable, poche pour carte d'identit\u00e9 et poches pour stylos. Poche poitrine avec rabat de couleur contrast\u00e9e et poche \u00e0 crayons. Poches arri\u00e8re avec rabat. Poche int\u00e9rieure avec fermeture \u00e9clair. Poches rembourr\u00e9es aux genoux \u00e0 l'int\u00e9rieur. Poches lat\u00e9rales. Poche m\u00e8tre pliant. INSTRUCTIONS DE LAVAGE : 70\u00b0 C. CERTIFICATION : EN 14404:2004+A1:2010 avec genouill\u00e8re 4057<\/p>\n<p>100% Coton, serg\u00e9, 320 g\/m<\/p>","protected":false},"excerpt":{"rendered":"<p>Industrie Latzhose aus 100% Baumwolle Twill. Diese Latzhose hat einen einstellbaren Bund und verstellbare Tr\u00e4ger. Taschenl\u00f6sungen, wie z.Bsp. Ges\u00e4sstaschen mit Patte, Beintasche mit Handytasche, Zollstocktasche, ID-Kartentasche, Stiftf\u00e4cher und aussenliegende Kniepolstertaschen sorgen f\u00fcr einen extrem weitl\u00e4ufigen Einsatzbereich. DETAILS: Abnehmbare Ausweistasche. Verstellbare Hosentr\u00e4ger mit Gummizug. Metallfreie Schnalle. Verstellbare Taille. HAUPTEIGENSCHAFTEN: Bodenleger. Herren. STOFF: Herren. blau. Kniepolstertaschen. Industrie [&hellip;]<\/p>\n","protected":false},"featured_media":585652,"template":"","meta":[],"product_brand":[],"product_cat":[10448],"product_tag":[],"class_list":{"0":"post-585625","1":"product","2":"type-product","3":"status-publish","4":"has-post-thumbnail","6":"product_cat-latzhose","7":"pa_brand-blaklaeder","8":"pa_brand-type-workwear","9":"pa_filter-color-blau","10":"pa_filter-color-grau","11":"pa_filter-color-schwarz","13":"first","14":"instock","15":"sale","16":"taxable","17":"shipping-taxable","18":"purchasable","19":"product-type-variable","20":"add-to-wishlist-before_image"},"exclude_global_add_ons":[],"addons":[],"acf":[],"_links":{"self":[{"href":"https:\/\/shop.kustom.ch\/fr\/wp-json\/wp\/v2\/product\/585625"}],"collection":[{"href":"https:\/\/shop.kustom.ch\/fr\/wp-json\/wp\/v2\/product"}],"about":[{"href":"https:\/\/shop.kustom.ch\/fr\/wp-json\/wp\/v2\/types\/product"}],"wp:featuredmedia":[{"embeddable":true,"href":"https:\/\/shop.kustom.ch\/fr\/wp-json\/wp\/v2\/media\/585652"}],"wp:attachment":[{"href":"https:\/\/shop.kustom.ch\/fr\/wp-json\/wp\/v2\/media?parent=585625"}],"wp:term":[{"taxonomy":"product_brand","embeddable":true,"href":"https:\/\/shop.kustom.ch\/fr\/wp-json\/wp\/v2\/product_brand?post=585625"},{"taxonomy":"product_cat","embeddable":true,"href":"https:\/\/shop.kustom.ch\/fr\/wp-json\/wp\/v2\/product_cat?post=585625"},{"taxonomy":"product_tag","embeddable":true,"href":"https:\/\/shop.kustom.ch\/fr\/wp-json\/wp\/v2\/product_tag?post=585625"}],"curies":[{"name":"wp","href":"https:\/\/api.w.org\/{rel}","templated":true}]}}