{"id":585265,"date":"2025-03-04T10:33:04","date_gmt":"2025-03-04T09:33:04","guid":{"rendered":"https:\/\/shop.kustom.ch\/?post_type=product&#038;p=585265"},"modified":"2026-03-31T08:45:09","modified_gmt":"2026-03-31T07:45:09","slug":"high-vis-latzhose-2","status":"publish","type":"product","link":"https:\/\/shop.kustom.ch\/fr\/produit\/high-vis-latzhose-2\/","title":{"rendered":"Salopette haute visibilit\u00e9"},"content":{"rendered":"<p>D\u00c9TAILS : Poche pour carte d'identit\u00e9. Boucle pour marteau sur le c\u00f4t\u00e9. Larges bretelles avec un \u00e9lastique solide. Taille r\u00e9glable. CARACTERISTIQUES PRINCIPALES : Artisan. Homme. EN ISO 20471. R\u00c9FLEXE : bandes r\u00e9fl\u00e9chissantes de 70 mm de large. TISSU : Hommes. Jaune haute visibilit\u00e9. Poches pour genouill\u00e8res. Protection haute visibilit\u00e9. POCHES : Poche sur la jambe avec soufflet, poche pour t\u00e9l\u00e9phone portable et poche pour stylo. Poche sur la poitrine. Poches arri\u00e8re \u00e0 soufflet. Poches pour genouill\u00e8res. Les poches \u00e0 clous en CORDURA\u00ae sont vendues s\u00e9par\u00e9ment (2183). Poches avant en biais. Poche m\u00e8tre avec poche suppl\u00e9mentaire et porte-couteau. INSTRUCTIONS DE LAVAGE : Nombre de lavages : 40. Ne pas blanchir. RENFORCEMENT : Genoux et poches arri\u00e8re renforc\u00e9s en CORDURA\u00ae. CERTIFICATION : EN 14404:2004+A1:2010 avec genouill\u00e8res 4027, 4057, 4058 et 4032. Groupe de certification Z<\/p>\n<p>85% polyester, 15% coton, satin, 300g\/m<\/p>","protected":false},"excerpt":{"rendered":"<p>DETAILS: Ausweistasche. Hammerschlaufe an der Seite. Breite Hosentr\u00e4ger mit starkem Gummi. Verstellbare Taille. HAUPTEIGENSCHAFTEN: Handwerker. Herren. EN ISO 20471. REFLEX: 70 mm breite Reflexstreifen. STOFF: Herren. High-Vis Gelb. Kniepolstertaschen. Warnschutz. TASCHEN: Beintasche mit Balg, Handytasche und Stifttasche. Brusttasche. Ges\u00e4sstaschen mit Balg. Kniepolstertaschen. Nageltaschen aus CORDURA\u00ae werden gesondert verkauft (2183). Schr\u00e4ge Vordertaschen. Zollstocktasche mit Zusatztasche und [&hellip;]<\/p>\n","protected":false},"featured_media":585303,"template":"","meta":[],"product_brand":[],"product_cat":[10448],"product_tag":[],"class_list":{"0":"post-585265","1":"product","2":"type-product","3":"status-publish","4":"has-post-thumbnail","6":"product_cat-latzhose","7":"pa_brand-blaklaeder","8":"pa_brand-type-workwear","9":"pa_filter-color-blau","10":"pa_filter-color-gelb","11":"pa_filter-color-grau","12":"pa_filter-color-gruen","13":"pa_filter-color-orange","14":"pa_filter-color-rot","15":"pa_filter-color-schwarz","17":"first","18":"instock","19":"sale","20":"taxable","21":"shipping-taxable","22":"purchasable","23":"product-type-variable","24":"add-to-wishlist-before_image"},"exclude_global_add_ons":[],"addons":[],"acf":[],"_links":{"self":[{"href":"https:\/\/shop.kustom.ch\/fr\/wp-json\/wp\/v2\/product\/585265"}],"collection":[{"href":"https:\/\/shop.kustom.ch\/fr\/wp-json\/wp\/v2\/product"}],"about":[{"href":"https:\/\/shop.kustom.ch\/fr\/wp-json\/wp\/v2\/types\/product"}],"wp:featuredmedia":[{"embeddable":true,"href":"https:\/\/shop.kustom.ch\/fr\/wp-json\/wp\/v2\/media\/585303"}],"wp:attachment":[{"href":"https:\/\/shop.kustom.ch\/fr\/wp-json\/wp\/v2\/media?parent=585265"}],"wp:term":[{"taxonomy":"product_brand","embeddable":true,"href":"https:\/\/shop.kustom.ch\/fr\/wp-json\/wp\/v2\/product_brand?post=585265"},{"taxonomy":"product_cat","embeddable":true,"href":"https:\/\/shop.kustom.ch\/fr\/wp-json\/wp\/v2\/product_cat?post=585265"},{"taxonomy":"product_tag","embeddable":true,"href":"https:\/\/shop.kustom.ch\/fr\/wp-json\/wp\/v2\/product_tag?post=585265"}],"curies":[{"name":"wp","href":"https:\/\/api.w.org\/{rel}","templated":true}]}}