{"id":585186,"date":"2025-03-04T10:31:52","date_gmt":"2025-03-04T09:31:52","guid":{"rendered":"https:\/\/shop.kustom.ch\/?post_type=product&#038;p=585186"},"modified":"2026-03-31T08:44:58","modified_gmt":"2026-03-31T07:44:58","slug":"high-vis-kombihose","status":"publish","type":"product","link":"https:\/\/shop.kustom.ch\/fr\/produit\/high-vis-kombihose\/","title":{"rendered":"Combinaison haute visibilit\u00e9"},"content":{"rendered":"<p>Un pantalon combin\u00e9 confortable avec du stretch dans le dos et r\u00e9glable aux \u00e9paules. Poches genouill\u00e8res en Cordura\u00ae pour prot\u00e9ger les genoux. \u0152illets tournevis sur les poches \u00e0 clous. Certifi\u00e9 selon la norme EN ISO 20471 classe 2, v\u00eatement de protection haute visibilit\u00e9.<\/p>\n<p>D\u00c9TAILS : Poche pour carte d'identit\u00e9. Boucle pour marteau sur les deux c\u00f4t\u00e9s. Larges passants pour la ceinture. \u00c9paules r\u00e9glables. FERMETURE FRONTALE : Fermeture \u00e0 glissi\u00e8re m\u00e9tallique bidirectionnelle dissimul\u00e9e. CARACTERISTIQUES PRINCIPALES : Artisan. Messieurs. EN 14004. REFLEX : Mat\u00e9riau r\u00e9fl\u00e9chissant autour des jambes. TISSU : Hommes. Jaune haute visibilit\u00e9. Poches pour genouill\u00e8res. Protection haute visibilit\u00e9. POCHES : Poche sur la jambe avec soufflet, rabat et poche pour stylo, poche suppl\u00e9mentaire et poche pour t\u00e9l\u00e9phone portable. Poches poitrine avec boutons-pression et sangles de s\u00e9curit\u00e9, une avec rabat et une avec poche stylo, boutons brevet\u00e9s et porte-couteau. Poches rembourr\u00e9es aux genoux. Poches \u00e0 clous \u00e0 l'arri\u00e8re. Poche m\u00e8tre avec porte couteau et poche stylo. INSTRUCTIONS DE LAVAGE : Lavage m\u00e9nager X 50. Ne pas essorer. RENFORCEMENT : Renforc\u00e9 en CORDURA\u00ae au niveau des genoux. CERTIFICATION : EN 14404:2004+A1:2010 avec genouill\u00e8res 4027, 4057, 4058 et 4032. EN ISO 20471, classe 2.<\/p>\n<p>85% polyester, 15% coton, satin, 300g\/m<\/p>","protected":false},"excerpt":{"rendered":"<p>Eine bequeme Kombihose mit Stretch am R\u00fccken und an den Schultern verstellbar. Cordura\u00ae Kniepolstertaschen, um die Knie zu sch\u00fctzen. Schraubendreher\u00f6sen an den Nageltaschen. Zertifiziert nach EN ISO 20471 Klasse 2, hoch sichtbare Schutzkleidung. DETAILS: Ausweistasche. Hammerschlaufe an beiden Seiten. Breite G\u00fcrtelschlaufen. Verstellbare Schulterpartie. FRONTVERSCHLUSS: Verdeckter Zwei-Wege-Metall-Reissverschluss. HAUPTEIGENSCHAFTEN: Handwerker. Herren. EN 14004. REFLEX: Reflexmaterial rund um [&hellip;]<\/p>\n","protected":false},"featured_media":585239,"template":"","meta":[],"product_brand":[],"product_cat":[10454],"product_tag":[],"class_list":{"0":"post-585186","1":"product","2":"type-product","3":"status-publish","4":"has-post-thumbnail","6":"product_cat-overalls","7":"pa_brand-blaklaeder","8":"pa_brand-type-workwear","9":"pa_filter-color-blau","10":"pa_filter-color-gelb","11":"pa_filter-color-orange","12":"pa_filter-color-schwarz","14":"first","15":"instock","16":"sale","17":"taxable","18":"shipping-taxable","19":"purchasable","20":"product-type-variable","21":"add-to-wishlist-before_image"},"exclude_global_add_ons":[],"addons":[],"acf":[],"_links":{"self":[{"href":"https:\/\/shop.kustom.ch\/fr\/wp-json\/wp\/v2\/product\/585186"}],"collection":[{"href":"https:\/\/shop.kustom.ch\/fr\/wp-json\/wp\/v2\/product"}],"about":[{"href":"https:\/\/shop.kustom.ch\/fr\/wp-json\/wp\/v2\/types\/product"}],"wp:featuredmedia":[{"embeddable":true,"href":"https:\/\/shop.kustom.ch\/fr\/wp-json\/wp\/v2\/media\/585239"}],"wp:attachment":[{"href":"https:\/\/shop.kustom.ch\/fr\/wp-json\/wp\/v2\/media?parent=585186"}],"wp:term":[{"taxonomy":"product_brand","embeddable":true,"href":"https:\/\/shop.kustom.ch\/fr\/wp-json\/wp\/v2\/product_brand?post=585186"},{"taxonomy":"product_cat","embeddable":true,"href":"https:\/\/shop.kustom.ch\/fr\/wp-json\/wp\/v2\/product_cat?post=585186"},{"taxonomy":"product_tag","embeddable":true,"href":"https:\/\/shop.kustom.ch\/fr\/wp-json\/wp\/v2\/product_tag?post=585186"}],"curies":[{"name":"wp","href":"https:\/\/api.w.org\/{rel}","templated":true}]}}