{"id":585170,"date":"2025-03-04T10:31:48","date_gmt":"2025-03-04T09:31:48","guid":{"rendered":"https:\/\/shop.kustom.ch\/?post_type=product&#038;p=585170"},"modified":"2026-03-31T08:44:57","modified_gmt":"2026-03-31T07:44:57","slug":"kombihose-bodenleger","status":"publish","type":"product","link":"https:\/\/shop.kustom.ch\/fr\/produit\/kombihose-bodenleger\/","title":{"rendered":"Pantalon combin\u00e9 poseur de sol"},"content":{"rendered":"<p>D\u00c9TAILS : Boucle marteau sur le c\u00f4t\u00e9. Boutons en m\u00e9tal. Couture int\u00e9rieure de la jambe avec triple couture. \u00c9paules r\u00e9glables. FERMETURE FRONTALE : Fermeture \u00e0 glissi\u00e8re invisible en plastique. FONCTIONNALIT\u00c9 : Stretch au dos. CARACTERISTIQUES PRINCIPALES : Poseur de sol. Messieurs. EN 14004. TISSU : Hommes. Gris. Poches pour genouill\u00e8res. Artisanat. POSSIBILIT\u00c9S : Poche sur la jambe avec poche crayon, poche pour t\u00e9l\u00e9phone portable et poche pour carte d'identit\u00e9. Poches de poitrine libres et suspendues avec boutons-pression et sangles de s\u00e9curit\u00e9, une avec rabat et une avec poche stylo, boutons brevet\u00e9s et porte-couteau. Poche pour t\u00e9l\u00e9phone portable. Poches rembourr\u00e9es aux genoux. Poches \u00e0 clous \u00e0 l'arri\u00e8re. Poches avant avec soufflet. Poche m\u00e8tre avec porte-couteau et poche stylo. INSTRUCTIONS DE LAVAGE : 70\u00b0 C. RENFORCEMENT : Genoux et poches arri\u00e8re renforc\u00e9s en CORDURA\u00ae. CERTIFICATION : EN 14404:2004+A1:2010 avec genouill\u00e8res 4027, 4057, 4058 et 4032.<\/p>\n<p>65% polyester, 35% coton, serg\u00e9, 300g\/m<\/p>","protected":false},"excerpt":{"rendered":"<p>DETAILS: Hammerschlaufe an der Seite. Metallkn\u00f6pfe. Innenbeinnaht mit 3-fach-Naht. Verstellbare Schulterpartie. FRONTVERSCHLUSS: Verdeckter Reissverschluss aus Kunststoff. FUNKTIONALIT\u00c4T: Stretch am R\u00fccken. HAUPTEIGENSCHAFTEN: Bodenleger. Herren. EN 14004. STOFF: Herren. grau. Kniepolstertaschen. Handwerk. TASCHEN: Beintasche mit Bleistifttasche, Handytasche und Ausweistasche. Lose h\u00e4ngende Brusttaschen mit Druckkn\u00f6pfen und Sicherheitsriemen, eine mit Patte und eine mit Stifttasche, Patentkn\u00f6pfen und Messerhalter. Handytasche. [&hellip;]<\/p>\n","protected":false},"featured_media":585198,"template":"","meta":[],"product_brand":[],"product_cat":[10454],"product_tag":[],"class_list":{"0":"post-585170","1":"product","2":"type-product","3":"status-publish","4":"has-post-thumbnail","6":"product_cat-overalls","7":"pa_brand-blaklaeder","8":"pa_brand-type-workwear","9":"pa_filter-color-grau","11":"first","12":"instock","13":"sale","14":"taxable","15":"shipping-taxable","16":"purchasable","17":"product-type-variable","18":"add-to-wishlist-before_image"},"exclude_global_add_ons":[],"addons":[],"acf":[],"_links":{"self":[{"href":"https:\/\/shop.kustom.ch\/fr\/wp-json\/wp\/v2\/product\/585170"}],"collection":[{"href":"https:\/\/shop.kustom.ch\/fr\/wp-json\/wp\/v2\/product"}],"about":[{"href":"https:\/\/shop.kustom.ch\/fr\/wp-json\/wp\/v2\/types\/product"}],"wp:featuredmedia":[{"embeddable":true,"href":"https:\/\/shop.kustom.ch\/fr\/wp-json\/wp\/v2\/media\/585198"}],"wp:attachment":[{"href":"https:\/\/shop.kustom.ch\/fr\/wp-json\/wp\/v2\/media?parent=585170"}],"wp:term":[{"taxonomy":"product_brand","embeddable":true,"href":"https:\/\/shop.kustom.ch\/fr\/wp-json\/wp\/v2\/product_brand?post=585170"},{"taxonomy":"product_cat","embeddable":true,"href":"https:\/\/shop.kustom.ch\/fr\/wp-json\/wp\/v2\/product_cat?post=585170"},{"taxonomy":"product_tag","embeddable":true,"href":"https:\/\/shop.kustom.ch\/fr\/wp-json\/wp\/v2\/product_tag?post=585170"}],"curies":[{"name":"wp","href":"https:\/\/api.w.org\/{rel}","templated":true}]}}