{"id":585097,"date":"2025-03-04T10:31:03","date_gmt":"2025-03-04T09:31:03","guid":{"rendered":"https:\/\/shop.kustom.ch\/?post_type=product&#038;p=585097"},"modified":"2026-03-31T08:44:51","modified_gmt":"2026-03-31T07:44:51","slug":"kombihose-2","status":"publish","type":"product","link":"https:\/\/shop.kustom.ch\/fr\/produit\/kombihose-2\/","title":{"rendered":"Pantalon combin\u00e9"},"content":{"rendered":"<p>Poches genouill\u00e8res en CORDURA\u00ae. Deux poches poitrine, une avec rabat et une avec boutons-pression et porte-couteau. Porte-marteau pour la s\u00e9curit\u00e9. Deux poches \u00e0 clous libres et renforc\u00e9es \u00e0 l'avant, qui peuvent \u00eatre plac\u00e9es sur les poches \u00e0 soufflet. Porte-tournevis \u00e0 droite de la poche \u00e0 clous. Deux poches \u00e0 clous d\u00e9tach\u00e9es \u00e0 l'arri\u00e8re. Poche sur la cuisse avec poche pour t\u00e9l\u00e9phone portable, poche pour stylo et poche pour carte d'identit\u00e9. Poche pour m\u00e8tre pliant avec poche pour stylo et porte-couteau. Fermeture \u00e0 glissi\u00e8re en plastique dissimul\u00e9e \u00e0 l'avant. Tissu \u00e9lastique \u00e0 l'arri\u00e8re pour plus de confort. Sangles r\u00e9glables. Certifi\u00e9 selon EN 14404 avec les genouill\u00e8res certifi\u00e9es selon EN 14404, mod\u00e8les 4000, 4008 et 4018.<\/p>\n<p>D\u00c9TAILS : Boucle marteau sur le c\u00f4t\u00e9. Boutons en m\u00e9tal. Couture int\u00e9rieure de la jambe avec triple couture. \u00c9paules r\u00e9glables. FERMETURE FRONTALE : Fermeture \u00e0 glissi\u00e8re invisible en plastique. FONCTIONNALIT\u00c9 : Stretch au dos. CARACT\u00c9RISTIQUES PRINCIPALES : Conducteur. Messieurs. EN 14004. TISSU : Hommes. bleu. Poches pour genouill\u00e8res. Tissu stretch. POCHES : Poche sur la jambe avec poche crayon, poche pour t\u00e9l\u00e9phone portable et poche pour carte d'identit\u00e9. Poches poitrine libres avec boutons-pression et sangles de s\u00e9curit\u00e9, une avec rabat et une avec poche stylo, boutons brevet\u00e9s et porte-couteau. Poche pour t\u00e9l\u00e9phone portable. Poches rembourr\u00e9es aux genoux. Poches \u00e0 clous \u00e0 l'arri\u00e8re. Poches avant avec soufflet. Poche m\u00e8tre avec porte-couteau et poche stylo. CONDITION DE LAVAGE : S\u00e8che-linge - bas. RENFORCEMENT : Genoux et poches arri\u00e8re renforc\u00e9s en CORDURA\u00ae. CERTIFICATION : EN 14404:2004+A1:2010 avec genouill\u00e8res 4027, 4057, 4058 et 4032.<\/p>\n<p>100% Coton, serg\u00e9, 370 g\/m<\/p>","protected":false},"excerpt":{"rendered":"<p>Knietaschen aus CORDURA\u00ae. Zwei Brusttaschen, eine mit Patte und eine mit Druckkn\u00f6pfen und Messerhalter. Hammerhalter. Zwei lose, verst\u00e4rkte Nageltaschen vorne, die \u00fcber die Balgtaschen gelegt werden k\u00f6nnen. Schraubendreherhalter rechts neben der Nageltasche. Zwei lose Nageltaschen auf der R\u00fcckseite. Oberschenkeltasche mit Handytasche, Stifttasche und Ausweistasche. Zollstocktasche mit Stifttasche und Messerhalter. Verdeckter Kunststoffreissverschluss vorne. Elastischer Stoff auf [&hellip;]<\/p>\n","protected":false},"featured_media":585133,"template":"","meta":[],"product_brand":[],"product_cat":[10454],"product_tag":[],"class_list":{"0":"post-585097","1":"product","2":"type-product","3":"status-publish","4":"has-post-thumbnail","6":"product_cat-overalls","7":"pa_brand-blaklaeder","8":"pa_brand-type-workwear","9":"pa_filter-color-blau","10":"pa_filter-color-schwarz","12":"first","13":"instock","14":"sale","15":"taxable","16":"shipping-taxable","17":"purchasable","18":"product-type-variable","19":"add-to-wishlist-before_image"},"exclude_global_add_ons":[],"addons":[],"acf":[],"_links":{"self":[{"href":"https:\/\/shop.kustom.ch\/fr\/wp-json\/wp\/v2\/product\/585097"}],"collection":[{"href":"https:\/\/shop.kustom.ch\/fr\/wp-json\/wp\/v2\/product"}],"about":[{"href":"https:\/\/shop.kustom.ch\/fr\/wp-json\/wp\/v2\/types\/product"}],"wp:featuredmedia":[{"embeddable":true,"href":"https:\/\/shop.kustom.ch\/fr\/wp-json\/wp\/v2\/media\/585133"}],"wp:attachment":[{"href":"https:\/\/shop.kustom.ch\/fr\/wp-json\/wp\/v2\/media?parent=585097"}],"wp:term":[{"taxonomy":"product_brand","embeddable":true,"href":"https:\/\/shop.kustom.ch\/fr\/wp-json\/wp\/v2\/product_brand?post=585097"},{"taxonomy":"product_cat","embeddable":true,"href":"https:\/\/shop.kustom.ch\/fr\/wp-json\/wp\/v2\/product_cat?post=585097"},{"taxonomy":"product_tag","embeddable":true,"href":"https:\/\/shop.kustom.ch\/fr\/wp-json\/wp\/v2\/product_tag?post=585097"}],"curies":[{"name":"wp","href":"https:\/\/api.w.org\/{rel}","templated":true}]}}