{"id":585021,"date":"2025-03-04T10:30:18","date_gmt":"2025-03-04T09:30:18","guid":{"rendered":"https:\/\/shop.kustom.ch\/?post_type=product&#038;p=585021"},"modified":"2026-03-31T08:44:47","modified_gmt":"2026-03-31T07:44:47","slug":"industrie-latzhose","status":"publish","type":"product","link":"https:\/\/shop.kustom.ch\/fr\/produit\/industrie-latzhose\/","title":{"rendered":"Salopette industrielle"},"content":{"rendered":"<p>La salopette est adapt\u00e9e au lavage industriel. Ce pantalon r\u00e9sistant aux \u00e9raflures est enti\u00e8rement fabriqu\u00e9 dans un mat\u00e9riau stretch \u00e0 deux sens confortable. Des caract\u00e9ristiques cach\u00e9es, dont une poche m\u00e8tre int\u00e9rieure et des boutons-pression, le rendent extr\u00eamement fiable pour les travaux dans des environnements avec des surfaces sensibles. Des bandes r\u00e9fl\u00e9chissantes assurent une visibilit\u00e9 suppl\u00e9mentaire en cas de besoin.<\/p>\n<p>FERMETURE : Possibilit\u00e9 de rallonger l'ourlet de la jambe. D\u00c9TAILS : Anneau en D. Bretelles r\u00e9glables avec \u00e9lastique. Boutons-pression en m\u00e9tal. Couture int\u00e9rieure de la jambe avec triple couture. Fermeture \u00e9clair en plastique \u00e0 l'entrejambe. Boucle sans m\u00e9tal. FONCTIONNALIT\u00c9 : Stretch \u00e0 2 voies. Jambes de pantalon particuli\u00e8rement ergonomiques. CARACT\u00c9RISTIQUES PRINCIPALES : M\u00e9canicien. Hommes . REFLEX : D\u00e9tails r\u00e9fl\u00e9chissants sur la jambe. TISSU : Hommes. Gris. Anti-rayures. Tissu stretch. POCHES : Poches sur les jambes avec soufflet et rabat, boutons m\u00e9talliques cach\u00e9s. Poche de poitrine avec rabat. Poche arri\u00e8re, une avec rabat. Poche pour t\u00e9l\u00e9phone portable \u00e0 l'int\u00e9rieur. Poche int\u00e9rieure avec poche zipp\u00e9e cach\u00e9e. Poche m\u00e8tre \u00e0 l'int\u00e9rieur. INSTRUCTIONS DE LAVAGE : 70\u00b0 C. LAVAGE : lavage industriel EN ISO 15797<\/p>\n<p>63% polyester, 33% coton, 4% \u00e9lastofin, serg\u00e9, stretch, 260 g\/m<\/p>","protected":false},"excerpt":{"rendered":"<p>Die Latzhose ist geeignet f\u00fcr die Industriew\u00e4sche. Diese kratzerresistente Hose ist komplett aus bequemem 2-Wege-Stretch Material gefertigt. Verdeckte Eigenschaften, darunter eine innenliegende Zollstocktasche und Druckkn\u00f6pfe, machen diese \u00e4usserst zuverl\u00e4ssig bei Arbeiten in Umgebungen mit empfindlichen Oberfl\u00e4chen. Reflexstreifen sorgen bei Bedarf f\u00fcr zus\u00e4tzliche Sichtbarkeit. ABSCHLUSS: Verl\u00e4ngerungsm\u00f6glichkeit am Beinsaum. DETAILS: D-Ring. Verstellbare Hosentr\u00e4ger mit Gummizug. Metall-Druckkn\u00f6pfe. Innenbeinnaht [&hellip;]<\/p>\n","protected":false},"featured_media":585069,"template":"","meta":[],"product_brand":[],"product_cat":[10448],"product_tag":[],"class_list":{"0":"post-585021","1":"product","2":"type-product","3":"status-publish","4":"has-post-thumbnail","6":"product_cat-latzhose","7":"pa_brand-blaklaeder","8":"pa_brand-type-workwear","9":"pa_filter-color-grau","10":"pa_filter-color-schwarz","12":"first","13":"instock","14":"sale","15":"taxable","16":"shipping-taxable","17":"purchasable","18":"product-type-variable","19":"add-to-wishlist-before_image"},"exclude_global_add_ons":[],"addons":[],"acf":[],"_links":{"self":[{"href":"https:\/\/shop.kustom.ch\/fr\/wp-json\/wp\/v2\/product\/585021"}],"collection":[{"href":"https:\/\/shop.kustom.ch\/fr\/wp-json\/wp\/v2\/product"}],"about":[{"href":"https:\/\/shop.kustom.ch\/fr\/wp-json\/wp\/v2\/types\/product"}],"wp:featuredmedia":[{"embeddable":true,"href":"https:\/\/shop.kustom.ch\/fr\/wp-json\/wp\/v2\/media\/585069"}],"wp:attachment":[{"href":"https:\/\/shop.kustom.ch\/fr\/wp-json\/wp\/v2\/media?parent=585021"}],"wp:term":[{"taxonomy":"product_brand","embeddable":true,"href":"https:\/\/shop.kustom.ch\/fr\/wp-json\/wp\/v2\/product_brand?post=585021"},{"taxonomy":"product_cat","embeddable":true,"href":"https:\/\/shop.kustom.ch\/fr\/wp-json\/wp\/v2\/product_cat?post=585021"},{"taxonomy":"product_tag","embeddable":true,"href":"https:\/\/shop.kustom.ch\/fr\/wp-json\/wp\/v2\/product_tag?post=585021"}],"curies":[{"name":"wp","href":"https:\/\/api.w.org\/{rel}","templated":true}]}}