{"id":584980,"date":"2025-03-04T10:29:38","date_gmt":"2025-03-04T09:29:38","guid":{"rendered":"https:\/\/shop.kustom.ch\/?post_type=product&#038;p=584980"},"modified":"2026-03-31T08:44:28","modified_gmt":"2026-03-31T07:44:28","slug":"maler-latzhose","status":"publish","type":"product","link":"https:\/\/shop.kustom.ch\/fr\/produit\/maler-latzhose\/","title":{"rendered":"Salopette de peintre"},"content":{"rendered":"<p>Une salopette classique \u00e0 la coupe agr\u00e9able, dont on peut profiter longtemps. La salopette est fabriqu\u00e9e en coton serg\u00e9 100% en deux couches, ce qui permet \u00e0 la peinture d'\u00eatre absorb\u00e9e par le tissu et \u00e0 l'utilisateur de rester sec et propre. Le pantalon prot\u00e8ge des \u00e9claboussures de peinture jusqu'au corps.<\/p>\n<p>D\u00c9TAILS : Poche pour carte d'identit\u00e9 d\u00e9tachable. Boucle pour marteau sur le c\u00f4t\u00e9. Larges bretelles avec \u00e9lastique solide et fermeture rapide. Boutons en m\u00e9tal. Couture int\u00e9rieure de la jambe avec triple couture. Fermeture \u00e9clair en plastique \u00e0 l'entrejambe. Taille r\u00e9glable. CARACTERISTIQUES PRINCIPALES : Peintre. Messieurs. EN 14004. TISSU : hommes. blanc. Poches pour genouill\u00e8res. Peintre. PORTEFEUILLE : Poche poitrine avec rabat et poche stylo. Poche arri\u00e8re avec soufflet. Poche int\u00e9rieure avec fermeture \u00e9clair. Poches rembourr\u00e9es aux genoux. Poches en biais. INSTRUCTIONS DE LAVAGE : Nettoyage \u00e0 sec - normal P. RENFORCEMENT : Poche arri\u00e8re renforc\u00e9e en CORDURA\u00ae. CERTIFICATION : EN 14404:2004+A1:2010 avec genouill\u00e8res 4027, 4057, 4058 et 4032.<\/p>\n<p>100% Coton, serg\u00e9, 320 g\/m<\/p>","protected":false},"excerpt":{"rendered":"<p>Eine klassische Latzhose mit angenehmer Passform, an der man lange seine Freude hat. Die Latzhose besteht aus 100% Baumwollk\u00f6per in zwei Schichten, wodurch die Farbe vom Stoff aufgesaugt wird und der Tr\u00e4ger trocken und sauber bleibt. Die Hose sch\u00fctzt bis zum K\u00f6rper vor Farbspritzern. DETAILS: Abnehmbare Ausweistasche. Hammerschlaufe an der Seite. Breite Hosentr\u00e4ger mit starkem [&hellip;]<\/p>\n","protected":false},"featured_media":585006,"template":"","meta":[],"product_brand":[],"product_cat":[10448],"product_tag":[],"class_list":{"0":"post-584980","1":"product","2":"type-product","3":"status-publish","4":"has-post-thumbnail","6":"product_cat-latzhose","7":"pa_brand-blaklaeder","8":"pa_brand-type-workwear","9":"pa_filter-color-grau","10":"pa_filter-color-weiss","12":"first","13":"instock","14":"sale","15":"taxable","16":"shipping-taxable","17":"purchasable","18":"product-type-variable","19":"add-to-wishlist-before_image"},"exclude_global_add_ons":[],"addons":[],"acf":[],"_links":{"self":[{"href":"https:\/\/shop.kustom.ch\/fr\/wp-json\/wp\/v2\/product\/584980"}],"collection":[{"href":"https:\/\/shop.kustom.ch\/fr\/wp-json\/wp\/v2\/product"}],"about":[{"href":"https:\/\/shop.kustom.ch\/fr\/wp-json\/wp\/v2\/types\/product"}],"wp:featuredmedia":[{"embeddable":true,"href":"https:\/\/shop.kustom.ch\/fr\/wp-json\/wp\/v2\/media\/585006"}],"wp:attachment":[{"href":"https:\/\/shop.kustom.ch\/fr\/wp-json\/wp\/v2\/media?parent=584980"}],"wp:term":[{"taxonomy":"product_brand","embeddable":true,"href":"https:\/\/shop.kustom.ch\/fr\/wp-json\/wp\/v2\/product_brand?post=584980"},{"taxonomy":"product_cat","embeddable":true,"href":"https:\/\/shop.kustom.ch\/fr\/wp-json\/wp\/v2\/product_cat?post=584980"},{"taxonomy":"product_tag","embeddable":true,"href":"https:\/\/shop.kustom.ch\/fr\/wp-json\/wp\/v2\/product_tag?post=584980"}],"curies":[{"name":"wp","href":"https:\/\/api.w.org\/{rel}","templated":true}]}}