{"id":584923,"date":"2025-03-04T10:28:49","date_gmt":"2025-03-04T09:28:49","guid":{"rendered":"https:\/\/shop.kustom.ch\/?post_type=product&#038;p=584923"},"modified":"2026-03-31T08:44:23","modified_gmt":"2026-03-31T07:44:23","slug":"multinorm-latzhose","status":"publish","type":"product","link":"https:\/\/shop.kustom.ch\/fr\/produit\/multinorm-latzhose\/","title":{"rendered":"Salopette Multinorm"},"content":{"rendered":"<p>La salopette Multinorm r\u00e9sistante \u00e0 l'huile, \u00e0 la salet\u00e9 et \u00e0 l'eau offre une protection maximale lors de travaux dans des conditions extr\u00eames. Elle est fabriqu\u00e9e dans un mat\u00e9riau robuste avec une coupe confortable et des poches renforc\u00e9es aux genoux en CORDURA\u00ae\/Kevlar\u00ae\/ProtalT. Des solutions de poches et des fonctions intelligentes, telles que des bretelles r\u00e9glables et \u00e9lastiques, un passant pour marteau sur le c\u00f4t\u00e9 et des passants de ceinture, dont un avec un anneau en D. Convient au lavage industriel. Prot\u00e8ge contre les produits chimiques liquides. Certifi\u00e9 selon les normes EN 14404, EN 1149-5, EN ISO 11611, EN 13034, EN ISO 20471, EN ISO 11612, IEC 61482-2. ATPV : 11,0 cal\/cm\u00b2.<\/p>\n<p>D\u00c9TAILS : poche d'identification amovible pour les v\u00eatements ignifuges. \u00c9tiquettes de certification ext\u00e9rieures. Bretelles r\u00e9glables avec \u00e9lastique. Fermeture \u00e9clair m\u00e9tallique \u00e0 l'entrejambe. Passants, dont un avec anneau en D. FONCTIONNALIT\u00c9 : R\u00e9sistant \u00e0 l'huile, \u00e0 la salet\u00e9 et \u00e0 l'eau. CARACT\u00c9RISTIQUES PRINCIPALES : Artisan. Messieurs. EN 14004. REFLEX : Bandes r\u00e9fl\u00e9chissantes ignifuges avec doubles coutures. TISSU : Hommes. Bleu. Poches pour genouill\u00e8res. Protection contre les flammes. POCHES : Poche sur la jambe avec soufflet, poche pour t\u00e9l\u00e9phone portable et poche pour stylo. Poche poitrine avec rabat et poche stylo. Poches arri\u00e8re renforc\u00e9es par un soufflet et un rabat. Poches ext\u00e9rieures pour genouill\u00e8res. Poches int\u00e9gr\u00e9es avec rabats. Poche m\u00e8tre avec porte couteau et poche stylo. INSTRUCTIONS DE LAVAGE : Ne pas repasser. RENFORCEMENT : CORDURA\u00ae\/Kevlar\u00ae\/Protal\u00ae - renforc\u00e9 aux genoux. CERTIFICATION : EN 1149-5. EN 13034 PB (6). EN 14404:2004+A1:2010 avec genouill\u00e8res 4027 et 4057. EN ISO 11611, classe 1 A1+A2. EN ISO 11612 A1, A2, B1, C1, E3, F1. EN ISO 20471, classe 2. IEC 61482-2, APC 1<\/p>\n<p>75% coton, 24% polyester, 1% antistatique, serg\u00e9, ignifug\u00e9, antistatique, 350 g\/m<\/p>","protected":false},"excerpt":{"rendered":"<p>Die \u00f6l-, schmutz- und wasserabweisende Multinorm Latzhose bietet maximalen Schutz bei Arbeiten in extremen Bedingungen. Sie besteht aus einem robusten Material mit einem komfortablen Schnitt mit verst\u00e4rkten Kniepolstertaschen aus CORDURA\u00ae\/Kevlar\u00ae\/ProtalT. Intelligente Taschenl\u00f6sungen und Funktionen, wie etwa einstellbare und elastische Hosentr\u00e4ger, Hammerschlaufe an der Seite und G\u00fcrtelschlaufen, eine mit D-Ring. Industriew\u00e4sche geeignet. Sch\u00fctzt vor fl\u00fcssigen Chemikalien. [&hellip;]<\/p>\n","protected":false},"featured_media":584952,"template":"","meta":[],"product_brand":[],"product_cat":[10448],"product_tag":[],"class_list":{"0":"post-584923","1":"product","2":"type-product","3":"status-publish","4":"has-post-thumbnail","6":"product_cat-latzhose","7":"pa_brand-blaklaeder","8":"pa_brand-type-workwear","9":"pa_filter-color-blau","10":"pa_filter-color-gelb","12":"first","13":"instock","14":"sale","15":"taxable","16":"shipping-taxable","17":"purchasable","18":"product-type-variable","19":"add-to-wishlist-before_image"},"exclude_global_add_ons":[],"addons":[],"acf":[],"_links":{"self":[{"href":"https:\/\/shop.kustom.ch\/fr\/wp-json\/wp\/v2\/product\/584923"}],"collection":[{"href":"https:\/\/shop.kustom.ch\/fr\/wp-json\/wp\/v2\/product"}],"about":[{"href":"https:\/\/shop.kustom.ch\/fr\/wp-json\/wp\/v2\/types\/product"}],"wp:featuredmedia":[{"embeddable":true,"href":"https:\/\/shop.kustom.ch\/fr\/wp-json\/wp\/v2\/media\/584952"}],"wp:attachment":[{"href":"https:\/\/shop.kustom.ch\/fr\/wp-json\/wp\/v2\/media?parent=584923"}],"wp:term":[{"taxonomy":"product_brand","embeddable":true,"href":"https:\/\/shop.kustom.ch\/fr\/wp-json\/wp\/v2\/product_brand?post=584923"},{"taxonomy":"product_cat","embeddable":true,"href":"https:\/\/shop.kustom.ch\/fr\/wp-json\/wp\/v2\/product_cat?post=584923"},{"taxonomy":"product_tag","embeddable":true,"href":"https:\/\/shop.kustom.ch\/fr\/wp-json\/wp\/v2\/product_tag?post=584923"}],"curies":[{"name":"wp","href":"https:\/\/api.w.org\/{rel}","templated":true}]}}