{"id":584887,"date":"2025-03-04T10:28:08","date_gmt":"2025-03-04T09:28:08","guid":{"rendered":"https:\/\/shop.kustom.ch\/?post_type=product&#038;p=584887"},"modified":"2026-03-31T08:44:22","modified_gmt":"2026-03-31T07:44:22","slug":"multinorm-latzhose-klasse-1","status":"publish","type":"product","link":"https:\/\/shop.kustom.ch\/fr\/produit\/multinorm-latzhose-klasse-1\/","title":{"rendered":"Salopette multi-normes classe 1"},"content":{"rendered":"<p>Une salopette qui vous offre une protection maximale lorsque vous travaillez dans des environnements difficiles. Ce pantalon r\u00e9sistant \u00e0 l'huile, \u00e0 la salet\u00e9 et \u00e0 l'eau est dot\u00e9 d'un mat\u00e9riau durable, d'un bon maintien et de poches ext\u00e9rieures renforc\u00e9es pour les genouill\u00e8res en Cordura\u00ae\/Kevlar\u00ae\/Protal\u00ae. Il dispose de solutions de poches intelligentes et de fonctions telles que des bretelles \u00e9lastiques r\u00e9glables, une boucle lat\u00e9rale pour marteau et des passants de ceinture, dont un avec anneau en D. Test\u00e9 pour le lavage industriel. Certifi\u00e9 selon les normes EN 14404, EN 1149-5, EN ISO 11611, EN 13034, EN ISO 20471, EN ISO 11612, IEC 61482-2. ATPV : 11,0 cal\/cm\u00b2. EN 14404 : 2004 + A1 : 2010 avec genouill\u00e8res 4027 et 4057.<\/p>\n<p>D\u00c9TAILS : poche d'identification amovible pour les v\u00eatements ignifuges. \u00c9tiquettes de certification ext\u00e9rieures. Bretelles r\u00e9glables avec \u00e9lastique. Fermeture \u00e9clair m\u00e9tallique \u00e0 l'entrejambe. Passants, dont un avec anneau en D. Taille r\u00e9glable. FONCTIONNALIT\u00c9 : R\u00e9sistant \u00e0 l'huile, \u00e0 la salet\u00e9 et \u00e0 l'eau. CARACT\u00c9RISTIQUES PRINCIPALES : Artisan. Messieurs. EN 13034. TISSU : Hommes. bleu. Poches pour genouill\u00e8res. Protection contre les flammes. POCHES : Poche poitrine avec rabat et boutons pression cach\u00e9s. Poches arri\u00e8re avec rabat, cach\u00e9es par des boutons m\u00e9talliques. Poches ext\u00e9rieures pour genouill\u00e8res. Poches ins\u00e9r\u00e9es avec ouverture. Poche m\u00e8tre renforc\u00e9e avec porte couteau et poche stylo. INSTRUCTIONS DE LAVAGE : PRO : convient au s\u00e9chage en tambour. CERTIFICATION : EN 1149-5. 20 cycles de lavage maximum. EN 14404:2004+A1:2010 avec les genouill\u00e8res 4027 et 4057. EN ISO 11611, classe 1 A1+A2. EN ISO 11612 A1, A2, B1, C1, E3, F1. Max. 50 cycles de lavage. ATPV - 11 cal\/cm\u00b2<\/p>\n<p>75% coton, 24% polyester, 1% antistatique, serg\u00e9, ignifug\u00e9, antistatique, 350 g\/m<\/p>","protected":false},"excerpt":{"rendered":"<p>Eine Latzhose, die Ihnen den maximalen Schutz bei Arbeiten in rauen Umgebungen bietet. Die \u00f6l-, schmutz- und wasserabweisende Hose hat ein haltbares Material, einen guten Sitz und verst\u00e4rkte, aussenliegende Kniepolstertaschen aus Cordura\u00ae\/Kevlar\u00ae\/Protal\u00ae. Sie verf\u00fcgt \u00fcber intelligente Taschenl\u00f6sungen und Funktionen wie verstellbare elastische Hosentr\u00e4ger, eine seitliche Hammerschlaufe und G\u00fcrtelschlaufen, eine davon mit D-Ring. Industriew\u00e4sche getestet. Zertifiziert [&hellip;]<\/p>\n","protected":false},"featured_media":584914,"template":"","meta":[],"product_brand":[],"product_cat":[10448],"product_tag":[],"class_list":{"0":"post-584887","1":"product","2":"type-product","3":"status-publish","4":"has-post-thumbnail","6":"product_cat-latzhose","7":"pa_brand-blaklaeder","8":"pa_brand-type-workwear","9":"pa_filter-color-blau","10":"pa_filter-color-gelb","12":"first","13":"instock","14":"sale","15":"taxable","16":"shipping-taxable","17":"purchasable","18":"product-type-variable","19":"add-to-wishlist-before_image"},"exclude_global_add_ons":[],"addons":[],"acf":[],"_links":{"self":[{"href":"https:\/\/shop.kustom.ch\/fr\/wp-json\/wp\/v2\/product\/584887"}],"collection":[{"href":"https:\/\/shop.kustom.ch\/fr\/wp-json\/wp\/v2\/product"}],"about":[{"href":"https:\/\/shop.kustom.ch\/fr\/wp-json\/wp\/v2\/types\/product"}],"wp:featuredmedia":[{"embeddable":true,"href":"https:\/\/shop.kustom.ch\/fr\/wp-json\/wp\/v2\/media\/584914"}],"wp:attachment":[{"href":"https:\/\/shop.kustom.ch\/fr\/wp-json\/wp\/v2\/media?parent=584887"}],"wp:term":[{"taxonomy":"product_brand","embeddable":true,"href":"https:\/\/shop.kustom.ch\/fr\/wp-json\/wp\/v2\/product_brand?post=584887"},{"taxonomy":"product_cat","embeddable":true,"href":"https:\/\/shop.kustom.ch\/fr\/wp-json\/wp\/v2\/product_cat?post=584887"},{"taxonomy":"product_tag","embeddable":true,"href":"https:\/\/shop.kustom.ch\/fr\/wp-json\/wp\/v2\/product_tag?post=584887"}],"curies":[{"name":"wp","href":"https:\/\/api.w.org\/{rel}","templated":true}]}}