{"id":584827,"date":"2025-03-04T10:27:23","date_gmt":"2025-03-04T09:27:23","guid":{"rendered":"https:\/\/shop.kustom.ch\/?post_type=product&#038;p=584827"},"modified":"2026-03-31T08:44:16","modified_gmt":"2026-03-31T07:44:16","slug":"schweisser-latzhose","status":"publish","type":"product","link":"https:\/\/shop.kustom.ch\/fr\/produit\/schweisser-latzhose\/","title":{"rendered":"Salopette de soudeur"},"content":{"rendered":"<p>Une salopette adapt\u00e9e au soudage et aux travaux similaires. Le pantalon peut \u00eatre ajust\u00e9 \u00e0 la taille \u00e0 l'aide de boutons et dispose d'une poche de poitrine, de poches externes pour genouill\u00e8res, d'une poche sur la jambe gauche, d'une poche pour m\u00e8tre pliant \u00e0 droite et de d\u00e9tails r\u00e9fl\u00e9chissants sur le dos, le bas de la jambe et le passant de ceinture arri\u00e8re. Test\u00e9 pour le lavage industriel. Certifi\u00e9 selon les normes EN 1149-5, EN ISO 11612, EN ISO 11611, IEC 61482-2, EN 14404.<\/p>\n<p>D\u00c9TAILS : \u00c9tiquettes de certification ext\u00e9rieures. Bretelles r\u00e9glables avec \u00e9lastique. Fermeture \u00e9clair m\u00e9tallique \u00e0 l'entrejambe. Passants, dont un avec anneau en D. Taille r\u00e9glable. PRINCIPALES CARACT\u00c9RISTIQUES : Personnel de service. Messieurs. EN ISO 11612. REFLEX : D\u00e9tails r\u00e9fl\u00e9chissants sur le mollet. TISSU : Hommes. Jaune. Poches pour genouill\u00e8res. Protection contre les flammes. PORTEFEUILLE : Poche poitrine avec rabat et boutons-pression cach\u00e9s. Poches ext\u00e9rieures pour genouill\u00e8res. Poches ins\u00e9r\u00e9es avec ouverture. Poche m\u00e8tre renforc\u00e9e avec porte couteau et poche stylo. INSTRUCTIONS DE LAVAGE : Ne pas nettoyer \u00e0 sec. CERTIFICATION : EN 1149-5. EN 14404:2004+A1:2010 avec genouill\u00e8res 4027, 4057, 4058 et 4032. EN ISO 11611 classe 2 , A1+A2. EN ISO 11612 A1, A2, B1, C1, E3, F1. IEC 61482-2, APC 1<\/p>\n<p>79% coton, 20% polyester, 1% satin antistatique, ignifug\u00e9 antistatique 450g\/m<\/p>","protected":false},"excerpt":{"rendered":"<p>Eine Latzhose, die f\u00fcr das Schweissen und \u00e4hnliche Arbeiten geeignet ist. Die Hose kann in der Taille mit Kn\u00f6pfen verstellt werden und verf\u00fcgt \u00fcber eine Brusttasche, externe Kniepolstertaschen, eine Beintasche links, eine Zollstocktasche rechts und reflektierende Details am R\u00fccken, dem Unterschenkel und der hinteren G\u00fcrtelschlaufe. Getestet f\u00fcr Industriew\u00e4sche. Zertifiziert nach EN 1149-5, EN ISO 11612, [&hellip;]<\/p>\n","protected":false},"featured_media":584861,"template":"","meta":[],"product_brand":[],"product_cat":[10448],"product_tag":[],"class_list":{"0":"post-584827","1":"product","2":"type-product","3":"status-publish","4":"has-post-thumbnail","6":"product_cat-latzhose","7":"pa_brand-blaklaeder","8":"pa_brand-type-workwear","9":"pa_filter-color-blau","10":"pa_filter-color-gelb","12":"first","13":"instock","14":"sale","15":"taxable","16":"shipping-taxable","17":"purchasable","18":"product-type-variable","19":"add-to-wishlist-before_image"},"exclude_global_add_ons":[],"addons":[],"acf":[],"_links":{"self":[{"href":"https:\/\/shop.kustom.ch\/fr\/wp-json\/wp\/v2\/product\/584827"}],"collection":[{"href":"https:\/\/shop.kustom.ch\/fr\/wp-json\/wp\/v2\/product"}],"about":[{"href":"https:\/\/shop.kustom.ch\/fr\/wp-json\/wp\/v2\/types\/product"}],"wp:featuredmedia":[{"embeddable":true,"href":"https:\/\/shop.kustom.ch\/fr\/wp-json\/wp\/v2\/media\/584861"}],"wp:attachment":[{"href":"https:\/\/shop.kustom.ch\/fr\/wp-json\/wp\/v2\/media?parent=584827"}],"wp:term":[{"taxonomy":"product_brand","embeddable":true,"href":"https:\/\/shop.kustom.ch\/fr\/wp-json\/wp\/v2\/product_brand?post=584827"},{"taxonomy":"product_cat","embeddable":true,"href":"https:\/\/shop.kustom.ch\/fr\/wp-json\/wp\/v2\/product_cat?post=584827"},{"taxonomy":"product_tag","embeddable":true,"href":"https:\/\/shop.kustom.ch\/fr\/wp-json\/wp\/v2\/product_tag?post=584827"}],"curies":[{"name":"wp","href":"https:\/\/api.w.org\/{rel}","templated":true}]}}