{"id":584754,"date":"2025-03-04T10:26:36","date_gmt":"2025-03-04T09:26:36","guid":{"rendered":"https:\/\/shop.kustom.ch\/?post_type=product&#038;p=584754"},"modified":"2026-03-31T08:44:11","modified_gmt":"2026-03-31T07:44:11","slug":"latzhose","status":"publish","type":"product","link":"https:\/\/shop.kustom.ch\/fr\/produit\/latzhose\/","title":{"rendered":"Salopette"},"content":{"rendered":"<p>Deux poches de poitrine d\u00e9tach\u00e9es et suspendues avec boutons-pression et sangles de s\u00e9curit\u00e9, une avec rabat et une avec poche pour stylo. Deux poches \u00e0 clous pouvant \u00eatre ins\u00e9r\u00e9es dans les poches \u00e0 soufflet avant. Poche sur la jambe avec soufflet, rabat, poche pour stylo, poche suppl\u00e9mentaire, poche pour t\u00e9l\u00e9phone portable et poche pour carte d'identit\u00e9. Genoux renforc\u00e9s par du CORDURA\u00ae. Porte-marteau, fermeture \u00e0 glissi\u00e8re m\u00e9tallique solide et deux poches arri\u00e8re \u00e0 soufflet, \u00e9galement renforc\u00e9es en CORDURA\u00ae. Bretelles larges et extra-r\u00e9sistantes avec fermeture rapide. Anneau en D pour la fixation du porte-carte d'identit\u00e9 2130. Certifi\u00e9 selon EN 14404 avec les genouill\u00e8res certifi\u00e9es selon EN 14404, mod\u00e8les 4000 et 4018.<\/p>\n<p>D\u00c9TAILS : Boucle marteau sur le c\u00f4t\u00e9. Larges bretelles avec un \u00e9lastique solide et une fermeture rapide. Porte-couteau avec bouton. Couture int\u00e9rieure de la jambe avec triple couture. Fermeture \u00e9clair m\u00e9tallique \u00e0 l'entrejambe. CARACTERISTIQUES PRINCIPALES : Conducteur. Hommes. EN 14004. TISSU : Hommes. bleu. Poches pour genouill\u00e8res. Artisanat. POCHES : poche sur la jambe avec soufflet, rabat et poche pour stylo, poche suppl\u00e9mentaire, poche pour t\u00e9l\u00e9phone portable et poche pour carte d'identit\u00e9. Poches de poitrine d\u00e9tach\u00e9es avec boutons-pression et sangles de s\u00e9curit\u00e9, une avec rabat et une avec poche stylo, boutons brevet\u00e9s et porte-couteau. Poches arri\u00e8re \u00e0 soufflet. Poches rembourr\u00e9es aux genoux. Les poches \u00e0 clous peuvent \u00eatre ins\u00e9r\u00e9es dans les poches avant \u00e0 soufflet. Poches avant avec soufflet. Poche pour m\u00e8tre pliant avec porte-couteau et poche pour stylo. INSTRUCTIONS DE LAVAGE : Ne pas blanchir. RENFORCEMENT : Genoux et poches arri\u00e8re renforc\u00e9s en CORDURA\u00ae. CERTIFICATION : EN 14404:2004+A1:2010 avec genouill\u00e8res 4027, 4057, 4058 et 4032.<\/p>\n<p>100% Coton, serg\u00e9, 370 g\/m<\/p>","protected":false},"excerpt":{"rendered":"<p>Zwei lose h\u00e4ngende Brusttaschen mit Druckkn\u00f6pfen und Sicherheitsriemen, eine mit Patte und eine mit Stifttasche. Zwei Nageltaschen, die in die vorderen Balgtaschen eingesetzt werden k\u00f6nnen. Beintasche mit Faltenbalg, Patte, Stifttasche, Zusatztasche, Handytasche und Ausweistasche. Mit CORDURA\u00ae verst\u00e4rkte Knie. Hammerhalter, starker Metallreissverschluss und zwei Ges\u00e4sstaschen mit Faltenbalg, ebenfalls CORDURA\u00ae-verst\u00e4rkt. Breite, extra starke Hosentr\u00e4ger mit Schnellverschluss. D-Ring [&hellip;]<\/p>\n","protected":false},"featured_media":584797,"template":"","meta":[],"product_brand":[],"product_cat":[10448],"product_tag":[],"class_list":{"0":"post-584754","1":"product","2":"type-product","3":"status-publish","4":"has-post-thumbnail","6":"product_cat-latzhose","7":"pa_brand-blaklaeder","8":"pa_brand-type-workwear","9":"pa_filter-color-blau","10":"pa_filter-color-schwarz","12":"first","13":"instock","14":"sale","15":"taxable","16":"shipping-taxable","17":"purchasable","18":"product-type-variable","19":"add-to-wishlist-before_image"},"exclude_global_add_ons":[],"addons":[],"acf":[],"_links":{"self":[{"href":"https:\/\/shop.kustom.ch\/fr\/wp-json\/wp\/v2\/product\/584754"}],"collection":[{"href":"https:\/\/shop.kustom.ch\/fr\/wp-json\/wp\/v2\/product"}],"about":[{"href":"https:\/\/shop.kustom.ch\/fr\/wp-json\/wp\/v2\/types\/product"}],"wp:featuredmedia":[{"embeddable":true,"href":"https:\/\/shop.kustom.ch\/fr\/wp-json\/wp\/v2\/media\/584797"}],"wp:attachment":[{"href":"https:\/\/shop.kustom.ch\/fr\/wp-json\/wp\/v2\/media?parent=584754"}],"wp:term":[{"taxonomy":"product_brand","embeddable":true,"href":"https:\/\/shop.kustom.ch\/fr\/wp-json\/wp\/v2\/product_brand?post=584754"},{"taxonomy":"product_cat","embeddable":true,"href":"https:\/\/shop.kustom.ch\/fr\/wp-json\/wp\/v2\/product_cat?post=584754"},{"taxonomy":"product_tag","embeddable":true,"href":"https:\/\/shop.kustom.ch\/fr\/wp-json\/wp\/v2\/product_tag?post=584754"}],"curies":[{"name":"wp","href":"https:\/\/api.w.org\/{rel}","templated":true}]}}